{"id":145,"date":"2019-08-20T06:04:34","date_gmt":"2019-08-20T04:04:34","guid":{"rendered":"https:\/\/wlkskrakus.pl\/?page_id=145"},"modified":"2023-09-05T13:07:36","modified_gmt":"2023-09-05T11:07:36","slug":"o-nas","status":"publish","type":"page","link":"https:\/\/wlkskrakus.pl\/jezdziectwo\/o-nas\/","title":{"rendered":"O nas"},"content":{"rendered":"\t\t<div data-elementor-type=\"wp-post\" data-elementor-id=\"145\" class=\"elementor elementor-145\">\n\t\t\t\t\t\t\t\t\t<section class=\"elementor-section elementor-top-section elementor-element elementor-element-74ba2fac elementor-section-boxed elementor-section-height-default elementor-section-height-default\" data-id=\"74ba2fac\" data-element_type=\"section\" data-settings=\"{&quot;background_background&quot;:&quot;classic&quot;,&quot;shape_divider_bottom&quot;:&quot;triangle&quot;,&quot;shape_divider_bottom_negative&quot;:&quot;yes&quot;}\">\n\t\t\t\t\t\t\t<div class=\"elementor-background-overlay\"><\/div>\n\t\t\t\t\t\t<div class=\"elementor-shape elementor-shape-bottom\" data-negative=\"true\">\n\t\t\t<svg xmlns=\"http:\/\/www.w3.org\/2000\/svg\" viewBox=\"0 0 1000 100\" preserveAspectRatio=\"none\">\n\t<path class=\"elementor-shape-fill\" d=\"M500.2,94.7L0,0v100h1000V0L500.2,94.7z\"\/>\n<\/svg>\t\t<\/div>\n\t\t\t\t\t<div class=\"elementor-container elementor-column-gap-default\">\n\t\t\t\t\t<div class=\"elementor-column elementor-col-100 elementor-top-column elementor-element elementor-element-23262dea\" data-id=\"23262dea\" data-element_type=\"column\">\n\t\t\t<div class=\"elementor-widget-wrap elementor-element-populated\">\n\t\t\t\t\t\t\t\t<div class=\"elementor-element elementor-element-27af6558 elementor-widget elementor-widget-heading\" data-id=\"27af6558\" data-element_type=\"widget\" data-settings=\"{&quot;_animation&quot;:&quot;none&quot;}\" data-widget_type=\"heading.default\">\n\t\t\t\t<div class=\"elementor-widget-container\">\n\t\t\t<style>\/*! elementor - v3.15.0 - 20-08-2023 *\/\n.elementor-heading-title{padding:0;margin:0;line-height:1}.elementor-widget-heading .elementor-heading-title[class*=elementor-size-]>a{color:inherit;font-size:inherit;line-height:inherit}.elementor-widget-heading .elementor-heading-title.elementor-size-small{font-size:15px}.elementor-widget-heading .elementor-heading-title.elementor-size-medium{font-size:19px}.elementor-widget-heading .elementor-heading-title.elementor-size-large{font-size:29px}.elementor-widget-heading .elementor-heading-title.elementor-size-xl{font-size:39px}.elementor-widget-heading .elementor-heading-title.elementor-size-xxl{font-size:59px}<\/style><h1 class=\"elementor-heading-title elementor-size-default\">O nas<\/h1>\t\t<\/div>\n\t\t\t\t<\/div>\n\t\t\t\t\t<\/div>\n\t\t<\/div>\n\t\t\t\t\t\t\t<\/div>\n\t\t<\/section>\n\t\t\t\t<section class=\"elementor-section elementor-top-section elementor-element elementor-element-8dc6205 elementor-reverse-mobile elementor-section-boxed elementor-section-height-default elementor-section-height-default\" data-id=\"8dc6205\" data-element_type=\"section\" data-settings=\"{&quot;background_background&quot;:&quot;classic&quot;}\">\n\t\t\t\t\t\t\t<div class=\"elementor-background-overlay\"><\/div>\n\t\t\t\t\t\t\t<div class=\"elementor-container elementor-column-gap-no\">\n\t\t\t\t\t<div class=\"elementor-column elementor-col-100 elementor-top-column elementor-element elementor-element-0b0aedc\" data-id=\"0b0aedc\" data-element_type=\"column\">\n\t\t\t<div class=\"elementor-widget-wrap elementor-element-populated\">\n\t\t\t\t\t\t\t\t<section class=\"elementor-section elementor-inner-section elementor-element elementor-element-6cad3d1 elementor-reverse-tablet elementor-section-boxed elementor-section-height-default elementor-section-height-default\" data-id=\"6cad3d1\" data-element_type=\"section\">\n\t\t\t\t\t\t<div class=\"elementor-container elementor-column-gap-default\">\n\t\t\t\t\t<div class=\"elementor-column elementor-col-50 elementor-inner-column elementor-element elementor-element-8e8665b\" data-id=\"8e8665b\" data-element_type=\"column\">\n\t\t\t<div class=\"elementor-widget-wrap elementor-element-populated\">\n\t\t\t\t\t\t\t\t<div class=\"elementor-element elementor-element-4b3340f elementor-widget elementor-widget-image\" data-id=\"4b3340f\" data-element_type=\"widget\" data-widget_type=\"image.default\">\n\t\t\t\t<div class=\"elementor-widget-container\">\n\t\t\t<style>\/*! elementor - v3.15.0 - 20-08-2023 *\/\n.elementor-widget-image{text-align:center}.elementor-widget-image a{display:inline-block}.elementor-widget-image a img[src$=\".svg\"]{width:48px}.elementor-widget-image img{vertical-align:middle;display:inline-block}<\/style>\t\t\t\t\t\t\t\t\t\t\t\t<img decoding=\"async\" width=\"1024\" height=\"521\" src=\"https:\/\/wlkskrakus.pl\/jezdziectwo\/wp-content\/uploads\/2023\/05\/horses-3068114_1920-1024x521-1.jpg\" class=\"attachment-large size-large wp-image-2135\" alt=\"horses 3068114 1920 1024x521\" srcset=\"https:\/\/wlkskrakus.pl\/jezdziectwo\/wp-content\/uploads\/2023\/05\/horses-3068114_1920-1024x521-1.jpg 1024w, https:\/\/wlkskrakus.pl\/jezdziectwo\/wp-content\/uploads\/2023\/05\/horses-3068114_1920-1024x521-1-300x153.jpg 300w, https:\/\/wlkskrakus.pl\/jezdziectwo\/wp-content\/uploads\/2023\/05\/horses-3068114_1920-1024x521-1-768x391.jpg 768w\" sizes=\"(max-width: 1024px) 100vw, 1024px\" \/>\t\t\t\t\t\t\t\t\t\t\t\t\t\t\t<\/div>\n\t\t\t\t<\/div>\n\t\t\t\t\t<\/div>\n\t\t<\/div>\n\t\t\t\t<div class=\"elementor-column elementor-col-50 elementor-inner-column elementor-element elementor-element-f5d6f1b\" data-id=\"f5d6f1b\" data-element_type=\"column\">\n\t\t\t<div class=\"elementor-widget-wrap elementor-element-populated\">\n\t\t\t\t\t\t\t\t<div class=\"elementor-element elementor-element-db2f4bf elementor-widget elementor-widget-heading\" data-id=\"db2f4bf\" data-element_type=\"widget\" data-widget_type=\"heading.default\">\n\t\t\t\t<div class=\"elementor-widget-container\">\n\t\t\t<h3 class=\"elementor-heading-title elementor-size-default\">Informacje o sekcji je\u017adzieckiej<\/h3>\t\t<\/div>\n\t\t\t\t<\/div>\n\t\t\t\t<div class=\"elementor-element elementor-element-90971f3 elementor-widget elementor-widget-text-editor\" data-id=\"90971f3\" data-element_type=\"widget\" data-widget_type=\"text-editor.default\">\n\t\t\t\t<div class=\"elementor-widget-container\">\n\t\t\t<style>\/*! elementor - v3.15.0 - 20-08-2023 *\/\n.elementor-widget-text-editor.elementor-drop-cap-view-stacked .elementor-drop-cap{background-color:#69727d;color:#fff}.elementor-widget-text-editor.elementor-drop-cap-view-framed .elementor-drop-cap{color:#69727d;border:3px solid;background-color:transparent}.elementor-widget-text-editor:not(.elementor-drop-cap-view-default) .elementor-drop-cap{margin-top:8px}.elementor-widget-text-editor:not(.elementor-drop-cap-view-default) .elementor-drop-cap-letter{width:1em;height:1em}.elementor-widget-text-editor .elementor-drop-cap{float:left;text-align:center;line-height:1;font-size:50px}.elementor-widget-text-editor .elementor-drop-cap-letter{display:inline-block}<\/style>\t\t\t\t<p>Rok 2023 to wyj\u0105tkowy dla nas rok. Obchodzimy w nim 60 rocznic\u0119 powstania sekcji je\u017adzieckiej.<\/p><p>W dniach 1-3 wrze\u015bnia odb\u0119dzie si\u0119 Memoria\u0142 Prezesa Karola Koziarowskiego, tw\u00f3rcy sekcji je\u017adzieckiej WLKS Krakus i wsp\u00f3\u0142organizatora Klubu, wieloletniego prezesa i dzia\u0142acza naszego Klubu.<br \/>Memoria\u0142owy konkurs Grand Prix odb\u0119dzie si\u0119 3 wrze\u015bnia oko\u0142o godziny 13:00<br \/>Zaplanowali\u015bmy r\u00f3wnie\u017c obchody jubileuszu 60 lecia powo\u0142ania sekcji je\u017adzieckiej.<\/p><p>Serdecznie zapraszamy wszystkich obecnych i by\u0142ych cz\u0142onk\u00f3w i dzia\u0142aczy klubu, sympatyk\u00f3w<br \/>i przedstawicieli lokalnej spo\u0142eczno\u015bci.<\/p>\t\t\t\t\t\t<\/div>\n\t\t\t\t<\/div>\n\t\t\t\t\t<\/div>\n\t\t<\/div>\n\t\t\t\t\t\t\t<\/div>\n\t\t<\/section>\n\t\t\t\t\t<\/div>\n\t\t<\/div>\n\t\t\t\t\t\t\t<\/div>\n\t\t<\/section>\n\t\t\t\t\t\t\t<\/div>\n\t\t","protected":false},"excerpt":{"rendered":"<p>O nas Informacje o sekcji je\u017adzieckiej Rok 2023 to wyj\u0105tkowy dla nas rok. Obchodzimy w nim 60 rocznic\u0119 powstania sekcji je\u017adzieckiej. W dniach 1-3 wrze\u015bnia odb\u0119dzie si\u0119 Memoria\u0142 Prezesa Karola Koziarowskiego, tw\u00f3rcy sekcji je\u017adzieckiej WLKS Krakus i wsp\u00f3\u0142organizatora Klubu, wieloletniego prezesa i dzia\u0142acza naszego Klubu.Memoria\u0142owy konkurs Grand Prix odb\u0119dzie si\u0119 3 wrze\u015bnia oko\u0142o godziny 13:00Zaplanowali\u015bmy &hellip;<\/p>\n<p class=\"read-more\"> <a class=\"\" href=\"https:\/\/wlkskrakus.pl\/jezdziectwo\/o-nas\/\"> <span class=\"screen-reader-text\">O nas<\/span> Read More \u00bb<\/a><\/p>\n","protected":false},"author":2,"featured_media":0,"parent":0,"menu_order":0,"comment_status":"closed","ping_status":"closed","template":"","meta":{"site-sidebar-layout":"no-sidebar","site-content-layout":"page-builder","ast-global-header-display":"","ast-main-header-display":"","ast-hfb-above-header-display":"","ast-hfb-below-header-display":"","ast-hfb-mobile-header-display":"","site-post-title":"disabled","ast-breadcrumbs-content":"","ast-featured-img":"disabled","footer-sml-layout":"","theme-transparent-header-meta":"default","adv-header-id-meta":"","stick-header-meta":"","header-above-stick-meta":"","header-main-stick-meta":"","header-below-stick-meta":"","footnotes":""},"class_list":["post-145","page","type-page","status-publish","hentry"],"yoast_head":"<!-- This site is optimized with the Yoast SEO plugin v21.1 - https:\/\/yoast.com\/wordpress\/plugins\/seo\/ -->\n<title>O nas - WLKS KRAKUS SWOSZOWICE<\/title>\n<meta name=\"robots\" content=\"index, follow, max-snippet:-1, max-image-preview:large, max-video-preview:-1\" \/>\n<link rel=\"canonical\" href=\"https:\/\/wlkskrakus.pl\/jezdziectwo\/o-nas\/\" \/>\n<meta property=\"og:locale\" content=\"pl_PL\" \/>\n<meta property=\"og:type\" content=\"article\" \/>\n<meta property=\"og:title\" content=\"O nas - WLKS KRAKUS SWOSZOWICE\" \/>\n<meta property=\"og:description\" content=\"O nas Informacje o sekcji je\u017adzieckiej Rok 2023 to wyj\u0105tkowy dla nas rok. Obchodzimy w nim 60 rocznic\u0119 powstania sekcji je\u017adzieckiej. W dniach 1-3 wrze\u015bnia odb\u0119dzie si\u0119 Memoria\u0142 Prezesa Karola Koziarowskiego, tw\u00f3rcy sekcji je\u017adzieckiej WLKS Krakus i wsp\u00f3\u0142organizatora Klubu, wieloletniego prezesa i dzia\u0142acza naszego Klubu.Memoria\u0142owy konkurs Grand Prix odb\u0119dzie si\u0119 3 wrze\u015bnia oko\u0142o godziny 13:00Zaplanowali\u015bmy &hellip; O nas Read More \u00bb\" \/>\n<meta property=\"og:url\" content=\"https:\/\/wlkskrakus.pl\/jezdziectwo\/o-nas\/\" \/>\n<meta property=\"og:site_name\" content=\"WLKS KRAKUS SWOSZOWICE\" \/>\n<meta property=\"article:modified_time\" content=\"2023-09-05T11:07:36+00:00\" \/>\n<meta property=\"og:image\" content=\"https:\/\/wlkskrakus.pl\/jezdziectwo\/wp-content\/uploads\/2023\/05\/horses-3068114_1920-1024x521-1.jpg\" \/>\n<meta name=\"twitter:card\" content=\"summary_large_image\" \/>\n<meta name=\"twitter:label1\" content=\"Szacowany czas czytania\" \/>\n\t<meta name=\"twitter:data1\" content=\"1 minuta\" \/>\n<script type=\"application\/ld+json\" class=\"yoast-schema-graph\">{\"@context\":\"https:\/\/schema.org\",\"@graph\":[{\"@type\":\"WebPage\",\"@id\":\"https:\/\/wlkskrakus.pl\/jezdziectwo\/o-nas\/\",\"url\":\"https:\/\/wlkskrakus.pl\/jezdziectwo\/o-nas\/\",\"name\":\"O nas - WLKS KRAKUS SWOSZOWICE\",\"isPartOf\":{\"@id\":\"https:\/\/wlkskrakus.pl\/jezdziectwo\/#website\"},\"datePublished\":\"2019-08-20T04:04:34+00:00\",\"dateModified\":\"2023-09-05T11:07:36+00:00\",\"breadcrumb\":{\"@id\":\"https:\/\/wlkskrakus.pl\/jezdziectwo\/o-nas\/#breadcrumb\"},\"inLanguage\":\"pl-PL\",\"potentialAction\":[{\"@type\":\"ReadAction\",\"target\":[\"https:\/\/wlkskrakus.pl\/jezdziectwo\/o-nas\/\"]}]},{\"@type\":\"BreadcrumbList\",\"@id\":\"https:\/\/wlkskrakus.pl\/jezdziectwo\/o-nas\/#breadcrumb\",\"itemListElement\":[{\"@type\":\"ListItem\",\"position\":1,\"name\":\"Strona g\u0142\u00f3wna\",\"item\":\"https:\/\/wlkskrakus.pl\/jezdziectwo\/\"},{\"@type\":\"ListItem\",\"position\":2,\"name\":\"O nas\"}]},{\"@type\":\"WebSite\",\"@id\":\"https:\/\/wlkskrakus.pl\/jezdziectwo\/#website\",\"url\":\"https:\/\/wlkskrakus.pl\/jezdziectwo\/\",\"name\":\"WLKS KRAKUS SWOSZOWICE\",\"description\":\"SEKCJA JE\u0179DZIECKA\",\"publisher\":{\"@id\":\"https:\/\/wlkskrakus.pl\/jezdziectwo\/#organization\"},\"potentialAction\":[{\"@type\":\"SearchAction\",\"target\":{\"@type\":\"EntryPoint\",\"urlTemplate\":\"https:\/\/wlkskrakus.pl\/jezdziectwo\/?s={search_term_string}\"},\"query-input\":\"required name=search_term_string\"}],\"inLanguage\":\"pl-PL\"},{\"@type\":\"Organization\",\"@id\":\"https:\/\/wlkskrakus.pl\/jezdziectwo\/#organization\",\"name\":\"WLKS KRAKUS SWOSZOWICE\",\"url\":\"https:\/\/wlkskrakus.pl\/jezdziectwo\/\",\"logo\":{\"@type\":\"ImageObject\",\"inLanguage\":\"pl-PL\",\"@id\":\"https:\/\/wlkskrakus.pl\/jezdziectwo\/#\/schema\/logo\/image\/\",\"url\":\"https:\/\/wlkskrakus.pl\/jezdziectwo\/wp-content\/uploads\/2023\/03\/cropped-logo.png\",\"contentUrl\":\"https:\/\/wlkskrakus.pl\/jezdziectwo\/wp-content\/uploads\/2023\/03\/cropped-logo.png\",\"width\":512,\"height\":512,\"caption\":\"WLKS KRAKUS SWOSZOWICE\"},\"image\":{\"@id\":\"https:\/\/wlkskrakus.pl\/jezdziectwo\/#\/schema\/logo\/image\/\"}}]}<\/script>\n<!-- \/ Yoast SEO plugin. -->","yoast_head_json":{"title":"O nas - WLKS KRAKUS SWOSZOWICE","robots":{"index":"index","follow":"follow","max-snippet":"max-snippet:-1","max-image-preview":"max-image-preview:large","max-video-preview":"max-video-preview:-1"},"canonical":"https:\/\/wlkskrakus.pl\/jezdziectwo\/o-nas\/","og_locale":"pl_PL","og_type":"article","og_title":"O nas - WLKS KRAKUS SWOSZOWICE","og_description":"O nas Informacje o sekcji je\u017adzieckiej Rok 2023 to wyj\u0105tkowy dla nas rok. Obchodzimy w nim 60 rocznic\u0119 powstania sekcji je\u017adzieckiej. W dniach 1-3 wrze\u015bnia odb\u0119dzie si\u0119 Memoria\u0142 Prezesa Karola Koziarowskiego, tw\u00f3rcy sekcji je\u017adzieckiej WLKS Krakus i wsp\u00f3\u0142organizatora Klubu, wieloletniego prezesa i dzia\u0142acza naszego Klubu.Memoria\u0142owy konkurs Grand Prix odb\u0119dzie si\u0119 3 wrze\u015bnia oko\u0142o godziny 13:00Zaplanowali\u015bmy &hellip; O nas Read More \u00bb","og_url":"https:\/\/wlkskrakus.pl\/jezdziectwo\/o-nas\/","og_site_name":"WLKS KRAKUS SWOSZOWICE","article_modified_time":"2023-09-05T11:07:36+00:00","og_image":[{"url":"https:\/\/wlkskrakus.pl\/jezdziectwo\/wp-content\/uploads\/2023\/05\/horses-3068114_1920-1024x521-1.jpg"}],"twitter_card":"summary_large_image","twitter_misc":{"Szacowany czas czytania":"1 minuta"},"schema":{"@context":"https:\/\/schema.org","@graph":[{"@type":"WebPage","@id":"https:\/\/wlkskrakus.pl\/jezdziectwo\/o-nas\/","url":"https:\/\/wlkskrakus.pl\/jezdziectwo\/o-nas\/","name":"O nas - WLKS KRAKUS SWOSZOWICE","isPartOf":{"@id":"https:\/\/wlkskrakus.pl\/jezdziectwo\/#website"},"datePublished":"2019-08-20T04:04:34+00:00","dateModified":"2023-09-05T11:07:36+00:00","breadcrumb":{"@id":"https:\/\/wlkskrakus.pl\/jezdziectwo\/o-nas\/#breadcrumb"},"inLanguage":"pl-PL","potentialAction":[{"@type":"ReadAction","target":["https:\/\/wlkskrakus.pl\/jezdziectwo\/o-nas\/"]}]},{"@type":"BreadcrumbList","@id":"https:\/\/wlkskrakus.pl\/jezdziectwo\/o-nas\/#breadcrumb","itemListElement":[{"@type":"ListItem","position":1,"name":"Strona g\u0142\u00f3wna","item":"https:\/\/wlkskrakus.pl\/jezdziectwo\/"},{"@type":"ListItem","position":2,"name":"O nas"}]},{"@type":"WebSite","@id":"https:\/\/wlkskrakus.pl\/jezdziectwo\/#website","url":"https:\/\/wlkskrakus.pl\/jezdziectwo\/","name":"WLKS KRAKUS SWOSZOWICE","description":"SEKCJA JE\u0179DZIECKA","publisher":{"@id":"https:\/\/wlkskrakus.pl\/jezdziectwo\/#organization"},"potentialAction":[{"@type":"SearchAction","target":{"@type":"EntryPoint","urlTemplate":"https:\/\/wlkskrakus.pl\/jezdziectwo\/?s={search_term_string}"},"query-input":"required name=search_term_string"}],"inLanguage":"pl-PL"},{"@type":"Organization","@id":"https:\/\/wlkskrakus.pl\/jezdziectwo\/#organization","name":"WLKS KRAKUS SWOSZOWICE","url":"https:\/\/wlkskrakus.pl\/jezdziectwo\/","logo":{"@type":"ImageObject","inLanguage":"pl-PL","@id":"https:\/\/wlkskrakus.pl\/jezdziectwo\/#\/schema\/logo\/image\/","url":"https:\/\/wlkskrakus.pl\/jezdziectwo\/wp-content\/uploads\/2023\/03\/cropped-logo.png","contentUrl":"https:\/\/wlkskrakus.pl\/jezdziectwo\/wp-content\/uploads\/2023\/03\/cropped-logo.png","width":512,"height":512,"caption":"WLKS KRAKUS SWOSZOWICE"},"image":{"@id":"https:\/\/wlkskrakus.pl\/jezdziectwo\/#\/schema\/logo\/image\/"}}]}},"_links":{"self":[{"href":"https:\/\/wlkskrakus.pl\/jezdziectwo\/wp-json\/wp\/v2\/pages\/145","targetHints":{"allow":["GET"]}}],"collection":[{"href":"https:\/\/wlkskrakus.pl\/jezdziectwo\/wp-json\/wp\/v2\/pages"}],"about":[{"href":"https:\/\/wlkskrakus.pl\/jezdziectwo\/wp-json\/wp\/v2\/types\/page"}],"author":[{"embeddable":true,"href":"https:\/\/wlkskrakus.pl\/jezdziectwo\/wp-json\/wp\/v2\/users\/2"}],"replies":[{"embeddable":true,"href":"https:\/\/wlkskrakus.pl\/jezdziectwo\/wp-json\/wp\/v2\/comments?post=145"}],"version-history":[{"count":3,"href":"https:\/\/wlkskrakus.pl\/jezdziectwo\/wp-json\/wp\/v2\/pages\/145\/revisions"}],"predecessor-version":[{"id":2522,"href":"https:\/\/wlkskrakus.pl\/jezdziectwo\/wp-json\/wp\/v2\/pages\/145\/revisions\/2522"}],"wp:attachment":[{"href":"https:\/\/wlkskrakus.pl\/jezdziectwo\/wp-json\/wp\/v2\/media?parent=145"}],"curies":[{"name":"wp","href":"https:\/\/api.w.org\/{rel}","templated":true}]}}