{"id":1738,"date":"2023-03-16T15:28:38","date_gmt":"2023-03-16T14:28:38","guid":{"rendered":"https:\/\/wlkskrakus.pl\/?page_id=1738"},"modified":"2023-05-23T10:13:46","modified_gmt":"2023-05-23T08:13:46","slug":"rekreacja","status":"publish","type":"page","link":"https:\/\/wlkskrakus.pl\/jezdziectwo\/rekreacja\/","title":{"rendered":"Rekreacja"},"content":{"rendered":"\t\t<div data-elementor-type=\"wp-post\" data-elementor-id=\"1738\" class=\"elementor elementor-1738\">\n\t\t\t\t\t\t\t\t\t<section class=\"elementor-section elementor-top-section elementor-element elementor-element-74ba2fac elementor-section-boxed elementor-section-height-default elementor-section-height-default\" data-id=\"74ba2fac\" data-element_type=\"section\" data-settings=\"{&quot;background_background&quot;:&quot;classic&quot;,&quot;shape_divider_bottom&quot;:&quot;triangle&quot;,&quot;shape_divider_bottom_negative&quot;:&quot;yes&quot;}\">\n\t\t\t\t\t\t\t<div class=\"elementor-background-overlay\"><\/div>\n\t\t\t\t\t\t<div class=\"elementor-shape elementor-shape-bottom\" data-negative=\"true\">\n\t\t\t<svg xmlns=\"http:\/\/www.w3.org\/2000\/svg\" viewBox=\"0 0 1000 100\" preserveAspectRatio=\"none\">\n\t<path class=\"elementor-shape-fill\" d=\"M500.2,94.7L0,0v100h1000V0L500.2,94.7z\"\/>\n<\/svg>\t\t<\/div>\n\t\t\t\t\t<div class=\"elementor-container elementor-column-gap-default\">\n\t\t\t\t\t<div class=\"elementor-column elementor-col-100 elementor-top-column elementor-element elementor-element-23262dea\" data-id=\"23262dea\" data-element_type=\"column\">\n\t\t\t<div class=\"elementor-widget-wrap elementor-element-populated\">\n\t\t\t\t\t\t\t\t<div class=\"elementor-element elementor-element-27af6558 elementor-widget elementor-widget-heading\" data-id=\"27af6558\" data-element_type=\"widget\" data-settings=\"{&quot;_animation&quot;:&quot;none&quot;}\" data-widget_type=\"heading.default\">\n\t\t\t\t<div class=\"elementor-widget-container\">\n\t\t\t<style>\/*! elementor - v3.15.0 - 20-08-2023 *\/\n.elementor-heading-title{padding:0;margin:0;line-height:1}.elementor-widget-heading .elementor-heading-title[class*=elementor-size-]>a{color:inherit;font-size:inherit;line-height:inherit}.elementor-widget-heading .elementor-heading-title.elementor-size-small{font-size:15px}.elementor-widget-heading .elementor-heading-title.elementor-size-medium{font-size:19px}.elementor-widget-heading .elementor-heading-title.elementor-size-large{font-size:29px}.elementor-widget-heading .elementor-heading-title.elementor-size-xl{font-size:39px}.elementor-widget-heading .elementor-heading-title.elementor-size-xxl{font-size:59px}<\/style><h1 class=\"elementor-heading-title elementor-size-default\">Rekreacja\n<\/h1>\t\t<\/div>\n\t\t\t\t<\/div>\n\t\t\t\t\t<\/div>\n\t\t<\/div>\n\t\t\t\t\t\t\t<\/div>\n\t\t<\/section>\n\t\t\t\t<section class=\"elementor-section elementor-top-section elementor-element elementor-element-8dc6205 elementor-reverse-mobile elementor-section-boxed elementor-section-height-default elementor-section-height-default\" data-id=\"8dc6205\" data-element_type=\"section\" data-settings=\"{&quot;background_background&quot;:&quot;classic&quot;}\">\n\t\t\t\t\t\t\t<div class=\"elementor-background-overlay\"><\/div>\n\t\t\t\t\t\t\t<div class=\"elementor-container elementor-column-gap-no\">\n\t\t\t\t\t<div class=\"elementor-column elementor-col-100 elementor-top-column elementor-element elementor-element-0b0aedc\" data-id=\"0b0aedc\" data-element_type=\"column\">\n\t\t\t<div class=\"elementor-widget-wrap elementor-element-populated\">\n\t\t\t\t\t\t\t\t<section class=\"elementor-section elementor-inner-section elementor-element elementor-element-6cad3d1 elementor-reverse-tablet elementor-section-boxed elementor-section-height-default elementor-section-height-default\" data-id=\"6cad3d1\" data-element_type=\"section\">\n\t\t\t\t\t\t<div class=\"elementor-container elementor-column-gap-default\">\n\t\t\t\t\t<div class=\"elementor-column elementor-col-50 elementor-inner-column elementor-element elementor-element-8e8665b\" data-id=\"8e8665b\" data-element_type=\"column\">\n\t\t\t<div class=\"elementor-widget-wrap elementor-element-populated\">\n\t\t\t\t\t\t\t\t<div class=\"elementor-element elementor-element-4b3340f elementor-widget elementor-widget-image\" data-id=\"4b3340f\" data-element_type=\"widget\" data-widget_type=\"image.default\">\n\t\t\t\t<div class=\"elementor-widget-container\">\n\t\t\t<style>\/*! elementor - v3.15.0 - 20-08-2023 *\/\n.elementor-widget-image{text-align:center}.elementor-widget-image a{display:inline-block}.elementor-widget-image a img[src$=\".svg\"]{width:48px}.elementor-widget-image img{vertical-align:middle;display:inline-block}<\/style>\t\t\t\t\t\t\t\t\t\t\t\t<img decoding=\"async\" width=\"780\" height=\"780\" src=\"https:\/\/wlkskrakus.pl\/jezdziectwo\/wp-content\/uploads\/2023\/05\/rekreacja-4.jpg\" class=\"attachment-large size-large wp-image-2206\" alt=\"rekreacja 4\" srcset=\"https:\/\/wlkskrakus.pl\/jezdziectwo\/wp-content\/uploads\/2023\/05\/rekreacja-4.jpg 780w, https:\/\/wlkskrakus.pl\/jezdziectwo\/wp-content\/uploads\/2023\/05\/rekreacja-4-300x300.jpg 300w, https:\/\/wlkskrakus.pl\/jezdziectwo\/wp-content\/uploads\/2023\/05\/rekreacja-4-150x150.jpg 150w, https:\/\/wlkskrakus.pl\/jezdziectwo\/wp-content\/uploads\/2023\/05\/rekreacja-4-768x768.jpg 768w\" sizes=\"(max-width: 780px) 100vw, 780px\" \/>\t\t\t\t\t\t\t\t\t\t\t\t\t\t\t<\/div>\n\t\t\t\t<\/div>\n\t\t\t\t\t<\/div>\n\t\t<\/div>\n\t\t\t\t<div class=\"elementor-column elementor-col-50 elementor-inner-column elementor-element elementor-element-f5d6f1b\" data-id=\"f5d6f1b\" data-element_type=\"column\">\n\t\t\t<div class=\"elementor-widget-wrap elementor-element-populated\">\n\t\t\t\t\t\t\t\t<div class=\"elementor-element elementor-element-db2f4bf elementor-widget elementor-widget-heading\" data-id=\"db2f4bf\" data-element_type=\"widget\" data-widget_type=\"heading.default\">\n\t\t\t\t<div class=\"elementor-widget-container\">\n\t\t\t<h3 class=\"elementor-heading-title elementor-size-default\">Oferta jazdy rekreacyjnej<\/h3>\t\t<\/div>\n\t\t\t\t<\/div>\n\t\t\t\t<div class=\"elementor-element elementor-element-90971f3 elementor-widget elementor-widget-text-editor\" data-id=\"90971f3\" data-element_type=\"widget\" data-widget_type=\"text-editor.default\">\n\t\t\t\t<div class=\"elementor-widget-container\">\n\t\t\t<style>\/*! elementor - v3.15.0 - 20-08-2023 *\/\n.elementor-widget-text-editor.elementor-drop-cap-view-stacked .elementor-drop-cap{background-color:#69727d;color:#fff}.elementor-widget-text-editor.elementor-drop-cap-view-framed .elementor-drop-cap{color:#69727d;border:3px solid;background-color:transparent}.elementor-widget-text-editor:not(.elementor-drop-cap-view-default) .elementor-drop-cap{margin-top:8px}.elementor-widget-text-editor:not(.elementor-drop-cap-view-default) .elementor-drop-cap-letter{width:1em;height:1em}.elementor-widget-text-editor .elementor-drop-cap{float:left;text-align:center;line-height:1;font-size:50px}.elementor-widget-text-editor .elementor-drop-cap-letter{display:inline-block}<\/style>\t\t\t\t<p class=\"Textbody\">Wszystkich ch\u0119tnych do rozpocz\u0119cia jak i kontynuowania\u00a0swojej przygody z je\u017adziectwem zapraszamy na jazdy rekreacyjne prowadzone przez instruktora\u00a0<strong>Karolin\u0119 D\u0119bowsk\u0105 -W\u00f3jcik<\/strong>\u00a0(by\u0142a zawodniczka konkurencji skok\u00f3w i uje\u017cd\u017cenia WLKS Krakus Swoszowice)<\/p><p class=\"Textbody\">Aktualnie do nauki i doskonalenia jazdy konnej posiadamy pi\u0119\u0107 spokojnych koni<\/p><ul><li class=\"Textbody\">zaj\u0119cia odbywaj\u0105 si\u0119 na du\u017cym bezpiecznym i ogrodzonym placu<\/li><li class=\"Textbody\">w okresie wiosenno-letnim od pon-pt od\u00a0godz.16-tej, soboty od godz.15-tej<\/li><li class=\"Textbody\">w okresie zimowym na hali<\/li><\/ul>\t\t\t\t\t\t<\/div>\n\t\t\t\t<\/div>\n\t\t\t\t\t<\/div>\n\t\t<\/div>\n\t\t\t\t\t\t\t<\/div>\n\t\t<\/section>\n\t\t\t\t\t<\/div>\n\t\t<\/div>\n\t\t\t\t\t\t\t<\/div>\n\t\t<\/section>\n\t\t\t\t<section class=\"elementor-section elementor-top-section elementor-element elementor-element-ce78dae elementor-section-full_width elementor-section-height-default elementor-section-height-default\" data-id=\"ce78dae\" data-element_type=\"section\" data-settings=\"{&quot;background_background&quot;:&quot;classic&quot;}\">\n\t\t\t\t\t\t\t<div class=\"elementor-background-overlay\"><\/div>\n\t\t\t\t\t\t\t<div class=\"elementor-container elementor-column-gap-default\">\n\t\t\t\t\t<div class=\"elementor-column elementor-col-100 elementor-top-column elementor-element elementor-element-36ad1152\" data-id=\"36ad1152\" data-element_type=\"column\">\n\t\t\t<div class=\"elementor-widget-wrap elementor-element-populated\">\n\t\t\t\t\t\t\t\t<section class=\"elementor-section elementor-inner-section elementor-element elementor-element-650f6a7b elementor-reverse-tablet elementor-reverse-mobile elementor-section-boxed elementor-section-height-default elementor-section-height-default\" data-id=\"650f6a7b\" data-element_type=\"section\">\n\t\t\t\t\t\t<div class=\"elementor-container elementor-column-gap-default\">\n\t\t\t\t\t<div class=\"elementor-column elementor-col-50 elementor-inner-column elementor-element elementor-element-74d6bc01\" data-id=\"74d6bc01\" data-element_type=\"column\">\n\t\t\t<div class=\"elementor-widget-wrap elementor-element-populated\">\n\t\t\t\t\t\t\t\t<div class=\"elementor-element elementor-element-41a0804f elementor-widget elementor-widget-heading\" data-id=\"41a0804f\" data-element_type=\"widget\" data-widget_type=\"heading.default\">\n\t\t\t\t<div class=\"elementor-widget-container\">\n\t\t\t<h3 class=\"elementor-heading-title elementor-size-default\">Oferujemy<\/h3>\t\t<\/div>\n\t\t\t\t<\/div>\n\t\t\t\t<div class=\"elementor-element elementor-element-24e681bc elementor-widget elementor-widget-text-editor\" data-id=\"24e681bc\" data-element_type=\"widget\" data-widget_type=\"text-editor.default\">\n\t\t\t\t<div class=\"elementor-widget-container\">\n\t\t\t\t\t\t\t<p class=\"Textbody\">nauk\u0119 jazdy konnej od podstaw(zaj\u0119cia prowadzone s\u0105 na lon\u017cy)<\/p>\n \t<p class=\"Textbody\">jazdy w grupie<\/p>\n \t<p class=\"Textbody\">grupy pocz\u0105tkuj\u0105ce<\/p>\n \t<p class=\"Textbody\">grupy \u015brednio i zaawansowane<\/p>\n \t<p class=\"Textbody\">nauka skok\u00f3w przez przeszkody i element\u00f3w uje\u017cd\u017cenia<\/p>\n \t<p class=\"Textbody\">przygotowanie do grup sportowych<\/p>\n \t<p class=\"Textbody\">wewn\u0119trzne zawody rekreacyjne<\/p>\n \t<p class=\"Textbody\">jazdy indywidualne<\/p>\t\t\t\t\t\t<\/div>\n\t\t\t\t<\/div>\n\t\t\t\t\t<\/div>\n\t\t<\/div>\n\t\t\t\t<div class=\"elementor-column elementor-col-50 elementor-inner-column elementor-element elementor-element-7a723c65\" data-id=\"7a723c65\" data-element_type=\"column\">\n\t\t\t<div class=\"elementor-widget-wrap elementor-element-populated\">\n\t\t\t\t\t\t\t\t<div class=\"elementor-element elementor-element-59ecc3ae elementor-widget elementor-widget-image\" data-id=\"59ecc3ae\" data-element_type=\"widget\" data-widget_type=\"image.default\">\n\t\t\t\t<div class=\"elementor-widget-container\">\n\t\t\t\t\t\t\t\t\t\t\t\t\t\t\t<img decoding=\"async\" src=\"https:\/\/wlkskrakus.pl\/jezdziectwo\/wp-content\/uploads\/2023\/05\/rekreacja-1.jpg\" title=\"\" alt=\"rekreacja 1\" loading=\"lazy\" \/>\t\t\t\t\t\t\t\t\t\t\t\t\t\t\t<\/div>\n\t\t\t\t<\/div>\n\t\t\t\t\t<\/div>\n\t\t<\/div>\n\t\t\t\t\t\t\t<\/div>\n\t\t<\/section>\n\t\t\t\t\t<\/div>\n\t\t<\/div>\n\t\t\t\t\t\t\t<\/div>\n\t\t<\/section>\n\t\t\t\t<section class=\"elementor-section elementor-top-section elementor-element elementor-element-03eebbb elementor-section-boxed elementor-section-height-default elementor-section-height-default\" data-id=\"03eebbb\" data-element_type=\"section\" data-settings=\"{&quot;background_background&quot;:&quot;classic&quot;}\">\n\t\t\t\t\t\t\t<div class=\"elementor-background-overlay\"><\/div>\n\t\t\t\t\t\t\t<div class=\"elementor-container elementor-column-gap-no\">\n\t\t\t\t\t<div class=\"elementor-column elementor-col-100 elementor-top-column elementor-element elementor-element-854fe08\" data-id=\"854fe08\" data-element_type=\"column\">\n\t\t\t<div class=\"elementor-widget-wrap elementor-element-populated\">\n\t\t\t\t\t\t\t\t<section class=\"elementor-section elementor-inner-section elementor-element elementor-element-8e8d2a1 elementor-reverse-tablet elementor-section-boxed elementor-section-height-default elementor-section-height-default\" data-id=\"8e8d2a1\" data-element_type=\"section\">\n\t\t\t\t\t\t<div class=\"elementor-container elementor-column-gap-default\">\n\t\t\t\t\t<div class=\"elementor-column elementor-col-50 elementor-inner-column elementor-element elementor-element-9cf0a92\" data-id=\"9cf0a92\" data-element_type=\"column\">\n\t\t\t<div class=\"elementor-widget-wrap elementor-element-populated\">\n\t\t\t\t\t\t\t\t<div class=\"elementor-element elementor-element-fdcaea5 elementor-widget elementor-widget-image\" data-id=\"fdcaea5\" data-element_type=\"widget\" data-widget_type=\"image.default\">\n\t\t\t\t<div class=\"elementor-widget-container\">\n\t\t\t\t\t\t\t\t\t\t\t\t\t\t\t<img decoding=\"async\" width=\"780\" height=\"780\" src=\"https:\/\/wlkskrakus.pl\/jezdziectwo\/wp-content\/uploads\/2023\/05\/rekreacja-5.jpg\" class=\"attachment-large size-large wp-image-2205\" alt=\"rekreacja 5\" srcset=\"https:\/\/wlkskrakus.pl\/jezdziectwo\/wp-content\/uploads\/2023\/05\/rekreacja-5.jpg 780w, https:\/\/wlkskrakus.pl\/jezdziectwo\/wp-content\/uploads\/2023\/05\/rekreacja-5-300x300.jpg 300w, https:\/\/wlkskrakus.pl\/jezdziectwo\/wp-content\/uploads\/2023\/05\/rekreacja-5-150x150.jpg 150w, https:\/\/wlkskrakus.pl\/jezdziectwo\/wp-content\/uploads\/2023\/05\/rekreacja-5-768x768.jpg 768w\" sizes=\"(max-width: 780px) 100vw, 780px\" \/>\t\t\t\t\t\t\t\t\t\t\t\t\t\t\t<\/div>\n\t\t\t\t<\/div>\n\t\t\t\t\t<\/div>\n\t\t<\/div>\n\t\t\t\t<div class=\"elementor-column elementor-col-50 elementor-inner-column elementor-element elementor-element-7e705f3\" data-id=\"7e705f3\" data-element_type=\"column\">\n\t\t\t<div class=\"elementor-widget-wrap elementor-element-populated\">\n\t\t\t\t\t\t\t\t<div class=\"elementor-element elementor-element-f26ce5e elementor-widget elementor-widget-heading\" data-id=\"f26ce5e\" data-element_type=\"widget\" data-widget_type=\"heading.default\">\n\t\t\t\t<div class=\"elementor-widget-container\">\n\t\t\t<h3 class=\"elementor-heading-title elementor-size-default\">Cennik<\/h3>\t\t<\/div>\n\t\t\t\t<\/div>\n\t\t\t\t<div class=\"elementor-element elementor-element-996e662 elementor-widget elementor-widget-text-editor\" data-id=\"996e662\" data-element_type=\"widget\" data-widget_type=\"text-editor.default\">\n\t\t\t\t<div class=\"elementor-widget-container\">\n\t\t\t\t\t\t\t<ul><li class=\"Textbody\">jazda na lon\u017cy\u00a0\u00a0\u00a0\u00a0\u00a0\u00a0\u00a0\u00a0 \u2013 120z\u0142\/30 min<\/li><li class=\"Textbody\">jazda w grupie\u00a0\u00a0\u00a0\u00a0\u00a0\u00a0 \u00a0 \u2013 80z\u0142\/50 min<\/li><li class=\"Textbody\">jazda indywidualna\u00a0 \u2013 130z\u0142\/45-50 min<\/li><li>oprowadzanie dla najm\u0142odszych -30z\u0142\/10min; 50z\u0142\/20min<\/li><\/ul><p class=\"Textbody\"><strong>Serdecznie zapraszamy<\/strong><em><strong><img decoding=\"async\" class=\"emoji\" role=\"img\" draggable=\"false\" src=\"https:\/\/s.w.org\/images\/core\/emoji\/14.0.0\/svg\/1f642.svg\" alt=\"\ud83d\ude42\" \/><\/strong><\/em><\/p><p class=\"Textbody\">Wszelkich informacji udziela koordynator i instruktor jazdy konnej Karolina D\u0119bowska-W\u00f3jcik<\/p><p class=\"Textbody\">Tel.\u00a0<strong>501-315-813 preferowany kontakt sms<\/strong><\/p>\t\t\t\t\t\t<\/div>\n\t\t\t\t<\/div>\n\t\t\t\t\t<\/div>\n\t\t<\/div>\n\t\t\t\t\t\t\t<\/div>\n\t\t<\/section>\n\t\t\t\t\t<\/div>\n\t\t<\/div>\n\t\t\t\t\t\t\t<\/div>\n\t\t<\/section>\n\t\t\t\t\t\t\t<\/div>\n\t\t","protected":false},"excerpt":{"rendered":"<p>Rekreacja Oferta jazdy rekreacyjnej Wszystkich ch\u0119tnych do rozpocz\u0119cia jak i kontynuowania\u00a0swojej przygody z je\u017adziectwem zapraszamy na jazdy rekreacyjne prowadzone przez instruktora\u00a0Karolin\u0119 D\u0119bowsk\u0105 -W\u00f3jcik\u00a0(by\u0142a zawodniczka konkurencji skok\u00f3w i uje\u017cd\u017cenia WLKS Krakus Swoszowice) Aktualnie do nauki i doskonalenia jazdy konnej posiadamy pi\u0119\u0107 spokojnych koni zaj\u0119cia odbywaj\u0105 si\u0119 na du\u017cym bezpiecznym i ogrodzonym placu w okresie wiosenno-letnim od &hellip;<\/p>\n<p class=\"read-more\"> <a class=\"\" href=\"https:\/\/wlkskrakus.pl\/jezdziectwo\/rekreacja\/\"> <span class=\"screen-reader-text\">Rekreacja<\/span> Read More \u00bb<\/a><\/p>\n","protected":false},"author":2,"featured_media":0,"parent":0,"menu_order":0,"comment_status":"closed","ping_status":"closed","template":"","meta":{"site-sidebar-layout":"no-sidebar","site-content-layout":"page-builder","ast-global-header-display":"","ast-main-header-display":"","ast-hfb-above-header-display":"","ast-hfb-below-header-display":"","ast-hfb-mobile-header-display":"","site-post-title":"disabled","ast-breadcrumbs-content":"","ast-featured-img":"disabled","footer-sml-layout":"","theme-transparent-header-meta":"default","adv-header-id-meta":"","stick-header-meta":"","header-above-stick-meta":"","header-main-stick-meta":"","header-below-stick-meta":"","footnotes":""},"class_list":["post-1738","page","type-page","status-publish","hentry"],"yoast_head":"<!-- This site is optimized with the Yoast SEO plugin v21.1 - https:\/\/yoast.com\/wordpress\/plugins\/seo\/ -->\n<title>Rekreacja - WLKS KRAKUS SWOSZOWICE<\/title>\n<meta name=\"robots\" content=\"index, follow, max-snippet:-1, max-image-preview:large, max-video-preview:-1\" \/>\n<link rel=\"canonical\" href=\"https:\/\/wlkskrakus.pl\/jezdziectwo\/rekreacja\/\" \/>\n<meta property=\"og:locale\" content=\"pl_PL\" \/>\n<meta property=\"og:type\" content=\"article\" \/>\n<meta property=\"og:title\" content=\"Rekreacja - WLKS KRAKUS SWOSZOWICE\" \/>\n<meta property=\"og:description\" content=\"Rekreacja Oferta jazdy rekreacyjnej Wszystkich ch\u0119tnych do rozpocz\u0119cia jak i kontynuowania\u00a0swojej przygody z je\u017adziectwem zapraszamy na jazdy rekreacyjne prowadzone przez instruktora\u00a0Karolin\u0119 D\u0119bowsk\u0105 -W\u00f3jcik\u00a0(by\u0142a zawodniczka konkurencji skok\u00f3w i uje\u017cd\u017cenia WLKS Krakus Swoszowice) Aktualnie do nauki i doskonalenia jazdy konnej posiadamy pi\u0119\u0107 spokojnych koni zaj\u0119cia odbywaj\u0105 si\u0119 na du\u017cym bezpiecznym i ogrodzonym placu w okresie wiosenno-letnim od &hellip; Rekreacja Read More \u00bb\" \/>\n<meta property=\"og:url\" content=\"https:\/\/wlkskrakus.pl\/jezdziectwo\/rekreacja\/\" \/>\n<meta property=\"og:site_name\" content=\"WLKS KRAKUS SWOSZOWICE\" \/>\n<meta property=\"article:modified_time\" content=\"2023-05-23T08:13:46+00:00\" \/>\n<meta property=\"og:image\" content=\"https:\/\/wlkskrakus.pl\/jezdziectwo\/wp-content\/uploads\/2023\/05\/rekreacja-4.jpg\" \/>\n<meta name=\"twitter:card\" content=\"summary_large_image\" \/>\n<meta name=\"twitter:label1\" content=\"Szacowany czas czytania\" \/>\n\t<meta name=\"twitter:data1\" content=\"2 minuty\" \/>\n<script type=\"application\/ld+json\" class=\"yoast-schema-graph\">{\"@context\":\"https:\/\/schema.org\",\"@graph\":[{\"@type\":\"WebPage\",\"@id\":\"https:\/\/wlkskrakus.pl\/jezdziectwo\/rekreacja\/\",\"url\":\"https:\/\/wlkskrakus.pl\/jezdziectwo\/rekreacja\/\",\"name\":\"Rekreacja - WLKS KRAKUS SWOSZOWICE\",\"isPartOf\":{\"@id\":\"https:\/\/wlkskrakus.pl\/jezdziectwo\/#website\"},\"datePublished\":\"2023-03-16T14:28:38+00:00\",\"dateModified\":\"2023-05-23T08:13:46+00:00\",\"breadcrumb\":{\"@id\":\"https:\/\/wlkskrakus.pl\/jezdziectwo\/rekreacja\/#breadcrumb\"},\"inLanguage\":\"pl-PL\",\"potentialAction\":[{\"@type\":\"ReadAction\",\"target\":[\"https:\/\/wlkskrakus.pl\/jezdziectwo\/rekreacja\/\"]}]},{\"@type\":\"BreadcrumbList\",\"@id\":\"https:\/\/wlkskrakus.pl\/jezdziectwo\/rekreacja\/#breadcrumb\",\"itemListElement\":[{\"@type\":\"ListItem\",\"position\":1,\"name\":\"Strona g\u0142\u00f3wna\",\"item\":\"https:\/\/wlkskrakus.pl\/jezdziectwo\/\"},{\"@type\":\"ListItem\",\"position\":2,\"name\":\"Rekreacja\"}]},{\"@type\":\"WebSite\",\"@id\":\"https:\/\/wlkskrakus.pl\/jezdziectwo\/#website\",\"url\":\"https:\/\/wlkskrakus.pl\/jezdziectwo\/\",\"name\":\"WLKS KRAKUS SWOSZOWICE\",\"description\":\"SEKCJA JE\u0179DZIECKA\",\"publisher\":{\"@id\":\"https:\/\/wlkskrakus.pl\/jezdziectwo\/#organization\"},\"potentialAction\":[{\"@type\":\"SearchAction\",\"target\":{\"@type\":\"EntryPoint\",\"urlTemplate\":\"https:\/\/wlkskrakus.pl\/jezdziectwo\/?s={search_term_string}\"},\"query-input\":\"required name=search_term_string\"}],\"inLanguage\":\"pl-PL\"},{\"@type\":\"Organization\",\"@id\":\"https:\/\/wlkskrakus.pl\/jezdziectwo\/#organization\",\"name\":\"WLKS KRAKUS SWOSZOWICE\",\"url\":\"https:\/\/wlkskrakus.pl\/jezdziectwo\/\",\"logo\":{\"@type\":\"ImageObject\",\"inLanguage\":\"pl-PL\",\"@id\":\"https:\/\/wlkskrakus.pl\/jezdziectwo\/#\/schema\/logo\/image\/\",\"url\":\"https:\/\/wlkskrakus.pl\/jezdziectwo\/wp-content\/uploads\/2023\/03\/cropped-logo.png\",\"contentUrl\":\"https:\/\/wlkskrakus.pl\/jezdziectwo\/wp-content\/uploads\/2023\/03\/cropped-logo.png\",\"width\":512,\"height\":512,\"caption\":\"WLKS KRAKUS SWOSZOWICE\"},\"image\":{\"@id\":\"https:\/\/wlkskrakus.pl\/jezdziectwo\/#\/schema\/logo\/image\/\"}}]}<\/script>\n<!-- \/ Yoast SEO plugin. -->","yoast_head_json":{"title":"Rekreacja - WLKS KRAKUS SWOSZOWICE","robots":{"index":"index","follow":"follow","max-snippet":"max-snippet:-1","max-image-preview":"max-image-preview:large","max-video-preview":"max-video-preview:-1"},"canonical":"https:\/\/wlkskrakus.pl\/jezdziectwo\/rekreacja\/","og_locale":"pl_PL","og_type":"article","og_title":"Rekreacja - WLKS KRAKUS SWOSZOWICE","og_description":"Rekreacja Oferta jazdy rekreacyjnej Wszystkich ch\u0119tnych do rozpocz\u0119cia jak i kontynuowania\u00a0swojej przygody z je\u017adziectwem zapraszamy na jazdy rekreacyjne prowadzone przez instruktora\u00a0Karolin\u0119 D\u0119bowsk\u0105 -W\u00f3jcik\u00a0(by\u0142a zawodniczka konkurencji skok\u00f3w i uje\u017cd\u017cenia WLKS Krakus Swoszowice) Aktualnie do nauki i doskonalenia jazdy konnej posiadamy pi\u0119\u0107 spokojnych koni zaj\u0119cia odbywaj\u0105 si\u0119 na du\u017cym bezpiecznym i ogrodzonym placu w okresie wiosenno-letnim od &hellip; Rekreacja Read More \u00bb","og_url":"https:\/\/wlkskrakus.pl\/jezdziectwo\/rekreacja\/","og_site_name":"WLKS KRAKUS SWOSZOWICE","article_modified_time":"2023-05-23T08:13:46+00:00","og_image":[{"url":"https:\/\/wlkskrakus.pl\/jezdziectwo\/wp-content\/uploads\/2023\/05\/rekreacja-4.jpg"}],"twitter_card":"summary_large_image","twitter_misc":{"Szacowany czas czytania":"2 minuty"},"schema":{"@context":"https:\/\/schema.org","@graph":[{"@type":"WebPage","@id":"https:\/\/wlkskrakus.pl\/jezdziectwo\/rekreacja\/","url":"https:\/\/wlkskrakus.pl\/jezdziectwo\/rekreacja\/","name":"Rekreacja - WLKS KRAKUS SWOSZOWICE","isPartOf":{"@id":"https:\/\/wlkskrakus.pl\/jezdziectwo\/#website"},"datePublished":"2023-03-16T14:28:38+00:00","dateModified":"2023-05-23T08:13:46+00:00","breadcrumb":{"@id":"https:\/\/wlkskrakus.pl\/jezdziectwo\/rekreacja\/#breadcrumb"},"inLanguage":"pl-PL","potentialAction":[{"@type":"ReadAction","target":["https:\/\/wlkskrakus.pl\/jezdziectwo\/rekreacja\/"]}]},{"@type":"BreadcrumbList","@id":"https:\/\/wlkskrakus.pl\/jezdziectwo\/rekreacja\/#breadcrumb","itemListElement":[{"@type":"ListItem","position":1,"name":"Strona g\u0142\u00f3wna","item":"https:\/\/wlkskrakus.pl\/jezdziectwo\/"},{"@type":"ListItem","position":2,"name":"Rekreacja"}]},{"@type":"WebSite","@id":"https:\/\/wlkskrakus.pl\/jezdziectwo\/#website","url":"https:\/\/wlkskrakus.pl\/jezdziectwo\/","name":"WLKS KRAKUS SWOSZOWICE","description":"SEKCJA JE\u0179DZIECKA","publisher":{"@id":"https:\/\/wlkskrakus.pl\/jezdziectwo\/#organization"},"potentialAction":[{"@type":"SearchAction","target":{"@type":"EntryPoint","urlTemplate":"https:\/\/wlkskrakus.pl\/jezdziectwo\/?s={search_term_string}"},"query-input":"required name=search_term_string"}],"inLanguage":"pl-PL"},{"@type":"Organization","@id":"https:\/\/wlkskrakus.pl\/jezdziectwo\/#organization","name":"WLKS KRAKUS SWOSZOWICE","url":"https:\/\/wlkskrakus.pl\/jezdziectwo\/","logo":{"@type":"ImageObject","inLanguage":"pl-PL","@id":"https:\/\/wlkskrakus.pl\/jezdziectwo\/#\/schema\/logo\/image\/","url":"https:\/\/wlkskrakus.pl\/jezdziectwo\/wp-content\/uploads\/2023\/03\/cropped-logo.png","contentUrl":"https:\/\/wlkskrakus.pl\/jezdziectwo\/wp-content\/uploads\/2023\/03\/cropped-logo.png","width":512,"height":512,"caption":"WLKS KRAKUS SWOSZOWICE"},"image":{"@id":"https:\/\/wlkskrakus.pl\/jezdziectwo\/#\/schema\/logo\/image\/"}}]}},"_links":{"self":[{"href":"https:\/\/wlkskrakus.pl\/jezdziectwo\/wp-json\/wp\/v2\/pages\/1738","targetHints":{"allow":["GET"]}}],"collection":[{"href":"https:\/\/wlkskrakus.pl\/jezdziectwo\/wp-json\/wp\/v2\/pages"}],"about":[{"href":"https:\/\/wlkskrakus.pl\/jezdziectwo\/wp-json\/wp\/v2\/types\/page"}],"author":[{"embeddable":true,"href":"https:\/\/wlkskrakus.pl\/jezdziectwo\/wp-json\/wp\/v2\/users\/2"}],"replies":[{"embeddable":true,"href":"https:\/\/wlkskrakus.pl\/jezdziectwo\/wp-json\/wp\/v2\/comments?post=1738"}],"version-history":[{"count":0,"href":"https:\/\/wlkskrakus.pl\/jezdziectwo\/wp-json\/wp\/v2\/pages\/1738\/revisions"}],"wp:attachment":[{"href":"https:\/\/wlkskrakus.pl\/jezdziectwo\/wp-json\/wp\/v2\/media?parent=1738"}],"curies":[{"name":"wp","href":"https:\/\/api.w.org\/{rel}","templated":true}]}}