{"id":1930,"date":"2023-04-20T11:47:42","date_gmt":"2023-04-20T09:47:42","guid":{"rendered":"https:\/\/wlkskrakus.pl\/?page_id=1930"},"modified":"2023-08-24T15:02:03","modified_gmt":"2023-08-24T13:02:03","slug":"propozycje-zawodow-listy-startowe","status":"publish","type":"page","link":"https:\/\/wlkskrakus.pl\/jezdziectwo\/propozycje-zawodow-listy-startowe\/","title":{"rendered":"Propozycje zawod\u00f3w\/listy startowe"},"content":{"rendered":"\t\t<div data-elementor-type=\"wp-post\" data-elementor-id=\"1930\" class=\"elementor elementor-1930\">\n\t\t\t\t\t\t\t\t\t<section class=\"elementor-section elementor-top-section elementor-element elementor-element-74ba2fac elementor-section-boxed elementor-section-height-default elementor-section-height-default\" data-id=\"74ba2fac\" data-element_type=\"section\" data-settings=\"{&quot;background_background&quot;:&quot;classic&quot;,&quot;shape_divider_bottom&quot;:&quot;triangle&quot;,&quot;shape_divider_bottom_negative&quot;:&quot;yes&quot;}\">\n\t\t\t\t\t\t\t<div class=\"elementor-background-overlay\"><\/div>\n\t\t\t\t\t\t<div class=\"elementor-shape elementor-shape-bottom\" data-negative=\"true\">\n\t\t\t<svg xmlns=\"http:\/\/www.w3.org\/2000\/svg\" viewBox=\"0 0 1000 100\" preserveAspectRatio=\"none\">\n\t<path class=\"elementor-shape-fill\" d=\"M500.2,94.7L0,0v100h1000V0L500.2,94.7z\"\/>\n<\/svg>\t\t<\/div>\n\t\t\t\t\t<div class=\"elementor-container elementor-column-gap-default\">\n\t\t\t\t\t<div class=\"elementor-column elementor-col-100 elementor-top-column elementor-element elementor-element-23262dea\" data-id=\"23262dea\" data-element_type=\"column\">\n\t\t\t<div class=\"elementor-widget-wrap elementor-element-populated\">\n\t\t\t\t\t\t\t\t<div class=\"elementor-element elementor-element-27af6558 elementor-widget elementor-widget-heading\" data-id=\"27af6558\" data-element_type=\"widget\" data-settings=\"{&quot;_animation&quot;:&quot;none&quot;}\" data-widget_type=\"heading.default\">\n\t\t\t\t<div class=\"elementor-widget-container\">\n\t\t\t<style>\/*! elementor - v3.15.0 - 20-08-2023 *\/\n.elementor-heading-title{padding:0;margin:0;line-height:1}.elementor-widget-heading .elementor-heading-title[class*=elementor-size-]>a{color:inherit;font-size:inherit;line-height:inherit}.elementor-widget-heading .elementor-heading-title.elementor-size-small{font-size:15px}.elementor-widget-heading .elementor-heading-title.elementor-size-medium{font-size:19px}.elementor-widget-heading .elementor-heading-title.elementor-size-large{font-size:29px}.elementor-widget-heading .elementor-heading-title.elementor-size-xl{font-size:39px}.elementor-widget-heading .elementor-heading-title.elementor-size-xxl{font-size:59px}<\/style><h2 class=\"elementor-heading-title elementor-size-default\">Listy startowe<\/h2>\t\t<\/div>\n\t\t\t\t<\/div>\n\t\t\t\t\t<\/div>\n\t\t<\/div>\n\t\t\t\t\t\t\t<\/div>\n\t\t<\/section>\n\t\t\t\t<section class=\"elementor-section elementor-top-section elementor-element elementor-element-8dc6205 elementor-reverse-mobile elementor-section-boxed elementor-section-height-default elementor-section-height-default\" data-id=\"8dc6205\" data-element_type=\"section\" data-settings=\"{&quot;background_background&quot;:&quot;classic&quot;}\">\n\t\t\t\t\t\t\t<div class=\"elementor-background-overlay\"><\/div>\n\t\t\t\t\t\t\t<div class=\"elementor-container elementor-column-gap-no\">\n\t\t\t\t\t<div class=\"elementor-column elementor-col-100 elementor-top-column elementor-element elementor-element-0b0aedc\" data-id=\"0b0aedc\" data-element_type=\"column\">\n\t\t\t<div class=\"elementor-widget-wrap elementor-element-populated\">\n\t\t\t\t\t\t\t\t<section class=\"elementor-section elementor-inner-section elementor-element elementor-element-6cad3d1 elementor-reverse-tablet elementor-section-boxed elementor-section-height-default elementor-section-height-default\" data-id=\"6cad3d1\" data-element_type=\"section\">\n\t\t\t\t\t\t<div class=\"elementor-container elementor-column-gap-no\">\n\t\t\t\t\t<div class=\"elementor-column elementor-col-100 elementor-inner-column elementor-element elementor-element-f5d6f1b\" data-id=\"f5d6f1b\" data-element_type=\"column\">\n\t\t\t<div class=\"elementor-widget-wrap elementor-element-populated\">\n\t\t\t\t\t\t\t\t<div class=\"elementor-element elementor-element-db2f4bf elementor-widget elementor-widget-heading\" data-id=\"db2f4bf\" data-element_type=\"widget\" data-widget_type=\"heading.default\">\n\t\t\t\t<div class=\"elementor-widget-container\">\n\t\t\t<h3 class=\"elementor-heading-title elementor-size-default\">Propozycje zawod\u00f3w\/listy startowe\n\n<\/h3>\t\t<\/div>\n\t\t\t\t<\/div>\n\t\t\t\t<div class=\"elementor-element elementor-element-90971f3 elementor-widget elementor-widget-text-editor\" data-id=\"90971f3\" data-element_type=\"widget\" data-widget_type=\"text-editor.default\">\n\t\t\t\t<div class=\"elementor-widget-container\">\n\t\t\t<style>\/*! elementor - v3.15.0 - 20-08-2023 *\/\n.elementor-widget-text-editor.elementor-drop-cap-view-stacked .elementor-drop-cap{background-color:#69727d;color:#fff}.elementor-widget-text-editor.elementor-drop-cap-view-framed .elementor-drop-cap{color:#69727d;border:3px solid;background-color:transparent}.elementor-widget-text-editor:not(.elementor-drop-cap-view-default) .elementor-drop-cap{margin-top:8px}.elementor-widget-text-editor:not(.elementor-drop-cap-view-default) .elementor-drop-cap-letter{width:1em;height:1em}.elementor-widget-text-editor .elementor-drop-cap{float:left;text-align:center;line-height:1;font-size:50px}.elementor-widget-text-editor .elementor-drop-cap-letter{display:inline-block}<\/style>\t\t\t\t<div class=\"entry-content\"><div class=\"entry-content article-content\"><p>Terminarz zawod\u00f3w je\u017adzieckich w skokach przez przeszkody, organizowanych<br \/>w WLKS Krakus w 2023 roku<br \/>Zapraszamy do udzia\u0142u w Ma\u0142opolskiej Lidze Je\u017adzieckiej i Towarzyskim Pucharze Ma\u0142opolski<br \/>14 \u2013 16 kwiecie\u0144<br \/>5 \u2013 7 maj<br \/>15 \u2013 18 czerwiec Mistrzostwa Ma\u0142opolski w skokach przez przeszkody<br \/>14 \u2013 16 lipiec<br \/>11 \u2013 13 sierpie\u0144<br \/>1 \u2013 3 wrzesie\u0144 Memoria\u0142 Prezesa Karola Koziarowskiego, 60 lecie sekcji je\u017adzieckiej WLKS Krakus<br \/>29 wrzesie\u0144 \u2013 1 pa\u017adziernik \u2013 Fina\u0142 MLJ i TPM, zako\u0144czenie sezonu otwartego<\/p><p>Do zobaczenia na zawodach!<\/p><\/div><p>Zapraszamy na ostatnie w tym sezonie otwarte zawody w WLKS Krakus.<br \/>Zawody ZR-ZT B odb\u0119d\u0105 si\u0119 w dniach 02-04.10.2020.<br \/>B\u0119dzie to jednocze\u015bnie fina\u0142 Ma\u0142opolskiej Ligi Je\u017adzieckiej oraz Towarzyskiego Pucharu Ma\u0142opolski.<br \/><strong>Propozycje, listy startowe i wyniki on-line na portalu www.zawodykonne.com<\/strong><\/p><p>Zapraszamy na zawody ZR\/ZT-B, kt\u00f3re odb\u0119d\u0105 si\u0119 w dniach 04-06.09.2020.<br \/>B\u0119dzie to Memoria\u0142 Prezesa Karola Koziarowskiego.<br \/><strong>Propozycje, listy startowe i wyniki on-line na portalu www.zawodykonne.com<\/strong><\/p><p>Zapraszamy na zawody ZR-B, ZR-T, kt\u00f3re odb\u0119d\u0105 si\u0119 w dniach 10-12.07.2020.<br \/>Panel zg\u0142osze\u0144 www.zawodykonne.com.<\/p><p>Zawody rozgrywane s\u0105 zgodnie z wytycznymi PZJ dotycz\u0105cymi post\u0119powania w czasie epidemii COVID-19 min.\u00a0<strong>BEZ UDZIA\u0141U PUBLICZNO\u015a\u0106I.\u00a0<\/strong>Prosimy o zapoznanie si\u0119 z wytycznymi PZJ i \u015bcis\u0142e stosowanie si\u0119 do nich na terenie WLKS Krakus.<br \/><a href=\"https:\/\/wlkskrakus.pl\/jezdziectwo\/wp-content\/uploads\/2023\/05\/zr-zt-swoszowice-10-12-07-2020.pdf\">zr-zt-swoszowice-10-12-07-2020<\/a><br \/><a href=\"https:\/\/wlkskrakus.pl\/jezdziectwo\/wp-content\/uploads\/2023\/05\/regulamin-maloposkiej-ligi-jezdzieckiej-2020.pdf\">regulamin-maloposkiej-ligi-jezdzieckiej-2020<\/a><br \/><a href=\"https:\/\/wlkskrakus.pl\/jezdziectwo\/wp-content\/uploads\/2023\/05\/regulamin-towarzyskiego-pucharu-maloposki-2020.pdf\">regulamin-towarzyskiego-pucharu-maloposki-2020<\/a><\/p><p>FINA\u0141 TPM I MLJ 2019<\/p><p>MEMORIA\u0141 PREZESA KAROLA KOZIAROWSKIEGO<\/p><p>WLKS KRAKUS \u2013 4-6.10.2019<\/p><p>WST\u0118P WOLNY \u2013 ZAPRASZAMY<\/p><p>LISTY STARTOWE\/WYNIKI \u2013 https:\/\/zawodykonne.com\/zawody\/46\/72<\/p><p>W dniach 2-4.08.2019 odb\u0119d\u0105 si\u0119 kolejne zawody regionalne i towarzyskie oraz kolejna kwalifikacja TPM i MLJ.<\/p><p>PROPOZYCJE ZAWOD\u00d3W\/ZG\u0141OSZENIA\/LISTY STARTOWE\u00a0 \u2014&gt;&gt; https:\/\/zawodykonne.com\/zawody\/46\/70<\/p><p>W tym sezonie rozegrane zostan\u0105 jeszcze zawody w nast\u0119puj\u0105cych terminach:<\/p><p>6-8.09.2019<\/p><p>4-6.10.2019<\/p><p>REGULAMIN TPM I MLJ 2019<\/p><p><a href=\"https:\/\/wlkskrakus.pl\/jezdziectwo\/wp-content\/uploads\/2023\/05\/REGULAMIN-MLJ-2019.pdf\">REGULAMIN MLJ 2019<\/a><\/p><p><a href=\"https:\/\/wlkskrakus.pl\/jezdziectwo\/wp-content\/uploads\/2023\/05\/REGULAMIN-TPM-2019.pdf\">REGULAMIN TPM 2019<\/a><\/p><p>PROPOZYCJE ZAWOD\u00d3W\/ZG\u0141OSZENIA:<\/p><p>https:\/\/zawodykonne.com\/zawody\/46\/35<\/p><p>Zapraszamy serdecznie do zapoznania si\u0119 z regulaminami MLJ i TPM na 2018r.<\/p><p>Propozycje najbli\u017cszych zawod\u00f3w(13-15.04.2018) dodane zostan\u0105 w ci\u0105gu kilku najbli\u017cszych dni;)<\/p><p>Wa\u017cne zmiany w regulaminach TPM i MLJ;))<\/p><p><a href=\"https:\/\/wlkskrakus.pl\/jezdziectwo\/wp-content\/uploads\/2023\/05\/REGULAMIN-MLJ-2018.pdf\">REGULAMIN MLJ 2018<\/a><\/p><p><a href=\"https:\/\/wlkskrakus.pl\/jezdziectwo\/wp-content\/uploads\/2023\/05\/REGULAMIN-TPM-2018.pdf\">REGULAMIN TPM 2018<\/a><\/p><p>TERMINY ZAWOD\u00d3W SKOKOWYCH 2018<\/p><p>13-15.04.2018 \u2013 ZR i ZT + MLJ i TPM<\/p><p>4-6.05.2018 \u2013 ZR i ZT + MLJ i TPM<\/p><p>1-3.06.2018 \u2013 ZR i ZT + MLJ i TPM<\/p><p>6-8.07.2018 \u2013 ZR i ZT + MLJ i TPM<\/p><p>10-12.08.2018 \u2013 ZR i ZT + MLJ i TPM<\/p><p>7-9.09.2018 \u2013 MISTRZOSTWA MA\u0141OPOLSKI + ZR i ZT<\/p><p>5-7.10.2018 \u2013 ZR i ZT + FINA\u0141 MLJ i TPM<\/p><\/div>\t\t\t\t\t\t<\/div>\n\t\t\t\t<\/div>\n\t\t\t\t\t<\/div>\n\t\t<\/div>\n\t\t\t\t\t\t\t<\/div>\n\t\t<\/section>\n\t\t\t\t\t<\/div>\n\t\t<\/div>\n\t\t\t\t\t\t\t<\/div>\n\t\t<\/section>\n\t\t\t\t\t\t\t<\/div>\n\t\t","protected":false},"excerpt":{"rendered":"<p>Listy startowe Propozycje zawod\u00f3w\/listy startowe Terminarz zawod\u00f3w je\u017adzieckich w skokach przez przeszkody, organizowanychw WLKS Krakus w 2023 rokuZapraszamy do udzia\u0142u w Ma\u0142opolskiej Lidze Je\u017adzieckiej i Towarzyskim Pucharze Ma\u0142opolski14 \u2013 16 kwiecie\u01445 \u2013 7 maj15 \u2013 18 czerwiec Mistrzostwa Ma\u0142opolski w skokach przez przeszkody14 \u2013 16 lipiec11 \u2013 13 sierpie\u01441 \u2013 3 wrzesie\u0144 Memoria\u0142 Prezesa Karola &hellip;<\/p>\n<p class=\"read-more\"> <a class=\"\" href=\"https:\/\/wlkskrakus.pl\/jezdziectwo\/propozycje-zawodow-listy-startowe\/\"> <span class=\"screen-reader-text\">Propozycje zawod\u00f3w\/listy startowe<\/span> Read More \u00bb<\/a><\/p>\n","protected":false},"author":2,"featured_media":0,"parent":0,"menu_order":0,"comment_status":"closed","ping_status":"closed","template":"","meta":{"site-sidebar-layout":"no-sidebar","site-content-layout":"page-builder","ast-global-header-display":"","ast-main-header-display":"","ast-hfb-above-header-display":"","ast-hfb-below-header-display":"","ast-hfb-mobile-header-display":"","site-post-title":"disabled","ast-breadcrumbs-content":"","ast-featured-img":"disabled","footer-sml-layout":"","theme-transparent-header-meta":"default","adv-header-id-meta":"","stick-header-meta":"","header-above-stick-meta":"","header-main-stick-meta":"","header-below-stick-meta":"","footnotes":""},"class_list":["post-1930","page","type-page","status-publish","hentry"],"yoast_head":"<!-- This site is optimized with the Yoast SEO plugin v21.1 - https:\/\/yoast.com\/wordpress\/plugins\/seo\/ -->\n<title>Propozycje zawod\u00f3w\/listy startowe - WLKS KRAKUS SWOSZOWICE<\/title>\n<meta name=\"robots\" content=\"index, follow, max-snippet:-1, max-image-preview:large, max-video-preview:-1\" \/>\n<link rel=\"canonical\" href=\"https:\/\/wlkskrakus.pl\/jezdziectwo\/propozycje-zawodow-listy-startowe\/\" \/>\n<meta property=\"og:locale\" content=\"pl_PL\" \/>\n<meta property=\"og:type\" content=\"article\" \/>\n<meta property=\"og:title\" content=\"Propozycje zawod\u00f3w\/listy startowe - WLKS KRAKUS SWOSZOWICE\" \/>\n<meta property=\"og:description\" content=\"Listy startowe Propozycje zawod\u00f3w\/listy startowe Terminarz zawod\u00f3w je\u017adzieckich w skokach przez przeszkody, organizowanychw WLKS Krakus w 2023 rokuZapraszamy do udzia\u0142u w Ma\u0142opolskiej Lidze Je\u017adzieckiej i Towarzyskim Pucharze Ma\u0142opolski14 \u2013 16 kwiecie\u01445 \u2013 7 maj15 \u2013 18 czerwiec Mistrzostwa Ma\u0142opolski w skokach przez przeszkody14 \u2013 16 lipiec11 \u2013 13 sierpie\u01441 \u2013 3 wrzesie\u0144 Memoria\u0142 Prezesa Karola &hellip; Propozycje zawod\u00f3w\/listy startowe Read More \u00bb\" \/>\n<meta property=\"og:url\" content=\"https:\/\/wlkskrakus.pl\/jezdziectwo\/propozycje-zawodow-listy-startowe\/\" \/>\n<meta property=\"og:site_name\" content=\"WLKS KRAKUS SWOSZOWICE\" \/>\n<meta property=\"article:modified_time\" content=\"2023-08-24T13:02:03+00:00\" \/>\n<meta name=\"twitter:card\" content=\"summary_large_image\" \/>\n<meta name=\"twitter:label1\" content=\"Szacowany czas czytania\" \/>\n\t<meta name=\"twitter:data1\" content=\"2 minuty\" \/>\n<script type=\"application\/ld+json\" class=\"yoast-schema-graph\">{\"@context\":\"https:\/\/schema.org\",\"@graph\":[{\"@type\":\"WebPage\",\"@id\":\"https:\/\/wlkskrakus.pl\/jezdziectwo\/propozycje-zawodow-listy-startowe\/\",\"url\":\"https:\/\/wlkskrakus.pl\/jezdziectwo\/propozycje-zawodow-listy-startowe\/\",\"name\":\"Propozycje zawod\u00f3w\/listy startowe - WLKS KRAKUS SWOSZOWICE\",\"isPartOf\":{\"@id\":\"https:\/\/wlkskrakus.pl\/jezdziectwo\/#website\"},\"datePublished\":\"2023-04-20T09:47:42+00:00\",\"dateModified\":\"2023-08-24T13:02:03+00:00\",\"breadcrumb\":{\"@id\":\"https:\/\/wlkskrakus.pl\/jezdziectwo\/propozycje-zawodow-listy-startowe\/#breadcrumb\"},\"inLanguage\":\"pl-PL\",\"potentialAction\":[{\"@type\":\"ReadAction\",\"target\":[\"https:\/\/wlkskrakus.pl\/jezdziectwo\/propozycje-zawodow-listy-startowe\/\"]}]},{\"@type\":\"BreadcrumbList\",\"@id\":\"https:\/\/wlkskrakus.pl\/jezdziectwo\/propozycje-zawodow-listy-startowe\/#breadcrumb\",\"itemListElement\":[{\"@type\":\"ListItem\",\"position\":1,\"name\":\"Strona g\u0142\u00f3wna\",\"item\":\"https:\/\/wlkskrakus.pl\/jezdziectwo\/\"},{\"@type\":\"ListItem\",\"position\":2,\"name\":\"Propozycje zawod\u00f3w\/listy startowe\"}]},{\"@type\":\"WebSite\",\"@id\":\"https:\/\/wlkskrakus.pl\/jezdziectwo\/#website\",\"url\":\"https:\/\/wlkskrakus.pl\/jezdziectwo\/\",\"name\":\"WLKS KRAKUS SWOSZOWICE\",\"description\":\"SEKCJA JE\u0179DZIECKA\",\"publisher\":{\"@id\":\"https:\/\/wlkskrakus.pl\/jezdziectwo\/#organization\"},\"potentialAction\":[{\"@type\":\"SearchAction\",\"target\":{\"@type\":\"EntryPoint\",\"urlTemplate\":\"https:\/\/wlkskrakus.pl\/jezdziectwo\/?s={search_term_string}\"},\"query-input\":\"required name=search_term_string\"}],\"inLanguage\":\"pl-PL\"},{\"@type\":\"Organization\",\"@id\":\"https:\/\/wlkskrakus.pl\/jezdziectwo\/#organization\",\"name\":\"WLKS KRAKUS SWOSZOWICE\",\"url\":\"https:\/\/wlkskrakus.pl\/jezdziectwo\/\",\"logo\":{\"@type\":\"ImageObject\",\"inLanguage\":\"pl-PL\",\"@id\":\"https:\/\/wlkskrakus.pl\/jezdziectwo\/#\/schema\/logo\/image\/\",\"url\":\"https:\/\/wlkskrakus.pl\/jezdziectwo\/wp-content\/uploads\/2023\/03\/cropped-logo.png\",\"contentUrl\":\"https:\/\/wlkskrakus.pl\/jezdziectwo\/wp-content\/uploads\/2023\/03\/cropped-logo.png\",\"width\":512,\"height\":512,\"caption\":\"WLKS KRAKUS SWOSZOWICE\"},\"image\":{\"@id\":\"https:\/\/wlkskrakus.pl\/jezdziectwo\/#\/schema\/logo\/image\/\"}}]}<\/script>\n<!-- \/ Yoast SEO plugin. -->","yoast_head_json":{"title":"Propozycje zawod\u00f3w\/listy startowe - WLKS KRAKUS SWOSZOWICE","robots":{"index":"index","follow":"follow","max-snippet":"max-snippet:-1","max-image-preview":"max-image-preview:large","max-video-preview":"max-video-preview:-1"},"canonical":"https:\/\/wlkskrakus.pl\/jezdziectwo\/propozycje-zawodow-listy-startowe\/","og_locale":"pl_PL","og_type":"article","og_title":"Propozycje zawod\u00f3w\/listy startowe - WLKS KRAKUS SWOSZOWICE","og_description":"Listy startowe Propozycje zawod\u00f3w\/listy startowe Terminarz zawod\u00f3w je\u017adzieckich w skokach przez przeszkody, organizowanychw WLKS Krakus w 2023 rokuZapraszamy do udzia\u0142u w Ma\u0142opolskiej Lidze Je\u017adzieckiej i Towarzyskim Pucharze Ma\u0142opolski14 \u2013 16 kwiecie\u01445 \u2013 7 maj15 \u2013 18 czerwiec Mistrzostwa Ma\u0142opolski w skokach przez przeszkody14 \u2013 16 lipiec11 \u2013 13 sierpie\u01441 \u2013 3 wrzesie\u0144 Memoria\u0142 Prezesa Karola &hellip; Propozycje zawod\u00f3w\/listy startowe Read More \u00bb","og_url":"https:\/\/wlkskrakus.pl\/jezdziectwo\/propozycje-zawodow-listy-startowe\/","og_site_name":"WLKS KRAKUS SWOSZOWICE","article_modified_time":"2023-08-24T13:02:03+00:00","twitter_card":"summary_large_image","twitter_misc":{"Szacowany czas czytania":"2 minuty"},"schema":{"@context":"https:\/\/schema.org","@graph":[{"@type":"WebPage","@id":"https:\/\/wlkskrakus.pl\/jezdziectwo\/propozycje-zawodow-listy-startowe\/","url":"https:\/\/wlkskrakus.pl\/jezdziectwo\/propozycje-zawodow-listy-startowe\/","name":"Propozycje zawod\u00f3w\/listy startowe - WLKS KRAKUS SWOSZOWICE","isPartOf":{"@id":"https:\/\/wlkskrakus.pl\/jezdziectwo\/#website"},"datePublished":"2023-04-20T09:47:42+00:00","dateModified":"2023-08-24T13:02:03+00:00","breadcrumb":{"@id":"https:\/\/wlkskrakus.pl\/jezdziectwo\/propozycje-zawodow-listy-startowe\/#breadcrumb"},"inLanguage":"pl-PL","potentialAction":[{"@type":"ReadAction","target":["https:\/\/wlkskrakus.pl\/jezdziectwo\/propozycje-zawodow-listy-startowe\/"]}]},{"@type":"BreadcrumbList","@id":"https:\/\/wlkskrakus.pl\/jezdziectwo\/propozycje-zawodow-listy-startowe\/#breadcrumb","itemListElement":[{"@type":"ListItem","position":1,"name":"Strona g\u0142\u00f3wna","item":"https:\/\/wlkskrakus.pl\/jezdziectwo\/"},{"@type":"ListItem","position":2,"name":"Propozycje zawod\u00f3w\/listy startowe"}]},{"@type":"WebSite","@id":"https:\/\/wlkskrakus.pl\/jezdziectwo\/#website","url":"https:\/\/wlkskrakus.pl\/jezdziectwo\/","name":"WLKS KRAKUS SWOSZOWICE","description":"SEKCJA JE\u0179DZIECKA","publisher":{"@id":"https:\/\/wlkskrakus.pl\/jezdziectwo\/#organization"},"potentialAction":[{"@type":"SearchAction","target":{"@type":"EntryPoint","urlTemplate":"https:\/\/wlkskrakus.pl\/jezdziectwo\/?s={search_term_string}"},"query-input":"required name=search_term_string"}],"inLanguage":"pl-PL"},{"@type":"Organization","@id":"https:\/\/wlkskrakus.pl\/jezdziectwo\/#organization","name":"WLKS KRAKUS SWOSZOWICE","url":"https:\/\/wlkskrakus.pl\/jezdziectwo\/","logo":{"@type":"ImageObject","inLanguage":"pl-PL","@id":"https:\/\/wlkskrakus.pl\/jezdziectwo\/#\/schema\/logo\/image\/","url":"https:\/\/wlkskrakus.pl\/jezdziectwo\/wp-content\/uploads\/2023\/03\/cropped-logo.png","contentUrl":"https:\/\/wlkskrakus.pl\/jezdziectwo\/wp-content\/uploads\/2023\/03\/cropped-logo.png","width":512,"height":512,"caption":"WLKS KRAKUS SWOSZOWICE"},"image":{"@id":"https:\/\/wlkskrakus.pl\/jezdziectwo\/#\/schema\/logo\/image\/"}}]}},"_links":{"self":[{"href":"https:\/\/wlkskrakus.pl\/jezdziectwo\/wp-json\/wp\/v2\/pages\/1930","targetHints":{"allow":["GET"]}}],"collection":[{"href":"https:\/\/wlkskrakus.pl\/jezdziectwo\/wp-json\/wp\/v2\/pages"}],"about":[{"href":"https:\/\/wlkskrakus.pl\/jezdziectwo\/wp-json\/wp\/v2\/types\/page"}],"author":[{"embeddable":true,"href":"https:\/\/wlkskrakus.pl\/jezdziectwo\/wp-json\/wp\/v2\/users\/2"}],"replies":[{"embeddable":true,"href":"https:\/\/wlkskrakus.pl\/jezdziectwo\/wp-json\/wp\/v2\/comments?post=1930"}],"version-history":[{"count":0,"href":"https:\/\/wlkskrakus.pl\/jezdziectwo\/wp-json\/wp\/v2\/pages\/1930\/revisions"}],"wp:attachment":[{"href":"https:\/\/wlkskrakus.pl\/jezdziectwo\/wp-json\/wp\/v2\/media?parent=1930"}],"curies":[{"name":"wp","href":"https:\/\/api.w.org\/{rel}","templated":true}]}}