{"id":1942,"date":"2023-04-20T11:58:01","date_gmt":"2023-04-20T09:58:01","guid":{"rendered":"https:\/\/wlkskrakus.pl\/?page_id=1942"},"modified":"2023-08-24T15:05:20","modified_gmt":"2023-08-24T13:05:20","slug":"wyniki","status":"publish","type":"page","link":"https:\/\/wlkskrakus.pl\/jezdziectwo\/wyniki\/","title":{"rendered":"Wyniki"},"content":{"rendered":"\t\t<div data-elementor-type=\"wp-post\" data-elementor-id=\"1942\" class=\"elementor elementor-1942\">\n\t\t\t\t\t\t\t\t\t<section class=\"elementor-section elementor-top-section elementor-element elementor-element-74ba2fac elementor-section-boxed elementor-section-height-default elementor-section-height-default\" data-id=\"74ba2fac\" data-element_type=\"section\" data-settings=\"{&quot;background_background&quot;:&quot;classic&quot;,&quot;shape_divider_bottom&quot;:&quot;triangle&quot;,&quot;shape_divider_bottom_negative&quot;:&quot;yes&quot;}\">\n\t\t\t\t\t\t\t<div class=\"elementor-background-overlay\"><\/div>\n\t\t\t\t\t\t<div class=\"elementor-shape elementor-shape-bottom\" data-negative=\"true\">\n\t\t\t<svg xmlns=\"http:\/\/www.w3.org\/2000\/svg\" viewBox=\"0 0 1000 100\" preserveAspectRatio=\"none\">\n\t<path class=\"elementor-shape-fill\" d=\"M500.2,94.7L0,0v100h1000V0L500.2,94.7z\"\/>\n<\/svg>\t\t<\/div>\n\t\t\t\t\t<div class=\"elementor-container elementor-column-gap-default\">\n\t\t\t\t\t<div class=\"elementor-column elementor-col-100 elementor-top-column elementor-element elementor-element-23262dea\" data-id=\"23262dea\" data-element_type=\"column\">\n\t\t\t<div class=\"elementor-widget-wrap elementor-element-populated\">\n\t\t\t\t\t\t\t\t<div class=\"elementor-element elementor-element-27af6558 elementor-widget elementor-widget-heading\" data-id=\"27af6558\" data-element_type=\"widget\" data-settings=\"{&quot;_animation&quot;:&quot;none&quot;}\" data-widget_type=\"heading.default\">\n\t\t\t\t<div class=\"elementor-widget-container\">\n\t\t\t<style>\/*! elementor - v3.15.0 - 20-08-2023 *\/\n.elementor-heading-title{padding:0;margin:0;line-height:1}.elementor-widget-heading .elementor-heading-title[class*=elementor-size-]>a{color:inherit;font-size:inherit;line-height:inherit}.elementor-widget-heading .elementor-heading-title.elementor-size-small{font-size:15px}.elementor-widget-heading .elementor-heading-title.elementor-size-medium{font-size:19px}.elementor-widget-heading .elementor-heading-title.elementor-size-large{font-size:29px}.elementor-widget-heading .elementor-heading-title.elementor-size-xl{font-size:39px}.elementor-widget-heading .elementor-heading-title.elementor-size-xxl{font-size:59px}<\/style><h1 class=\"elementor-heading-title elementor-size-default\">Wyniki<\/h1>\t\t<\/div>\n\t\t\t\t<\/div>\n\t\t\t\t\t<\/div>\n\t\t<\/div>\n\t\t\t\t\t\t\t<\/div>\n\t\t<\/section>\n\t\t\t\t<section class=\"elementor-section elementor-top-section elementor-element elementor-element-c2d37a4 elementor-reverse-mobile elementor-section-boxed elementor-section-height-default elementor-section-height-default\" data-id=\"c2d37a4\" data-element_type=\"section\" data-settings=\"{&quot;background_background&quot;:&quot;classic&quot;}\">\n\t\t\t\t\t\t\t<div class=\"elementor-background-overlay\"><\/div>\n\t\t\t\t\t\t\t<div class=\"elementor-container elementor-column-gap-no\">\n\t\t\t\t\t<div class=\"elementor-column elementor-col-100 elementor-top-column elementor-element elementor-element-2544c28\" data-id=\"2544c28\" data-element_type=\"column\">\n\t\t\t<div class=\"elementor-widget-wrap elementor-element-populated\">\n\t\t\t\t\t\t\t\t<section class=\"elementor-section elementor-inner-section elementor-element elementor-element-ba82b8b elementor-reverse-tablet elementor-section-boxed elementor-section-height-default elementor-section-height-default\" data-id=\"ba82b8b\" data-element_type=\"section\">\n\t\t\t\t\t\t<div class=\"elementor-container elementor-column-gap-default\">\n\t\t\t\t\t<div class=\"elementor-column elementor-col-50 elementor-inner-column elementor-element elementor-element-7b66b7c\" data-id=\"7b66b7c\" data-element_type=\"column\">\n\t\t\t<div class=\"elementor-widget-wrap elementor-element-populated\">\n\t\t\t\t\t\t\t\t<div class=\"elementor-element elementor-element-41e5ef0 elementor-widget elementor-widget-image\" data-id=\"41e5ef0\" data-element_type=\"widget\" data-widget_type=\"image.default\">\n\t\t\t\t<div class=\"elementor-widget-container\">\n\t\t\t<style>\/*! elementor - v3.15.0 - 20-08-2023 *\/\n.elementor-widget-image{text-align:center}.elementor-widget-image a{display:inline-block}.elementor-widget-image a img[src$=\".svg\"]{width:48px}.elementor-widget-image img{vertical-align:middle;display:inline-block}<\/style>\t\t\t\t\t\t\t\t\t\t\t\t<img decoding=\"async\" width=\"780\" height=\"780\" src=\"https:\/\/wlkskrakus.pl\/jezdziectwo\/wp-content\/uploads\/2023\/05\/rekreacja-5.jpg\" class=\"attachment-large size-large wp-image-2205\" alt=\"rekreacja 5\" srcset=\"https:\/\/wlkskrakus.pl\/jezdziectwo\/wp-content\/uploads\/2023\/05\/rekreacja-5.jpg 780w, https:\/\/wlkskrakus.pl\/jezdziectwo\/wp-content\/uploads\/2023\/05\/rekreacja-5-300x300.jpg 300w, https:\/\/wlkskrakus.pl\/jezdziectwo\/wp-content\/uploads\/2023\/05\/rekreacja-5-150x150.jpg 150w, https:\/\/wlkskrakus.pl\/jezdziectwo\/wp-content\/uploads\/2023\/05\/rekreacja-5-768x768.jpg 768w\" sizes=\"(max-width: 780px) 100vw, 780px\" \/>\t\t\t\t\t\t\t\t\t\t\t\t\t\t\t<\/div>\n\t\t\t\t<\/div>\n\t\t\t\t\t<\/div>\n\t\t<\/div>\n\t\t\t\t<div class=\"elementor-column elementor-col-50 elementor-inner-column elementor-element elementor-element-40009cf\" data-id=\"40009cf\" data-element_type=\"column\">\n\t\t\t<div class=\"elementor-widget-wrap elementor-element-populated\">\n\t\t\t\t\t\t\t\t<div class=\"elementor-element elementor-element-419e509 elementor-widget elementor-widget-text-editor\" data-id=\"419e509\" data-element_type=\"widget\" data-widget_type=\"text-editor.default\">\n\t\t\t\t<div class=\"elementor-widget-container\">\n\t\t\t<style>\/*! elementor - v3.15.0 - 20-08-2023 *\/\n.elementor-widget-text-editor.elementor-drop-cap-view-stacked .elementor-drop-cap{background-color:#69727d;color:#fff}.elementor-widget-text-editor.elementor-drop-cap-view-framed .elementor-drop-cap{color:#69727d;border:3px solid;background-color:transparent}.elementor-widget-text-editor:not(.elementor-drop-cap-view-default) .elementor-drop-cap{margin-top:8px}.elementor-widget-text-editor:not(.elementor-drop-cap-view-default) .elementor-drop-cap-letter{width:1em;height:1em}.elementor-widget-text-editor .elementor-drop-cap{float:left;text-align:center;line-height:1;font-size:50px}.elementor-widget-text-editor .elementor-drop-cap-letter{display:inline-block}<\/style>\t\t\t\t<p><strong>Zawodnicy naszego klubu uprawiaj\u0105cy sportowo je\u017adziectwo w konkurencji skok\u00f3w przez przeszkody<br \/>i uje\u017cd\u017cenia, bior\u0105 licznie udzia\u0142 w zawodach. Wsp\u00f3\u0142zawodnicz\u0105 na arenie mi\u0119dzynarodowej, krajowej<br \/>i regionalnej zajmuj\u0105c wysokie miejsca.<\/strong><br \/><strong>S\u0105 uczestnikami Mistrzostw Europy i Polski, tak\u017ce Olimpiad M\u0142odzie\u017cy<\/strong><br \/><strong>w konkurencji skok\u00f3w przez przeszkody.<\/strong><\/p><p><strong>Zawodnicy WLKS Krakus s\u0105 cz\u0142onkami Kadry Narodowej oraz Kadry Ma\u0142opolski.<\/strong><\/p><p><strong>Wszystkie aktualne sukcesy zawodnik\u00f3w WLKS Krakus mo\u017cna \u015bledzi\u0107 na naszym profilu na Facebook<br \/>a tak\u017ce w wynikach na stronie <a href=\"http:\/\/zawodykonne.com\">zawodykonne.com<\/a><\/strong><\/p>\t\t\t\t\t\t<\/div>\n\t\t\t\t<\/div>\n\t\t\t\t\t<\/div>\n\t\t<\/div>\n\t\t\t\t\t\t\t<\/div>\n\t\t<\/section>\n\t\t\t\t\t<\/div>\n\t\t<\/div>\n\t\t\t\t\t\t\t<\/div>\n\t\t<\/section>\n\t\t\t\t<section class=\"elementor-section elementor-top-section elementor-element elementor-element-d1e61e7 elementor-reverse-mobile elementor-section-boxed elementor-section-height-default elementor-section-height-default\" data-id=\"d1e61e7\" data-element_type=\"section\" data-settings=\"{&quot;background_background&quot;:&quot;classic&quot;}\">\n\t\t\t\t\t\t\t<div class=\"elementor-background-overlay\"><\/div>\n\t\t\t\t\t\t\t<div class=\"elementor-container elementor-column-gap-no\">\n\t\t\t\t\t<div class=\"elementor-column elementor-col-100 elementor-top-column elementor-element elementor-element-1233a5c\" data-id=\"1233a5c\" data-element_type=\"column\">\n\t\t\t<div class=\"elementor-widget-wrap elementor-element-populated\">\n\t\t\t\t\t\t\t\t<section class=\"elementor-section elementor-inner-section elementor-element elementor-element-c0e9bc0 elementor-reverse-tablet elementor-section-boxed elementor-section-height-default elementor-section-height-default\" data-id=\"c0e9bc0\" data-element_type=\"section\">\n\t\t\t\t\t\t<div class=\"elementor-container elementor-column-gap-no\">\n\t\t\t\t\t<div class=\"elementor-column elementor-col-100 elementor-inner-column elementor-element elementor-element-79367d5\" data-id=\"79367d5\" data-element_type=\"column\">\n\t\t\t<div class=\"elementor-widget-wrap elementor-element-populated\">\n\t\t\t\t\t\t\t\t<div class=\"elementor-element elementor-element-75f2d19 elementor-widget elementor-widget-heading\" data-id=\"75f2d19\" data-element_type=\"widget\" data-widget_type=\"heading.default\">\n\t\t\t\t<div class=\"elementor-widget-container\">\n\t\t\t<h3 class=\"elementor-heading-title elementor-size-default\">Wyniki zawod\u00f3w w sezonie 2019\n\n\n\n<\/h3>\t\t<\/div>\n\t\t\t\t<\/div>\n\t\t\t\t<div class=\"elementor-element elementor-element-a0a51d5 elementor-widget elementor-widget-text-editor\" data-id=\"a0a51d5\" data-element_type=\"widget\" data-widget_type=\"text-editor.default\">\n\t\t\t\t<div class=\"elementor-widget-container\">\n\t\t\t\t\t\t\t<div class=\"entry-content\"><p>WYNIKI ZAWOD\u00d3W W SEZONIE 2019<\/p><p><a href=\"https:\/\/wlkskrakus.pl\/jezdziectwo\/wp-content\/uploads\/2023\/05\/tpm-ranking-2019-RUNDA-BRAZOWA.pdf\">tpm ranking 2019 RUNDA BR\u0104ZOWA<\/a><\/p><p><a href=\"https:\/\/wlkskrakus.pl\/jezdziectwo\/wp-content\/uploads\/2023\/05\/tpm-ranking-2019-RUNDA-SREBRNA.pdf\">tpm ranking 2019 RUNDA SREBRNA<\/a><\/p><p><a href=\"https:\/\/wlkskrakus.pl\/jezdziectwo\/wp-content\/uploads\/2023\/05\/tpm-ranking-2019-RUNDA-ZLOTA.pdf\">tpm ranking 2019 RUNDA Z\u0141OTA<\/a><\/p><p><a href=\"https:\/\/wlkskrakus.pl\/jezdziectwo\/wp-content\/uploads\/2023\/05\/MLJ-ranking-2019-RUNDA-BRAZOWA.pdf\">MLJ ranking 2019 RUNDA BR\u0104ZOWA<\/a><\/p><p><a href=\"https:\/\/wlkskrakus.pl\/jezdziectwo\/wp-content\/uploads\/2023\/05\/MLJ-ranking-2019-RUNDA-SREBRNA.pdf\">MLJ ranking 2019 RUNDA SREBRNA<\/a><\/p><p><a href=\"https:\/\/wlkskrakus.pl\/jezdziectwo\/wp-content\/uploads\/2023\/05\/MLJ-ranking-2019-RUNDA-ZLOTA.pdf\">MLJ ranking 2019 RUNDA Z\u0141OTA<\/a><\/p><p>\u00a0<\/p><p>5-7.04.2019 \u2013 https:\/\/zawodykonne.com\/zawody\/46\/56<\/p><p>3-5.05.2019 \u2013 https:\/\/zawodykonne.com\/zawody\/46\/62<\/p><p>7-9.06.2019 \u2013 https:\/\/zawodykonne.com\/zawody\/46\/67<\/p><p>28-30.06.2019 \u2013 https:\/\/zawodykonne.com\/zawody\/144\/44<\/p><\/div>\t\t\t\t\t\t<\/div>\n\t\t\t\t<\/div>\n\t\t\t\t\t<\/div>\n\t\t<\/div>\n\t\t\t\t\t\t\t<\/div>\n\t\t<\/section>\n\t\t\t\t\t<\/div>\n\t\t<\/div>\n\t\t\t\t\t\t\t<\/div>\n\t\t<\/section>\n\t\t\t\t\t\t\t<\/div>\n\t\t","protected":false},"excerpt":{"rendered":"<p>Wyniki Zawodnicy naszego klubu uprawiaj\u0105cy sportowo je\u017adziectwo w konkurencji skok\u00f3w przez przeszkodyi uje\u017cd\u017cenia, bior\u0105 licznie udzia\u0142 w zawodach. Wsp\u00f3\u0142zawodnicz\u0105 na arenie mi\u0119dzynarodowej, krajoweji regionalnej zajmuj\u0105c wysokie miejsca.S\u0105 uczestnikami Mistrzostw Europy i Polski, tak\u017ce Olimpiad M\u0142odzie\u017cyw konkurencji skok\u00f3w przez przeszkody. Zawodnicy WLKS Krakus s\u0105 cz\u0142onkami Kadry Narodowej oraz Kadry Ma\u0142opolski. Wszystkie aktualne sukcesy zawodnik\u00f3w WLKS Krakus &hellip;<\/p>\n<p class=\"read-more\"> <a class=\"\" href=\"https:\/\/wlkskrakus.pl\/jezdziectwo\/wyniki\/\"> <span class=\"screen-reader-text\">Wyniki<\/span> Read More \u00bb<\/a><\/p>\n","protected":false},"author":2,"featured_media":0,"parent":0,"menu_order":0,"comment_status":"closed","ping_status":"closed","template":"","meta":{"site-sidebar-layout":"no-sidebar","site-content-layout":"page-builder","ast-global-header-display":"","ast-main-header-display":"","ast-hfb-above-header-display":"","ast-hfb-below-header-display":"","ast-hfb-mobile-header-display":"","site-post-title":"disabled","ast-breadcrumbs-content":"","ast-featured-img":"disabled","footer-sml-layout":"","theme-transparent-header-meta":"default","adv-header-id-meta":"","stick-header-meta":"","header-above-stick-meta":"","header-main-stick-meta":"","header-below-stick-meta":"","footnotes":""},"class_list":["post-1942","page","type-page","status-publish","hentry"],"yoast_head":"<!-- This site is optimized with the Yoast SEO plugin v21.1 - https:\/\/yoast.com\/wordpress\/plugins\/seo\/ -->\n<title>Wyniki - WLKS KRAKUS SWOSZOWICE<\/title>\n<meta name=\"robots\" content=\"index, follow, max-snippet:-1, max-image-preview:large, max-video-preview:-1\" \/>\n<link rel=\"canonical\" href=\"https:\/\/wlkskrakus.pl\/jezdziectwo\/wyniki\/\" \/>\n<meta property=\"og:locale\" content=\"pl_PL\" \/>\n<meta property=\"og:type\" content=\"article\" \/>\n<meta property=\"og:title\" content=\"Wyniki - WLKS KRAKUS SWOSZOWICE\" \/>\n<meta property=\"og:description\" content=\"Wyniki Zawodnicy naszego klubu uprawiaj\u0105cy sportowo je\u017adziectwo w konkurencji skok\u00f3w przez przeszkodyi uje\u017cd\u017cenia, bior\u0105 licznie udzia\u0142 w zawodach. Wsp\u00f3\u0142zawodnicz\u0105 na arenie mi\u0119dzynarodowej, krajoweji regionalnej zajmuj\u0105c wysokie miejsca.S\u0105 uczestnikami Mistrzostw Europy i Polski, tak\u017ce Olimpiad M\u0142odzie\u017cyw konkurencji skok\u00f3w przez przeszkody. Zawodnicy WLKS Krakus s\u0105 cz\u0142onkami Kadry Narodowej oraz Kadry Ma\u0142opolski. Wszystkie aktualne sukcesy zawodnik\u00f3w WLKS Krakus &hellip; Wyniki Read More \u00bb\" \/>\n<meta property=\"og:url\" content=\"https:\/\/wlkskrakus.pl\/jezdziectwo\/wyniki\/\" \/>\n<meta property=\"og:site_name\" content=\"WLKS KRAKUS SWOSZOWICE\" \/>\n<meta property=\"article:modified_time\" content=\"2023-08-24T13:05:20+00:00\" \/>\n<meta property=\"og:image\" content=\"https:\/\/wlkskrakus.pl\/jezdziectwo\/wp-content\/uploads\/2023\/05\/rekreacja-5.jpg\" \/>\n<meta name=\"twitter:card\" content=\"summary_large_image\" \/>\n<meta name=\"twitter:label1\" content=\"Szacowany czas czytania\" \/>\n\t<meta name=\"twitter:data1\" content=\"2 minuty\" \/>\n<script type=\"application\/ld+json\" class=\"yoast-schema-graph\">{\"@context\":\"https:\/\/schema.org\",\"@graph\":[{\"@type\":\"WebPage\",\"@id\":\"https:\/\/wlkskrakus.pl\/jezdziectwo\/wyniki\/\",\"url\":\"https:\/\/wlkskrakus.pl\/jezdziectwo\/wyniki\/\",\"name\":\"Wyniki - WLKS KRAKUS SWOSZOWICE\",\"isPartOf\":{\"@id\":\"https:\/\/wlkskrakus.pl\/jezdziectwo\/#website\"},\"datePublished\":\"2023-04-20T09:58:01+00:00\",\"dateModified\":\"2023-08-24T13:05:20+00:00\",\"breadcrumb\":{\"@id\":\"https:\/\/wlkskrakus.pl\/jezdziectwo\/wyniki\/#breadcrumb\"},\"inLanguage\":\"pl-PL\",\"potentialAction\":[{\"@type\":\"ReadAction\",\"target\":[\"https:\/\/wlkskrakus.pl\/jezdziectwo\/wyniki\/\"]}]},{\"@type\":\"BreadcrumbList\",\"@id\":\"https:\/\/wlkskrakus.pl\/jezdziectwo\/wyniki\/#breadcrumb\",\"itemListElement\":[{\"@type\":\"ListItem\",\"position\":1,\"name\":\"Strona g\u0142\u00f3wna\",\"item\":\"https:\/\/wlkskrakus.pl\/jezdziectwo\/\"},{\"@type\":\"ListItem\",\"position\":2,\"name\":\"Wyniki\"}]},{\"@type\":\"WebSite\",\"@id\":\"https:\/\/wlkskrakus.pl\/jezdziectwo\/#website\",\"url\":\"https:\/\/wlkskrakus.pl\/jezdziectwo\/\",\"name\":\"WLKS KRAKUS SWOSZOWICE\",\"description\":\"SEKCJA JE\u0179DZIECKA\",\"publisher\":{\"@id\":\"https:\/\/wlkskrakus.pl\/jezdziectwo\/#organization\"},\"potentialAction\":[{\"@type\":\"SearchAction\",\"target\":{\"@type\":\"EntryPoint\",\"urlTemplate\":\"https:\/\/wlkskrakus.pl\/jezdziectwo\/?s={search_term_string}\"},\"query-input\":\"required name=search_term_string\"}],\"inLanguage\":\"pl-PL\"},{\"@type\":\"Organization\",\"@id\":\"https:\/\/wlkskrakus.pl\/jezdziectwo\/#organization\",\"name\":\"WLKS KRAKUS SWOSZOWICE\",\"url\":\"https:\/\/wlkskrakus.pl\/jezdziectwo\/\",\"logo\":{\"@type\":\"ImageObject\",\"inLanguage\":\"pl-PL\",\"@id\":\"https:\/\/wlkskrakus.pl\/jezdziectwo\/#\/schema\/logo\/image\/\",\"url\":\"https:\/\/wlkskrakus.pl\/jezdziectwo\/wp-content\/uploads\/2023\/03\/cropped-logo.png\",\"contentUrl\":\"https:\/\/wlkskrakus.pl\/jezdziectwo\/wp-content\/uploads\/2023\/03\/cropped-logo.png\",\"width\":512,\"height\":512,\"caption\":\"WLKS KRAKUS SWOSZOWICE\"},\"image\":{\"@id\":\"https:\/\/wlkskrakus.pl\/jezdziectwo\/#\/schema\/logo\/image\/\"}}]}<\/script>\n<!-- \/ Yoast SEO plugin. -->","yoast_head_json":{"title":"Wyniki - WLKS KRAKUS SWOSZOWICE","robots":{"index":"index","follow":"follow","max-snippet":"max-snippet:-1","max-image-preview":"max-image-preview:large","max-video-preview":"max-video-preview:-1"},"canonical":"https:\/\/wlkskrakus.pl\/jezdziectwo\/wyniki\/","og_locale":"pl_PL","og_type":"article","og_title":"Wyniki - WLKS KRAKUS SWOSZOWICE","og_description":"Wyniki Zawodnicy naszego klubu uprawiaj\u0105cy sportowo je\u017adziectwo w konkurencji skok\u00f3w przez przeszkodyi uje\u017cd\u017cenia, bior\u0105 licznie udzia\u0142 w zawodach. Wsp\u00f3\u0142zawodnicz\u0105 na arenie mi\u0119dzynarodowej, krajoweji regionalnej zajmuj\u0105c wysokie miejsca.S\u0105 uczestnikami Mistrzostw Europy i Polski, tak\u017ce Olimpiad M\u0142odzie\u017cyw konkurencji skok\u00f3w przez przeszkody. Zawodnicy WLKS Krakus s\u0105 cz\u0142onkami Kadry Narodowej oraz Kadry Ma\u0142opolski. Wszystkie aktualne sukcesy zawodnik\u00f3w WLKS Krakus &hellip; Wyniki Read More \u00bb","og_url":"https:\/\/wlkskrakus.pl\/jezdziectwo\/wyniki\/","og_site_name":"WLKS KRAKUS SWOSZOWICE","article_modified_time":"2023-08-24T13:05:20+00:00","og_image":[{"url":"https:\/\/wlkskrakus.pl\/jezdziectwo\/wp-content\/uploads\/2023\/05\/rekreacja-5.jpg"}],"twitter_card":"summary_large_image","twitter_misc":{"Szacowany czas czytania":"2 minuty"},"schema":{"@context":"https:\/\/schema.org","@graph":[{"@type":"WebPage","@id":"https:\/\/wlkskrakus.pl\/jezdziectwo\/wyniki\/","url":"https:\/\/wlkskrakus.pl\/jezdziectwo\/wyniki\/","name":"Wyniki - WLKS KRAKUS SWOSZOWICE","isPartOf":{"@id":"https:\/\/wlkskrakus.pl\/jezdziectwo\/#website"},"datePublished":"2023-04-20T09:58:01+00:00","dateModified":"2023-08-24T13:05:20+00:00","breadcrumb":{"@id":"https:\/\/wlkskrakus.pl\/jezdziectwo\/wyniki\/#breadcrumb"},"inLanguage":"pl-PL","potentialAction":[{"@type":"ReadAction","target":["https:\/\/wlkskrakus.pl\/jezdziectwo\/wyniki\/"]}]},{"@type":"BreadcrumbList","@id":"https:\/\/wlkskrakus.pl\/jezdziectwo\/wyniki\/#breadcrumb","itemListElement":[{"@type":"ListItem","position":1,"name":"Strona g\u0142\u00f3wna","item":"https:\/\/wlkskrakus.pl\/jezdziectwo\/"},{"@type":"ListItem","position":2,"name":"Wyniki"}]},{"@type":"WebSite","@id":"https:\/\/wlkskrakus.pl\/jezdziectwo\/#website","url":"https:\/\/wlkskrakus.pl\/jezdziectwo\/","name":"WLKS KRAKUS SWOSZOWICE","description":"SEKCJA JE\u0179DZIECKA","publisher":{"@id":"https:\/\/wlkskrakus.pl\/jezdziectwo\/#organization"},"potentialAction":[{"@type":"SearchAction","target":{"@type":"EntryPoint","urlTemplate":"https:\/\/wlkskrakus.pl\/jezdziectwo\/?s={search_term_string}"},"query-input":"required name=search_term_string"}],"inLanguage":"pl-PL"},{"@type":"Organization","@id":"https:\/\/wlkskrakus.pl\/jezdziectwo\/#organization","name":"WLKS KRAKUS SWOSZOWICE","url":"https:\/\/wlkskrakus.pl\/jezdziectwo\/","logo":{"@type":"ImageObject","inLanguage":"pl-PL","@id":"https:\/\/wlkskrakus.pl\/jezdziectwo\/#\/schema\/logo\/image\/","url":"https:\/\/wlkskrakus.pl\/jezdziectwo\/wp-content\/uploads\/2023\/03\/cropped-logo.png","contentUrl":"https:\/\/wlkskrakus.pl\/jezdziectwo\/wp-content\/uploads\/2023\/03\/cropped-logo.png","width":512,"height":512,"caption":"WLKS KRAKUS SWOSZOWICE"},"image":{"@id":"https:\/\/wlkskrakus.pl\/jezdziectwo\/#\/schema\/logo\/image\/"}}]}},"_links":{"self":[{"href":"https:\/\/wlkskrakus.pl\/jezdziectwo\/wp-json\/wp\/v2\/pages\/1942","targetHints":{"allow":["GET"]}}],"collection":[{"href":"https:\/\/wlkskrakus.pl\/jezdziectwo\/wp-json\/wp\/v2\/pages"}],"about":[{"href":"https:\/\/wlkskrakus.pl\/jezdziectwo\/wp-json\/wp\/v2\/types\/page"}],"author":[{"embeddable":true,"href":"https:\/\/wlkskrakus.pl\/jezdziectwo\/wp-json\/wp\/v2\/users\/2"}],"replies":[{"embeddable":true,"href":"https:\/\/wlkskrakus.pl\/jezdziectwo\/wp-json\/wp\/v2\/comments?post=1942"}],"version-history":[{"count":0,"href":"https:\/\/wlkskrakus.pl\/jezdziectwo\/wp-json\/wp\/v2\/pages\/1942\/revisions"}],"wp:attachment":[{"href":"https:\/\/wlkskrakus.pl\/jezdziectwo\/wp-json\/wp\/v2\/media?parent=1942"}],"curies":[{"name":"wp","href":"https:\/\/api.w.org\/{rel}","templated":true}]}}