{"id":1738,"date":"2023-03-16T15:28:38","date_gmt":"2023-03-16T14:28:38","guid":{"rendered":"https:\/\/wlks.krenet.pl\/?page_id=1738"},"modified":"2025-05-21T12:01:27","modified_gmt":"2025-05-21T10:01:27","slug":"galeria","status":"publish","type":"page","link":"https:\/\/wlkskrakus.pl\/kolarstwo\/galeria\/","title":{"rendered":"Galeria"},"content":{"rendered":"\t\t<div data-elementor-type=\"wp-post\" data-elementor-id=\"1738\" class=\"elementor elementor-1738\">\n\t\t\t\t\t\t\t\t\t<section class=\"elementor-section elementor-top-section elementor-element elementor-element-74ba2fac elementor-section-boxed elementor-section-height-default elementor-section-height-default\" data-id=\"74ba2fac\" data-element_type=\"section\" data-settings=\"{&quot;background_background&quot;:&quot;classic&quot;,&quot;shape_divider_bottom&quot;:&quot;triangle&quot;,&quot;shape_divider_bottom_negative&quot;:&quot;yes&quot;}\">\n\t\t\t\t\t\t\t<div class=\"elementor-background-overlay\"><\/div>\n\t\t\t\t\t\t<div class=\"elementor-shape elementor-shape-bottom\" data-negative=\"true\">\n\t\t\t<svg xmlns=\"http:\/\/www.w3.org\/2000\/svg\" viewBox=\"0 0 1000 100\" preserveAspectRatio=\"none\">\n\t<path class=\"elementor-shape-fill\" d=\"M500.2,94.7L0,0v100h1000V0L500.2,94.7z\"\/>\n<\/svg>\t\t<\/div>\n\t\t\t\t\t<div class=\"elementor-container elementor-column-gap-default\">\n\t\t\t\t\t<div class=\"elementor-column elementor-col-100 elementor-top-column elementor-element elementor-element-23262dea\" data-id=\"23262dea\" data-element_type=\"column\">\n\t\t\t<div class=\"elementor-widget-wrap elementor-element-populated\">\n\t\t\t\t\t\t\t\t<div class=\"elementor-element elementor-element-27af6558 elementor-widget elementor-widget-heading\" data-id=\"27af6558\" data-element_type=\"widget\" data-settings=\"{&quot;_animation&quot;:&quot;none&quot;}\" data-widget_type=\"heading.default\">\n\t\t\t\t<div class=\"elementor-widget-container\">\n\t\t\t<style>\/*! elementor - v3.15.0 - 20-08-2023 *\/\n.elementor-heading-title{padding:0;margin:0;line-height:1}.elementor-widget-heading .elementor-heading-title[class*=elementor-size-]>a{color:inherit;font-size:inherit;line-height:inherit}.elementor-widget-heading .elementor-heading-title.elementor-size-small{font-size:15px}.elementor-widget-heading .elementor-heading-title.elementor-size-medium{font-size:19px}.elementor-widget-heading .elementor-heading-title.elementor-size-large{font-size:29px}.elementor-widget-heading .elementor-heading-title.elementor-size-xl{font-size:39px}.elementor-widget-heading .elementor-heading-title.elementor-size-xxl{font-size:59px}<\/style><h1 class=\"elementor-heading-title elementor-size-default\">Galeria<\/h1>\t\t<\/div>\n\t\t\t\t<\/div>\n\t\t\t\t\t<\/div>\n\t\t<\/div>\n\t\t\t\t\t\t\t<\/div>\n\t\t<\/section>\n\t\t\t\t<section class=\"elementor-section elementor-top-section elementor-element elementor-element-c9d3355 gallery-ki-cst elementor-section-boxed elementor-section-height-default elementor-section-height-default\" data-id=\"c9d3355\" data-element_type=\"section\">\n\t\t\t\t\t\t<div class=\"elementor-container elementor-column-gap-default\">\n\t\t\t\t\t<div class=\"elementor-column elementor-col-100 elementor-top-column elementor-element elementor-element-95ca293\" data-id=\"95ca293\" data-element_type=\"column\">\n\t\t\t<div class=\"elementor-widget-wrap elementor-element-populated\">\n\t\t\t\t\t\t\t\t<div class=\"elementor-element elementor-element-d7ece6c elementor-widget elementor-widget-be-timeline\" data-id=\"d7ece6c\" data-element_type=\"widget\" data-widget_type=\"be-timeline.default\">\n\t\t\t\t<div class=\"elementor-widget-container\">\n\t\t\t<ul class=\"be-pack timeline\"><li class=\"timeline-inverted\"><div class=\"tl-circ\"><\/div>\n\t\t\t  <div class=\"timeline-panel\">\n\t\t\t\t<div class=\"tl-heading\">\n\t\t\t\t\t<div class=\"tl-content\">\n\t\t\t\t\t\t\n\t\t\t\t\t\t<div class=\"be-desc\">\n\t\t\t\t\t\t<h4 class=\"be-title d-block\">Rok 2025<\/h4>\n\t\t\t\t\t\t<div class=\"be-content\"><p>Sprawd\u017a galeri\u0119 z roku 2025<\/p><p><a href=\"https:\/\/wlkskrakus.pl\/kolarstwo\/galeria\/galeria-sekcja-rok-2025\/\">Przejd\u017a do galerii<\/a><\/p><\/div>\n\t\t\t\t\t\t<\/div>\n\t\t\t\t\t<\/div>\n\t\t\t\t<\/div>\n\t\t\t  <\/div>\n\t\t\t<\/li><li class=\"timeline-right\"><div class=\"tl-circ\"><\/div>\n\t\t\t  <div class=\"timeline-panel\">\n\t\t\t\t<div class=\"tl-heading\">\n\t\t\t\t\t<div class=\"tl-content\">\n\t\t\t\t\t\t\n\t\t\t\t\t\t<div class=\"be-desc\">\n\t\t\t\t\t\t<h4 class=\"be-title d-block\">Rok 2024<\/h4>\n\t\t\t\t\t\t<div class=\"be-content\"><p>Sprawd\u017a galeri\u0119 z roku 2024<\/p><p><a href=\"https:\/\/wlkskrakus.pl\/kolarstwo\/galeria\/rok-2024\/\">Przejd\u017a do galerii<\/a><\/p><\/div>\n\t\t\t\t\t\t<\/div>\n\t\t\t\t\t<\/div>\n\t\t\t\t<\/div>\n\t\t\t  <\/div>\n\t\t\t<\/li><li class=\"timeline-inverted\"><div class=\"tl-circ\"><\/div>\n\t\t\t  <div class=\"timeline-panel\">\n\t\t\t\t<div class=\"tl-heading\">\n\t\t\t\t\t<div class=\"tl-content\">\n\t\t\t\t\t\t\n\t\t\t\t\t\t<div class=\"be-desc\">\n\t\t\t\t\t\t<h4 class=\"be-title d-block\">Rok 2023<\/h4>\n\t\t\t\t\t\t<div class=\"be-content\"><p>Sprawd\u017a galeri\u0119 z roku 2023<\/p><p><a href=\"https:\/\/wlkskrakus.pl\/kolarstwo\/?page_id=2859&amp;preview=true\">Przejd\u017a do galerii<\/a><\/p><\/div>\n\t\t\t\t\t\t<\/div>\n\t\t\t\t\t<\/div>\n\t\t\t\t<\/div>\n\t\t\t  <\/div>\n\t\t\t<\/li><li class=\"timeline-right\"><div class=\"tl-circ\"><\/div>\n\t\t\t  <div class=\"timeline-panel\">\n\t\t\t\t<div class=\"tl-heading\">\n\t\t\t\t\t<div class=\"tl-content\">\n\t\t\t\t\t\t\n\t\t\t\t\t\t<div class=\"be-desc\">\n\t\t\t\t\t\t<h4 class=\"be-title d-block\">Rok 2022<\/h4>\n\t\t\t\t\t\t<div class=\"be-content\"><p>Sprawd\u017a galeri\u0119 z roku 2022<\/p><p><a href=\"https:\/\/wlkskrakus.pl\/kolarstwo\/?page_id=2857&amp;preview=true\">Przejd\u017a do galerii<\/a><\/p><\/div>\n\t\t\t\t\t\t<\/div>\n\t\t\t\t\t<\/div>\n\t\t\t\t<\/div>\n\t\t\t  <\/div>\n\t\t\t<\/li><li class=\"timeline-inverted\"><div class=\"tl-circ\"><\/div>\n\t\t\t  <div class=\"timeline-panel\">\n\t\t\t\t<div class=\"tl-heading\">\n\t\t\t\t\t<div class=\"tl-content\">\n\t\t\t\t\t\t\n\t\t\t\t\t\t<div class=\"be-desc\">\n\t\t\t\t\t\t<h4 class=\"be-title d-block\">ROK 2021<\/h4>\n\t\t\t\t\t\t<div class=\"be-content\"><p>Sprawd\u017a galeri\u0119 z roku 2021<\/p><p><a href=\"https:\/\/wlkskrakus.pl\/kolarstwo\/?page_id=2855&amp;preview=true\">Przejd\u017a do galerii<\/a><\/p><\/div>\n\t\t\t\t\t\t<\/div>\n\t\t\t\t\t<\/div>\n\t\t\t\t<\/div>\n\t\t\t  <\/div>\n\t\t\t<\/li><li class=\"timeline-right\"><div class=\"tl-circ\"><\/div>\n\t\t\t  <div class=\"timeline-panel\">\n\t\t\t\t<div class=\"tl-heading\">\n\t\t\t\t\t<div class=\"tl-content\">\n\t\t\t\t\t\t\n\t\t\t\t\t\t<div class=\"be-desc\">\n\t\t\t\t\t\t<h4 class=\"be-title d-block\">ROK 2020<\/h4>\n\t\t\t\t\t\t<div class=\"be-content\"><p>Sprawd\u017a galeri\u0119 z roku 2020<\/p><p><a href=\"https:\/\/wlkskrakus.pl\/kolarstwo\/galeria\/galeria-sekcja-rok-2020\/\">Przejd\u017a do galerii<\/a><\/p><\/div>\n\t\t\t\t\t\t<\/div>\n\t\t\t\t\t<\/div>\n\t\t\t\t<\/div>\n\t\t\t  <\/div>\n\t\t\t<\/li><li class=\"timeline-inverted\"><div class=\"tl-circ\"><\/div>\n\t\t\t  <div class=\"timeline-panel\">\n\t\t\t\t<div class=\"tl-heading\">\n\t\t\t\t\t<div class=\"tl-content\">\n\t\t\t\t\t\t\n\t\t\t\t\t\t<div class=\"be-desc\">\n\t\t\t\t\t\t<h4 class=\"be-title d-block\">ROK 2019<\/h4>\n\t\t\t\t\t\t<div class=\"be-content\"><p>Sprawd\u017a galeri\u0119 z roku 2019<\/p><p><a href=\"https:\/\/wlkskrakus.pl\/kolarstwo\/galeria\/galeria-sekcja-rok-2019\/\">Przejd\u017a do galerii<\/a><\/p><\/div>\n\t\t\t\t\t\t<\/div>\n\t\t\t\t\t<\/div>\n\t\t\t\t<\/div>\n\t\t\t  <\/div>\n\t\t\t<\/li><li class=\"timeline-right\"><div class=\"tl-circ\"><\/div>\n\t\t\t  <div class=\"timeline-panel\">\n\t\t\t\t<div class=\"tl-heading\">\n\t\t\t\t\t<div class=\"tl-content\">\n\t\t\t\t\t\t\n\t\t\t\t\t\t<div class=\"be-desc\">\n\t\t\t\t\t\t<h4 class=\"be-title d-block\">ROK 2018<\/h4>\n\t\t\t\t\t\t<div class=\"be-content\"><p>Sprawd\u017a galeri\u0119 z roku 2018<\/p><p><a href=\"https:\/\/wlkskrakus.pl\/kolarstwo\/galeria\/galeria-sekcja-rok-2018\/\">Przejd\u017a do galerii<\/a><\/p><\/div>\n\t\t\t\t\t\t<\/div>\n\t\t\t\t\t<\/div>\n\t\t\t\t<\/div>\n\t\t\t  <\/div>\n\t\t\t<\/li><li class=\"timeline-inverted\"><div class=\"tl-circ\"><\/div>\n\t\t\t  <div class=\"timeline-panel\">\n\t\t\t\t<div class=\"tl-heading\">\n\t\t\t\t\t<div class=\"tl-content\">\n\t\t\t\t\t\t\n\t\t\t\t\t\t<div class=\"be-desc\">\n\t\t\t\t\t\t<h4 class=\"be-title d-block\">ROK 2017<\/h4>\n\t\t\t\t\t\t<div class=\"be-content\"><p>Sprawd\u017a galeri\u0119 z roku 2017<\/p><p><a href=\"https:\/\/wlkskrakus.pl\/kolarstwo\/galeria\/galeria-sekcja-rok-2017\/\">Przejd\u017a do galerii<\/a><\/p><\/div>\n\t\t\t\t\t\t<\/div>\n\t\t\t\t\t<\/div>\n\t\t\t\t<\/div>\n\t\t\t  <\/div>\n\t\t\t<\/li><li class=\"timeline-right\"><div class=\"tl-circ\"><\/div>\n\t\t\t  <div class=\"timeline-panel\">\n\t\t\t\t<div class=\"tl-heading\">\n\t\t\t\t\t<div class=\"tl-content\">\n\t\t\t\t\t\t\n\t\t\t\t\t\t<div class=\"be-desc\">\n\t\t\t\t\t\t<h4 class=\"be-title d-block\">ROK 2016<\/h4>\n\t\t\t\t\t\t<div class=\"be-content\"><p>Sprawd\u017a galeri\u0119 z roku 2016<\/p><p><a href=\"https:\/\/wlkskrakus.pl\/kolarstwo\/galeria\/galeria-sekcja-rok-2016\/\">Przejd\u017a do galerii<\/a><\/p><\/div>\n\t\t\t\t\t\t<\/div>\n\t\t\t\t\t<\/div>\n\t\t\t\t<\/div>\n\t\t\t  <\/div>\n\t\t\t<\/li><li class=\"timeline-inverted\"><div class=\"tl-circ\"><\/div>\n\t\t\t  <div class=\"timeline-panel\">\n\t\t\t\t<div class=\"tl-heading\">\n\t\t\t\t\t<div class=\"tl-content\">\n\t\t\t\t\t\t\n\t\t\t\t\t\t<div class=\"be-desc\">\n\t\t\t\t\t\t<h4 class=\"be-title d-block\">ROK 2015<\/h4>\n\t\t\t\t\t\t<div class=\"be-content\"><p>Sprawd\u017a galeri\u0119 z roku 2015<\/p><p><a href=\"https:\/\/wlkskrakus.pl\/kolarstwo\/galeria\/galeria-sekcja-rok-2015\/\">Przejd\u017a do galerii<\/a><\/p><\/div>\n\t\t\t\t\t\t<\/div>\n\t\t\t\t\t<\/div>\n\t\t\t\t<\/div>\n\t\t\t  <\/div>\n\t\t\t<\/li><li class=\"timeline-right\"><div class=\"tl-circ\"><\/div>\n\t\t\t  <div class=\"timeline-panel\">\n\t\t\t\t<div class=\"tl-heading\">\n\t\t\t\t\t<div class=\"tl-content\">\n\t\t\t\t\t\t\n\t\t\t\t\t\t<div class=\"be-desc\">\n\t\t\t\t\t\t<h4 class=\"be-title d-block\">ROK 2014<\/h4>\n\t\t\t\t\t\t<div class=\"be-content\"><p>Sprawd\u017a galeri\u0119 z roku 2014<\/p><p><a href=\"https:\/\/wlkskrakus.pl\/kolarstwo\/galeria\/galeria-sekcja-rok-2014\/\">Przejd\u017a do galerii<\/a><\/p><\/div>\n\t\t\t\t\t\t<\/div>\n\t\t\t\t\t<\/div>\n\t\t\t\t<\/div>\n\t\t\t  <\/div>\n\t\t\t<\/li><li class=\"timeline-inverted\"><div class=\"tl-circ\"><\/div>\n\t\t\t  <div class=\"timeline-panel\">\n\t\t\t\t<div class=\"tl-heading\">\n\t\t\t\t\t<div class=\"tl-content\">\n\t\t\t\t\t\t\n\t\t\t\t\t\t<div class=\"be-desc\">\n\t\t\t\t\t\t<h4 class=\"be-title d-block\">ROK 2013<\/h4>\n\t\t\t\t\t\t<div class=\"be-content\"><p>Sprawd\u017a galeri\u0119 z roku 2013<\/p><p><a href=\"https:\/\/wlkskrakus.pl\/kolarstwo\/galeria\/galeria-sekcja-rok-2013\/\">Przejd\u017a do galerii<\/a><\/p><\/div>\n\t\t\t\t\t\t<\/div>\n\t\t\t\t\t<\/div>\n\t\t\t\t<\/div>\n\t\t\t  <\/div>\n\t\t\t<\/li><li class=\"timeline-right\"><div class=\"tl-circ\"><\/div>\n\t\t\t  <div class=\"timeline-panel\">\n\t\t\t\t<div class=\"tl-heading\">\n\t\t\t\t\t<div class=\"tl-content\">\n\t\t\t\t\t\t\n\t\t\t\t\t\t<div class=\"be-desc\">\n\t\t\t\t\t\t<h4 class=\"be-title d-block\">ROK 2012<\/h4>\n\t\t\t\t\t\t<div class=\"be-content\"><p>Sprawd\u017a galeri\u0119 z roku 2012<\/p><p><a href=\"https:\/\/wlkskrakus.pl\/kolarstwo\/galeria\/galeria-sekcja-rok-2012\/\">Przejd\u017a do galerii<\/a><\/p><\/div>\n\t\t\t\t\t\t<\/div>\n\t\t\t\t\t<\/div>\n\t\t\t\t<\/div>\n\t\t\t  <\/div>\n\t\t\t<\/li><li class=\"timeline-inverted\"><div class=\"tl-circ\"><\/div>\n\t\t\t  <div class=\"timeline-panel\">\n\t\t\t\t<div class=\"tl-heading\">\n\t\t\t\t\t<div class=\"tl-content\">\n\t\t\t\t\t\t\n\t\t\t\t\t\t<div class=\"be-desc\">\n\t\t\t\t\t\t<h4 class=\"be-title d-block\">ROK 2011<\/h4>\n\t\t\t\t\t\t<div class=\"be-content\"><p>Sprawd\u017a galeri\u0119 z roku 2011<\/p><p><a href=\"https:\/\/wlkskrakus.pl\/kolarstwo\/galeria\/galeria-sekcja-rok-2011\/\">Przejd\u017a do galerii<\/a><\/p><\/div>\n\t\t\t\t\t\t<\/div>\n\t\t\t\t\t<\/div>\n\t\t\t\t<\/div>\n\t\t\t  <\/div>\n\t\t\t<\/li><li class=\"timeline-right\"><div class=\"tl-circ\"><\/div>\n\t\t\t  <div class=\"timeline-panel\">\n\t\t\t\t<div class=\"tl-heading\">\n\t\t\t\t\t<div class=\"tl-content\">\n\t\t\t\t\t\t\n\t\t\t\t\t\t<div class=\"be-desc\">\n\t\t\t\t\t\t<h4 class=\"be-title d-block\">ROK 2010<\/h4>\n\t\t\t\t\t\t<div class=\"be-content\"><p>Sprawd\u017a galeri\u0119 z roku 2010<\/p><p><a href=\"https:\/\/wlkskrakus.pl\/kolarstwo\/galeria\/galeria-sekcja-rok-2010\/\">Przejd\u017a do galerii<\/a><\/p><\/div>\n\t\t\t\t\t\t<\/div>\n\t\t\t\t\t<\/div>\n\t\t\t\t<\/div>\n\t\t\t  <\/div>\n\t\t\t<\/li><li class=\"timeline-inverted\"><div class=\"tl-circ\"><\/div>\n\t\t\t  <div class=\"timeline-panel\">\n\t\t\t\t<div class=\"tl-heading\">\n\t\t\t\t\t<div class=\"tl-content\">\n\t\t\t\t\t\t\n\t\t\t\t\t\t<div class=\"be-desc\">\n\t\t\t\t\t\t<h4 class=\"be-title d-block\">ROK 2009<\/h4>\n\t\t\t\t\t\t<div class=\"be-content\"><p>Sprawd\u017a galeri\u0119 z roku 2009<\/p><p><a href=\"https:\/\/wlkskrakus.pl\/kolarstwo\/galeria\/galeria-sekcja-rok-2009\/\">Przejd\u017a do galerii<\/a><\/p><\/div>\n\t\t\t\t\t\t<\/div>\n\t\t\t\t\t<\/div>\n\t\t\t\t<\/div>\n\t\t\t  <\/div>\n\t\t\t<\/li><li class=\"timeline-right\"><div class=\"tl-circ\"><\/div>\n\t\t\t  <div class=\"timeline-panel\">\n\t\t\t\t<div class=\"tl-heading\">\n\t\t\t\t\t<div class=\"tl-content\">\n\t\t\t\t\t\t\n\t\t\t\t\t\t<div class=\"be-desc\">\n\t\t\t\t\t\t<h4 class=\"be-title d-block\">ROK 2008<\/h4>\n\t\t\t\t\t\t<div class=\"be-content\"><p>Sprawd\u017a galeri\u0119 z roku 2008<\/p><p><a href=\"https:\/\/wlkskrakus.pl\/kolarstwo\/galeria\/galeria-sekcja-rok-2008\/\">Przejd\u017a do galerii<\/a><\/p><\/div>\n\t\t\t\t\t\t<\/div>\n\t\t\t\t\t<\/div>\n\t\t\t\t<\/div>\n\t\t\t  <\/div>\n\t\t\t<\/li><li class=\"timeline-inverted\"><div class=\"tl-circ\"><\/div>\n\t\t\t  <div class=\"timeline-panel\">\n\t\t\t\t<div class=\"tl-heading\">\n\t\t\t\t\t<div class=\"tl-content\">\n\t\t\t\t\t\t\n\t\t\t\t\t\t<div class=\"be-desc\">\n\t\t\t\t\t\t<h4 class=\"be-title d-block\">ROK 2007<\/h4>\n\t\t\t\t\t\t<div class=\"be-content\"><p>Sprawd\u017a galeri\u0119 z roku 2007<\/p><p><a href=\"https:\/\/wlkskrakus.pl\/kolarstwo\/galeria\/galeria-sekcja-rok-2007\/\">Przejd\u017a do galerii<\/a><\/p><\/div>\n\t\t\t\t\t\t<\/div>\n\t\t\t\t\t<\/div>\n\t\t\t\t<\/div>\n\t\t\t  <\/div>\n\t\t\t<\/li><li class=\"timeline-right\"><div class=\"tl-circ\"><\/div>\n\t\t\t  <div class=\"timeline-panel\">\n\t\t\t\t<div class=\"tl-heading\">\n\t\t\t\t\t<div class=\"tl-content\">\n\t\t\t\t\t\t\n\t\t\t\t\t\t<div class=\"be-desc\">\n\t\t\t\t\t\t<h4 class=\"be-title d-block\">ROK 2006<\/h4>\n\t\t\t\t\t\t<div class=\"be-content\"><p>Sprawd\u017a galeri\u0119 z roku 2006<\/p><p><a href=\"https:\/\/wlkskrakus.pl\/kolarstwo\/galeria\/galeria-sekcja-rok-2006\/\">Przejd\u017a do galerii<\/a><\/p><\/div>\n\t\t\t\t\t\t<\/div>\n\t\t\t\t\t<\/div>\n\t\t\t\t<\/div>\n\t\t\t  <\/div>\n\t\t\t<\/li><li class=\"timeline-inverted\"><div class=\"tl-circ\"><\/div>\n\t\t\t  <div class=\"timeline-panel\">\n\t\t\t\t<div class=\"tl-heading\">\n\t\t\t\t\t<div class=\"tl-content\">\n\t\t\t\t\t\t\n\t\t\t\t\t\t<div class=\"be-desc\">\n\t\t\t\t\t\t<h4 class=\"be-title d-block\">ROK 2005<\/h4>\n\t\t\t\t\t\t<div class=\"be-content\"><p>Sprawd\u017a galeri\u0119 z roku 2005<\/p><p><a href=\"https:\/\/wlkskrakus.pl\/kolarstwo\/galeria\/galeria-sekcja-rok-2005\/\">Przejd\u017a do galerii<\/a><\/p><\/div>\n\t\t\t\t\t\t<\/div>\n\t\t\t\t\t<\/div>\n\t\t\t\t<\/div>\n\t\t\t  <\/div>\n\t\t\t<\/li><li class=\"timeline-right\"><div class=\"tl-circ\"><\/div>\n\t\t\t  <div class=\"timeline-panel\">\n\t\t\t\t<div class=\"tl-heading\">\n\t\t\t\t\t<div class=\"tl-content\">\n\t\t\t\t\t\t\n\t\t\t\t\t\t<div class=\"be-desc\">\n\t\t\t\t\t\t<h4 class=\"be-title d-block\">ROK 2003<\/h4>\n\t\t\t\t\t\t<div class=\"be-content\"><p>Sprawd\u017a galeri\u0119 z roku 2003<\/p><p><a href=\"https:\/\/wlkskrakus.pl\/kolarstwo\/galeria\/galeria-sekcja-rok-2003\/\">Przejd\u017a do galerii<\/a><\/p><\/div>\n\t\t\t\t\t\t<\/div>\n\t\t\t\t\t<\/div>\n\t\t\t\t<\/div>\n\t\t\t  <\/div>\n\t\t\t<\/li><li class=\"timeline-inverted\"><div class=\"tl-circ\"><\/div>\n\t\t\t  <div class=\"timeline-panel\">\n\t\t\t\t<div class=\"tl-heading\">\n\t\t\t\t\t<div class=\"tl-content\">\n\t\t\t\t\t\t\n\t\t\t\t\t\t<div class=\"be-desc\">\n\t\t\t\t\t\t<h4 class=\"be-title d-block\">Lata 2000-2002<\/h4>\n\t\t\t\t\t\t<div class=\"be-content\"><p>Sprawd\u017a galeri\u0119 z lat 2000-2002<\/p><p><a href=\"https:\/\/wlkskrakus.pl\/kolarstwo\/galeria\/galeria-sekcja-rok-2000-2002\/\">Przejd\u017a do galerii<\/a><\/p><\/div>\n\t\t\t\t\t\t<\/div>\n\t\t\t\t\t<\/div>\n\t\t\t\t<\/div>\n\t\t\t  <\/div>\n\t\t\t<\/li><li class=\"timeline-right\"><div class=\"tl-circ\"><\/div>\n\t\t\t  <div class=\"timeline-panel\">\n\t\t\t\t<div class=\"tl-heading\">\n\t\t\t\t\t<div class=\"tl-content\">\n\t\t\t\t\t\t\n\t\t\t\t\t\t<div class=\"be-desc\">\n\t\t\t\t\t\t<h4 class=\"be-title d-block\">Lata 1990-1999<\/h4>\n\t\t\t\t\t\t<div class=\"be-content\"><p>Sprawd\u017a galeri\u0119 z lat 1990-1999<\/p><p><a href=\"https:\/\/wlkskrakus.pl\/kolarstwo\/galeria\/galeria-sekcja-rok-1990-1999\/\">Przejd\u017a do galerii<\/a><\/p><\/div>\n\t\t\t\t\t\t<\/div>\n\t\t\t\t\t<\/div>\n\t\t\t\t<\/div>\n\t\t\t  <\/div>\n\t\t\t<\/li><li class=\"timeline-inverted\"><div class=\"tl-circ\"><\/div>\n\t\t\t  <div class=\"timeline-panel\">\n\t\t\t\t<div class=\"tl-heading\">\n\t\t\t\t\t<div class=\"tl-content\">\n\t\t\t\t\t\t\n\t\t\t\t\t\t<div class=\"be-desc\">\n\t\t\t\t\t\t<h4 class=\"be-title d-block\">Lata 1977-1990<\/h4>\n\t\t\t\t\t\t<div class=\"be-content\"><p>Sprawd\u017a galeri\u0119 z lat 1977-1990<\/p><p><a href=\"https:\/\/wlkskrakus.pl\/kolarstwo\/galeria\/galeria-sekcja-rok-1977-1990\/\">Przejd\u017a do galerii<\/a><\/p><\/div>\n\t\t\t\t\t\t<\/div>\n\t\t\t\t\t<\/div>\n\t\t\t\t<\/div>\n\t\t\t  <\/div>\n\t\t\t<\/li><\/ul>\t\t<\/div>\n\t\t\t\t<\/div>\n\t\t\t\t\t<\/div>\n\t\t<\/div>\n\t\t\t\t\t\t\t<\/div>\n\t\t<\/section>\n\t\t\t\t\t\t\t<\/div>\n\t\t","protected":false},"excerpt":{"rendered":"<p>Galeria Rok 2025 Sprawd\u017a galeri\u0119 z roku 2025 Przejd\u017a do galerii Rok 2024 Sprawd\u017a galeri\u0119 z roku 2024 Przejd\u017a do galerii Rok 2023 Sprawd\u017a galeri\u0119 z roku 2023 Przejd\u017a do galerii Rok 2022 Sprawd\u017a galeri\u0119 z roku 2022 Przejd\u017a do galerii ROK 2021 Sprawd\u017a galeri\u0119 z roku 2021 Przejd\u017a do galerii ROK 2020 Sprawd\u017a galeri\u0119 &hellip;<\/p>\n<p class=\"read-more\"> <a class=\"\" href=\"https:\/\/wlkskrakus.pl\/kolarstwo\/galeria\/\"> <span class=\"screen-reader-text\">Galeria<\/span> Read More \u00bb<\/a><\/p>\n","protected":false},"author":2,"featured_media":0,"parent":0,"menu_order":0,"comment_status":"closed","ping_status":"closed","template":"","meta":{"site-sidebar-layout":"no-sidebar","site-content-layout":"page-builder","ast-global-header-display":"","ast-main-header-display":"","ast-hfb-above-header-display":"","ast-hfb-below-header-display":"","ast-hfb-mobile-header-display":"","site-post-title":"disabled","ast-breadcrumbs-content":"","ast-featured-img":"disabled","footer-sml-layout":"","theme-transparent-header-meta":"default","adv-header-id-meta":"","stick-header-meta":"","header-above-stick-meta":"","header-main-stick-meta":"","header-below-stick-meta":"","footnotes":""},"class_list":["post-1738","page","type-page","status-publish","hentry"],"yoast_head":"<!-- This site is optimized with the Yoast SEO plugin v21.1 - https:\/\/yoast.com\/wordpress\/plugins\/seo\/ -->\n<title>Galeria - WLKS KRAKUS SWOSZOWICE<\/title>\n<meta name=\"robots\" content=\"index, follow, max-snippet:-1, max-image-preview:large, max-video-preview:-1\" \/>\n<link rel=\"canonical\" href=\"https:\/\/wlkskrakus.pl\/kolarstwo\/galeria\/\" \/>\n<meta property=\"og:locale\" content=\"pl_PL\" \/>\n<meta property=\"og:type\" content=\"article\" \/>\n<meta property=\"og:title\" content=\"Galeria - WLKS KRAKUS SWOSZOWICE\" \/>\n<meta property=\"og:description\" content=\"Galeria Rok 2025 Sprawd\u017a galeri\u0119 z roku 2025 Przejd\u017a do galerii Rok 2024 Sprawd\u017a galeri\u0119 z roku 2024 Przejd\u017a do galerii Rok 2023 Sprawd\u017a galeri\u0119 z roku 2023 Przejd\u017a do galerii Rok 2022 Sprawd\u017a galeri\u0119 z roku 2022 Przejd\u017a do galerii ROK 2021 Sprawd\u017a galeri\u0119 z roku 2021 Przejd\u017a do galerii ROK 2020 Sprawd\u017a galeri\u0119 &hellip; Galeria Read More \u00bb\" \/>\n<meta property=\"og:url\" content=\"https:\/\/wlkskrakus.pl\/kolarstwo\/galeria\/\" \/>\n<meta property=\"og:site_name\" content=\"WLKS KRAKUS SWOSZOWICE\" \/>\n<meta property=\"article:publisher\" content=\"https:\/\/www.facebook.com\/WLKSKRAKUS\/\" \/>\n<meta property=\"article:modified_time\" content=\"2025-05-21T10:01:27+00:00\" \/>\n<meta name=\"twitter:card\" content=\"summary_large_image\" \/>\n<meta name=\"twitter:label1\" content=\"Szacowany czas czytania\" \/>\n\t<meta name=\"twitter:data1\" content=\"2 minuty\" \/>\n<script type=\"application\/ld+json\" class=\"yoast-schema-graph\">{\"@context\":\"https:\/\/schema.org\",\"@graph\":[{\"@type\":\"WebPage\",\"@id\":\"https:\/\/wlkskrakus.pl\/kolarstwo\/galeria\/\",\"url\":\"https:\/\/wlkskrakus.pl\/kolarstwo\/galeria\/\",\"name\":\"Galeria - WLKS KRAKUS SWOSZOWICE\",\"isPartOf\":{\"@id\":\"https:\/\/wlkskrakus.pl\/kolarstwo\/#website\"},\"datePublished\":\"2023-03-16T14:28:38+00:00\",\"dateModified\":\"2025-05-21T10:01:27+00:00\",\"breadcrumb\":{\"@id\":\"https:\/\/wlkskrakus.pl\/kolarstwo\/galeria\/#breadcrumb\"},\"inLanguage\":\"pl-PL\",\"potentialAction\":[{\"@type\":\"ReadAction\",\"target\":[\"https:\/\/wlkskrakus.pl\/kolarstwo\/galeria\/\"]}]},{\"@type\":\"BreadcrumbList\",\"@id\":\"https:\/\/wlkskrakus.pl\/kolarstwo\/galeria\/#breadcrumb\",\"itemListElement\":[{\"@type\":\"ListItem\",\"position\":1,\"name\":\"Strona g\u0142\u00f3wna\",\"item\":\"https:\/\/wlkskrakus.pl\/kolarstwo\/\"},{\"@type\":\"ListItem\",\"position\":2,\"name\":\"Galeria\"}]},{\"@type\":\"WebSite\",\"@id\":\"https:\/\/wlkskrakus.pl\/kolarstwo\/#website\",\"url\":\"https:\/\/wlkskrakus.pl\/kolarstwo\/\",\"name\":\"WLKS KRAKUS SWOSZOWICE\",\"description\":\"SEKCJA KOLARSKA\",\"publisher\":{\"@id\":\"https:\/\/wlkskrakus.pl\/kolarstwo\/#organization\"},\"potentialAction\":[{\"@type\":\"SearchAction\",\"target\":{\"@type\":\"EntryPoint\",\"urlTemplate\":\"https:\/\/wlkskrakus.pl\/kolarstwo\/?s={search_term_string}\"},\"query-input\":\"required name=search_term_string\"}],\"inLanguage\":\"pl-PL\"},{\"@type\":\"Organization\",\"@id\":\"https:\/\/wlkskrakus.pl\/kolarstwo\/#organization\",\"name\":\"WLKS KRAKUS SWOSZOWICE\",\"url\":\"https:\/\/wlkskrakus.pl\/kolarstwo\/\",\"logo\":{\"@type\":\"ImageObject\",\"inLanguage\":\"pl-PL\",\"@id\":\"https:\/\/wlkskrakus.pl\/kolarstwo\/#\/schema\/logo\/image\/\",\"url\":\"https:\/\/wlkskrakus.pl\/kolarstwo\/wp-content\/uploads\/2023\/03\/cropped-logo.png\",\"contentUrl\":\"https:\/\/wlkskrakus.pl\/kolarstwo\/wp-content\/uploads\/2023\/03\/cropped-logo.png\",\"width\":512,\"height\":512,\"caption\":\"WLKS KRAKUS SWOSZOWICE\"},\"image\":{\"@id\":\"https:\/\/wlkskrakus.pl\/kolarstwo\/#\/schema\/logo\/image\/\"},\"sameAs\":[\"https:\/\/www.facebook.com\/WLKSKRAKUS\/\"]}]}<\/script>\n<!-- \/ Yoast SEO plugin. -->","yoast_head_json":{"title":"Galeria - WLKS KRAKUS SWOSZOWICE","robots":{"index":"index","follow":"follow","max-snippet":"max-snippet:-1","max-image-preview":"max-image-preview:large","max-video-preview":"max-video-preview:-1"},"canonical":"https:\/\/wlkskrakus.pl\/kolarstwo\/galeria\/","og_locale":"pl_PL","og_type":"article","og_title":"Galeria - WLKS KRAKUS SWOSZOWICE","og_description":"Galeria Rok 2025 Sprawd\u017a galeri\u0119 z roku 2025 Przejd\u017a do galerii Rok 2024 Sprawd\u017a galeri\u0119 z roku 2024 Przejd\u017a do galerii Rok 2023 Sprawd\u017a galeri\u0119 z roku 2023 Przejd\u017a do galerii Rok 2022 Sprawd\u017a galeri\u0119 z roku 2022 Przejd\u017a do galerii ROK 2021 Sprawd\u017a galeri\u0119 z roku 2021 Przejd\u017a do galerii ROK 2020 Sprawd\u017a galeri\u0119 &hellip; Galeria Read More \u00bb","og_url":"https:\/\/wlkskrakus.pl\/kolarstwo\/galeria\/","og_site_name":"WLKS KRAKUS SWOSZOWICE","article_publisher":"https:\/\/www.facebook.com\/WLKSKRAKUS\/","article_modified_time":"2025-05-21T10:01:27+00:00","twitter_card":"summary_large_image","twitter_misc":{"Szacowany czas czytania":"2 minuty"},"schema":{"@context":"https:\/\/schema.org","@graph":[{"@type":"WebPage","@id":"https:\/\/wlkskrakus.pl\/kolarstwo\/galeria\/","url":"https:\/\/wlkskrakus.pl\/kolarstwo\/galeria\/","name":"Galeria - WLKS KRAKUS SWOSZOWICE","isPartOf":{"@id":"https:\/\/wlkskrakus.pl\/kolarstwo\/#website"},"datePublished":"2023-03-16T14:28:38+00:00","dateModified":"2025-05-21T10:01:27+00:00","breadcrumb":{"@id":"https:\/\/wlkskrakus.pl\/kolarstwo\/galeria\/#breadcrumb"},"inLanguage":"pl-PL","potentialAction":[{"@type":"ReadAction","target":["https:\/\/wlkskrakus.pl\/kolarstwo\/galeria\/"]}]},{"@type":"BreadcrumbList","@id":"https:\/\/wlkskrakus.pl\/kolarstwo\/galeria\/#breadcrumb","itemListElement":[{"@type":"ListItem","position":1,"name":"Strona g\u0142\u00f3wna","item":"https:\/\/wlkskrakus.pl\/kolarstwo\/"},{"@type":"ListItem","position":2,"name":"Galeria"}]},{"@type":"WebSite","@id":"https:\/\/wlkskrakus.pl\/kolarstwo\/#website","url":"https:\/\/wlkskrakus.pl\/kolarstwo\/","name":"WLKS KRAKUS SWOSZOWICE","description":"SEKCJA KOLARSKA","publisher":{"@id":"https:\/\/wlkskrakus.pl\/kolarstwo\/#organization"},"potentialAction":[{"@type":"SearchAction","target":{"@type":"EntryPoint","urlTemplate":"https:\/\/wlkskrakus.pl\/kolarstwo\/?s={search_term_string}"},"query-input":"required name=search_term_string"}],"inLanguage":"pl-PL"},{"@type":"Organization","@id":"https:\/\/wlkskrakus.pl\/kolarstwo\/#organization","name":"WLKS KRAKUS SWOSZOWICE","url":"https:\/\/wlkskrakus.pl\/kolarstwo\/","logo":{"@type":"ImageObject","inLanguage":"pl-PL","@id":"https:\/\/wlkskrakus.pl\/kolarstwo\/#\/schema\/logo\/image\/","url":"https:\/\/wlkskrakus.pl\/kolarstwo\/wp-content\/uploads\/2023\/03\/cropped-logo.png","contentUrl":"https:\/\/wlkskrakus.pl\/kolarstwo\/wp-content\/uploads\/2023\/03\/cropped-logo.png","width":512,"height":512,"caption":"WLKS KRAKUS SWOSZOWICE"},"image":{"@id":"https:\/\/wlkskrakus.pl\/kolarstwo\/#\/schema\/logo\/image\/"},"sameAs":["https:\/\/www.facebook.com\/WLKSKRAKUS\/"]}]}},"_links":{"self":[{"href":"https:\/\/wlkskrakus.pl\/kolarstwo\/wp-json\/wp\/v2\/pages\/1738","targetHints":{"allow":["GET"]}}],"collection":[{"href":"https:\/\/wlkskrakus.pl\/kolarstwo\/wp-json\/wp\/v2\/pages"}],"about":[{"href":"https:\/\/wlkskrakus.pl\/kolarstwo\/wp-json\/wp\/v2\/types\/page"}],"author":[{"embeddable":true,"href":"https:\/\/wlkskrakus.pl\/kolarstwo\/wp-json\/wp\/v2\/users\/2"}],"replies":[{"embeddable":true,"href":"https:\/\/wlkskrakus.pl\/kolarstwo\/wp-json\/wp\/v2\/comments?post=1738"}],"version-history":[{"count":123,"href":"https:\/\/wlkskrakus.pl\/kolarstwo\/wp-json\/wp\/v2\/pages\/1738\/revisions"}],"predecessor-version":[{"id":10141,"href":"https:\/\/wlkskrakus.pl\/kolarstwo\/wp-json\/wp\/v2\/pages\/1738\/revisions\/10141"}],"wp:attachment":[{"href":"https:\/\/wlkskrakus.pl\/kolarstwo\/wp-json\/wp\/v2\/media?parent=1738"}],"curies":[{"name":"wp","href":"https:\/\/api.w.org\/{rel}","templated":true}]}}