{"id":2474,"date":"2024-07-17T16:25:51","date_gmt":"2024-07-17T14:25:51","guid":{"rendered":"https:\/\/wlkskrakus.pl\/kolarstwo\/?page_id=2474"},"modified":"2024-10-03T19:54:36","modified_gmt":"2024-10-03T17:54:36","slug":"wyscig-dobczyce","status":"publish","type":"page","link":"https:\/\/wlkskrakus.pl\/kolarstwo\/wyscig-dobczyce\/","title":{"rendered":"Wy\u015bcig Dobczyce"},"content":{"rendered":"\t\t<div data-elementor-type=\"wp-post\" data-elementor-id=\"2474\" class=\"elementor elementor-2474\">\n\t\t\t\t\t\t\t\t\t<section class=\"elementor-section elementor-top-section elementor-element elementor-element-74ba2fac elementor-section-boxed elementor-section-height-default elementor-section-height-default\" data-id=\"74ba2fac\" data-element_type=\"section\" data-settings=\"{&quot;background_background&quot;:&quot;classic&quot;,&quot;shape_divider_bottom&quot;:&quot;triangle&quot;,&quot;shape_divider_bottom_negative&quot;:&quot;yes&quot;}\">\n\t\t\t\t\t\t\t<div class=\"elementor-background-overlay\"><\/div>\n\t\t\t\t\t\t<div class=\"elementor-shape elementor-shape-bottom\" data-negative=\"true\">\n\t\t\t<svg xmlns=\"http:\/\/www.w3.org\/2000\/svg\" viewBox=\"0 0 1000 100\" preserveAspectRatio=\"none\">\n\t<path class=\"elementor-shape-fill\" d=\"M500.2,94.7L0,0v100h1000V0L500.2,94.7z\"\/>\n<\/svg>\t\t<\/div>\n\t\t\t\t\t<div class=\"elementor-container elementor-column-gap-default\">\n\t\t\t\t\t<div class=\"elementor-column elementor-col-100 elementor-top-column elementor-element elementor-element-23262dea\" data-id=\"23262dea\" data-element_type=\"column\">\n\t\t\t<div class=\"elementor-widget-wrap elementor-element-populated\">\n\t\t\t\t\t\t\t\t<div class=\"elementor-element elementor-element-27af6558 elementor-widget elementor-widget-heading\" data-id=\"27af6558\" data-element_type=\"widget\" data-settings=\"{&quot;_animation&quot;:&quot;none&quot;}\" data-widget_type=\"heading.default\">\n\t\t\t\t<div class=\"elementor-widget-container\">\n\t\t\t<style>\/*! elementor - v3.15.0 - 20-08-2023 *\/\n.elementor-heading-title{padding:0;margin:0;line-height:1}.elementor-widget-heading .elementor-heading-title[class*=elementor-size-]>a{color:inherit;font-size:inherit;line-height:inherit}.elementor-widget-heading .elementor-heading-title.elementor-size-small{font-size:15px}.elementor-widget-heading .elementor-heading-title.elementor-size-medium{font-size:19px}.elementor-widget-heading .elementor-heading-title.elementor-size-large{font-size:29px}.elementor-widget-heading .elementor-heading-title.elementor-size-xl{font-size:39px}.elementor-widget-heading .elementor-heading-title.elementor-size-xxl{font-size:59px}<\/style><h1 class=\"elementor-heading-title elementor-size-default\">Wy\u015bcig Dobczyce<\/h1>\t\t<\/div>\n\t\t\t\t<\/div>\n\t\t\t\t\t<\/div>\n\t\t<\/div>\n\t\t\t\t\t\t\t<\/div>\n\t\t<\/section>\n\t\t\t\t<section class=\"elementor-section elementor-top-section elementor-element elementor-element-4f7b632 elementor-section-boxed elementor-section-height-default elementor-section-height-default\" data-id=\"4f7b632\" data-element_type=\"section\">\n\t\t\t\t\t\t<div class=\"elementor-container elementor-column-gap-default\">\n\t\t\t\t\t<div class=\"elementor-column elementor-col-50 elementor-top-column elementor-element elementor-element-9a9aa69\" data-id=\"9a9aa69\" data-element_type=\"column\">\n\t\t\t<div class=\"elementor-widget-wrap elementor-element-populated\">\n\t\t\t\t\t\t\t\t<div class=\"elementor-element elementor-element-60a6949 elementor-widget elementor-widget-image\" data-id=\"60a6949\" data-element_type=\"widget\" data-widget_type=\"image.default\">\n\t\t\t\t<div class=\"elementor-widget-container\">\n\t\t\t<style>\/*! elementor - v3.15.0 - 20-08-2023 *\/\n.elementor-widget-image{text-align:center}.elementor-widget-image a{display:inline-block}.elementor-widget-image a img[src$=\".svg\"]{width:48px}.elementor-widget-image img{vertical-align:middle;display:inline-block}<\/style>\t\t\t\t\t\t\t\t\t\t\t\t<img decoding=\"async\" width=\"1024\" height=\"683\" src=\"https:\/\/wlkskrakus.pl\/kolarstwo\/wp-content\/uploads\/2024\/10\/Dobczyce-2024_IV-Etap_0728-1024x683.jpg\" class=\"attachment-large size-large wp-image-3309\" alt=\"Dobczyce 2024 IV Etap 0728\" srcset=\"https:\/\/wlkskrakus.pl\/kolarstwo\/wp-content\/uploads\/2024\/10\/Dobczyce-2024_IV-Etap_0728-1024x683.jpg 1024w, https:\/\/wlkskrakus.pl\/kolarstwo\/wp-content\/uploads\/2024\/10\/Dobczyce-2024_IV-Etap_0728-300x200.jpg 300w, https:\/\/wlkskrakus.pl\/kolarstwo\/wp-content\/uploads\/2024\/10\/Dobczyce-2024_IV-Etap_0728-768x512.jpg 768w, https:\/\/wlkskrakus.pl\/kolarstwo\/wp-content\/uploads\/2024\/10\/Dobczyce-2024_IV-Etap_0728-1536x1024.jpg 1536w, https:\/\/wlkskrakus.pl\/kolarstwo\/wp-content\/uploads\/2024\/10\/Dobczyce-2024_IV-Etap_0728-2048x1365.jpg 2048w\" sizes=\"(max-width: 1024px) 100vw, 1024px\" \/>\t\t\t\t\t\t\t\t\t\t\t\t\t\t\t<\/div>\n\t\t\t\t<\/div>\n\t\t\t\t<div class=\"elementor-element elementor-element-6337d7a elementor-widget elementor-widget-image\" data-id=\"6337d7a\" data-element_type=\"widget\" data-widget_type=\"image.default\">\n\t\t\t\t<div class=\"elementor-widget-container\">\n\t\t\t\t\t\t\t\t\t\t\t\t\t\t\t<img decoding=\"async\" width=\"1024\" height=\"683\" src=\"https:\/\/wlkskrakus.pl\/kolarstwo\/wp-content\/uploads\/2024\/10\/Dobczyce-2024_III-Etap_0604-1024x683.jpg\" class=\"attachment-large size-large wp-image-3232\" alt=\"Dobczyce 2024 III Etap 0604\" srcset=\"https:\/\/wlkskrakus.pl\/kolarstwo\/wp-content\/uploads\/2024\/10\/Dobczyce-2024_III-Etap_0604-1024x683.jpg 1024w, https:\/\/wlkskrakus.pl\/kolarstwo\/wp-content\/uploads\/2024\/10\/Dobczyce-2024_III-Etap_0604-300x200.jpg 300w, https:\/\/wlkskrakus.pl\/kolarstwo\/wp-content\/uploads\/2024\/10\/Dobczyce-2024_III-Etap_0604-768x512.jpg 768w, https:\/\/wlkskrakus.pl\/kolarstwo\/wp-content\/uploads\/2024\/10\/Dobczyce-2024_III-Etap_0604-1536x1024.jpg 1536w, https:\/\/wlkskrakus.pl\/kolarstwo\/wp-content\/uploads\/2024\/10\/Dobczyce-2024_III-Etap_0604-2048x1366.jpg 2048w\" sizes=\"(max-width: 1024px) 100vw, 1024px\" \/>\t\t\t\t\t\t\t\t\t\t\t\t\t\t\t<\/div>\n\t\t\t\t<\/div>\n\t\t\t\t<div class=\"elementor-element elementor-element-6e3c3c1 elementor-widget elementor-widget-image\" data-id=\"6e3c3c1\" data-element_type=\"widget\" data-widget_type=\"image.default\">\n\t\t\t\t<div class=\"elementor-widget-container\">\n\t\t\t\t\t\t\t\t\t\t\t\t\t\t\t<img decoding=\"async\" width=\"1024\" height=\"683\" src=\"https:\/\/wlkskrakus.pl\/kolarstwo\/wp-content\/uploads\/2024\/10\/Dobczyce-2024_IV-Etap_1859-1024x683.jpg\" class=\"attachment-large size-large wp-image-3356\" alt=\"Dobczyce 2024 IV Etap 1859\" srcset=\"https:\/\/wlkskrakus.pl\/kolarstwo\/wp-content\/uploads\/2024\/10\/Dobczyce-2024_IV-Etap_1859-1024x683.jpg 1024w, https:\/\/wlkskrakus.pl\/kolarstwo\/wp-content\/uploads\/2024\/10\/Dobczyce-2024_IV-Etap_1859-300x200.jpg 300w, https:\/\/wlkskrakus.pl\/kolarstwo\/wp-content\/uploads\/2024\/10\/Dobczyce-2024_IV-Etap_1859-768x512.jpg 768w, https:\/\/wlkskrakus.pl\/kolarstwo\/wp-content\/uploads\/2024\/10\/Dobczyce-2024_IV-Etap_1859-1536x1024.jpg 1536w, https:\/\/wlkskrakus.pl\/kolarstwo\/wp-content\/uploads\/2024\/10\/Dobczyce-2024_IV-Etap_1859-2048x1365.jpg 2048w\" sizes=\"(max-width: 1024px) 100vw, 1024px\" \/>\t\t\t\t\t\t\t\t\t\t\t\t\t\t\t<\/div>\n\t\t\t\t<\/div>\n\t\t\t\t\t<\/div>\n\t\t<\/div>\n\t\t\t\t<div class=\"elementor-column elementor-col-50 elementor-top-column elementor-element elementor-element-a33df54\" data-id=\"a33df54\" data-element_type=\"column\">\n\t\t\t<div class=\"elementor-widget-wrap elementor-element-populated\">\n\t\t\t\t\t\t\t\t<div class=\"elementor-element elementor-element-9122b58 elementor-widget__width-initial elementor-widget elementor-widget-text-editor\" data-id=\"9122b58\" data-element_type=\"widget\" data-widget_type=\"text-editor.default\">\n\t\t\t\t<div class=\"elementor-widget-container\">\n\t\t\t<style>\/*! elementor - v3.15.0 - 20-08-2023 *\/\n.elementor-widget-text-editor.elementor-drop-cap-view-stacked .elementor-drop-cap{background-color:#69727d;color:#fff}.elementor-widget-text-editor.elementor-drop-cap-view-framed .elementor-drop-cap{color:#69727d;border:3px solid;background-color:transparent}.elementor-widget-text-editor:not(.elementor-drop-cap-view-default) .elementor-drop-cap{margin-top:8px}.elementor-widget-text-editor:not(.elementor-drop-cap-view-default) .elementor-drop-cap-letter{width:1em;height:1em}.elementor-widget-text-editor .elementor-drop-cap{float:left;text-align:center;line-height:1;font-size:50px}.elementor-widget-text-editor .elementor-drop-cap-letter{display:inline-block}<\/style>\t\t\t\t<p>Wy\u015bcig Dobczyce &#8222;Z\u0142ote Ko\u0142o&#8221; to wyj\u0105tkowa mi\u0119dzynarodowa impreza w sercu Ma\u0142opolski, kt\u00f3ra co roku przyci\u0105ga najlepszych junior\u00f3w z ca\u0142ej Polski. Uznawana jest za jedn\u0105 z najbardziej wymagaj\u0105cych polskich etap\u00f3wek. Jej historia si\u0119ga wiele lat wstecz. Za nami ju\u017c przesz\u0142o dziewi\u0119\u0107 edycji kolarskich zmaga\u0144\u2026<\/p><p>Wy\u015bcig liczy cztery etapy po pag\u00f3rkowatym terenie ze znaczn\u0105 liczb\u0105 przewy\u017csze\u0144, w tym jeden etap jazdy indywidualnej na czas i trzy etapy ze startu wsp\u00f3lnego. Przez trzy dni wy\u015bcigu kolarze pokonuj\u0105 \u0142\u0105cznie oko\u0142o 300 kilometr\u00f3w.\u00a0 Etapy wy\u015bcigu wiod\u0105 przez wiele powiat\u00f3w, w tym: limanowski, boche\u0144ski, wielicki i my\u015blenicki. Ostatni fina\u0142owy etap ko\u0144czy si\u0119 w Dobczycach. Tego dnia kolarze pokonuj\u0105 kr\u00f3lewsk\u0105 tras\u0119 o \u0142\u0105cznej sumie 116 km i 2 tysi\u0119cy metr\u00f3w przewy\u017csze\u0144 na trasie wiod\u0105cej z miejscowo\u015bci Raciechowice.<\/p><p>Od wielu lat jako organizatorzy tworzymy to wielkie wydarzenie kolarskie, aby m\u00f3c obserwowa\u0107 zmagania kolarzy na naszych malowniczych podkrakowskich terenach. Niew\u0105tpliwie wy\u015bcig wy\u0142ania zawodnik\u00f3w, kt\u00f3rzy najlepiej radz\u0105 sobie w trudnym terenie. Wy\u015bcig Dobczyce to r\u00f3wnie\u017c Mistrzostwa Krajowego Zrzeszenia LZS Junior\u00f3w.<\/p><p>\u00a0<\/p>\t\t\t\t\t\t<\/div>\n\t\t\t\t<\/div>\n\t\t\t\t<div class=\"elementor-element elementor-element-240ac21 elementor-widget elementor-widget-spacer\" data-id=\"240ac21\" data-element_type=\"widget\" data-widget_type=\"spacer.default\">\n\t\t\t\t<div class=\"elementor-widget-container\">\n\t\t\t<style>\/*! elementor - v3.15.0 - 20-08-2023 *\/\n.elementor-column .elementor-spacer-inner{height:var(--spacer-size)}.e-con{--container-widget-width:100%}.e-con-inner>.elementor-widget-spacer,.e-con>.elementor-widget-spacer{width:var(--container-widget-width,var(--spacer-size));--align-self:var(--container-widget-align-self,initial);--flex-shrink:0}.e-con-inner>.elementor-widget-spacer>.elementor-widget-container,.e-con-inner>.elementor-widget-spacer>.elementor-widget-container>.elementor-spacer,.e-con>.elementor-widget-spacer>.elementor-widget-container,.e-con>.elementor-widget-spacer>.elementor-widget-container>.elementor-spacer{height:100%}.e-con-inner>.elementor-widget-spacer>.elementor-widget-container>.elementor-spacer>.elementor-spacer-inner,.e-con>.elementor-widget-spacer>.elementor-widget-container>.elementor-spacer>.elementor-spacer-inner{height:var(--container-widget-height,var(--spacer-size))}<\/style>\t\t<div class=\"elementor-spacer\">\n\t\t\t<div class=\"elementor-spacer-inner\"><\/div>\n\t\t<\/div>\n\t\t\t\t<\/div>\n\t\t\t\t<\/div>\n\t\t\t\t<div class=\"elementor-element elementor-element-6b0fdff elementor-widget elementor-widget-heading\" data-id=\"6b0fdff\" data-element_type=\"widget\" data-widget_type=\"heading.default\">\n\t\t\t\t<div class=\"elementor-widget-container\">\n\t\t\t<h2 class=\"elementor-heading-title elementor-size-default\">Wyniki ubieg\u0142ej edycji wy\u015bcigu:<\/h2>\t\t<\/div>\n\t\t\t\t<\/div>\n\t\t\t\t<div class=\"elementor-element elementor-element-ef98c10 elementor-widget elementor-widget-text-editor\" data-id=\"ef98c10\" data-element_type=\"widget\" data-widget_type=\"text-editor.default\">\n\t\t\t\t<div class=\"elementor-widget-container\">\n\t\t\t\t\t\t\t<p>W klasyfikacji generalnej zwyci\u0119\u017cy\u0142 Czech Jan Faltynek<span style=\"color: var(--ast-global-color-3);\">&nbsp;<\/span><span style=\"font-style: inherit; font-weight: inherit; color: var(--ast-global-color-3);\">&nbsp;(Lawi Junior Team), drugie miejsce wywalczy\u0142 Nikodem Sia\u0142kowski (UKS Copernicus)<\/span><span style=\"font-style: inherit; font-weight: inherit; color: var(--ast-global-color-3);\">.<\/span><span style=\"font-style: inherit; font-weight: inherit; color: var(--ast-global-color-3);\">&nbsp;Podium uzupe\u0142ni\u0142 kolega z dru\u017cyny zwyci\u0119zcy &#8211;&nbsp;<\/span><span style=\"color: var(--ast-global-color-3);\">Polak Matyas.<\/span><span style=\"color: var(--ast-global-color-3); font-style: inherit; font-weight: inherit;\">&nbsp;Tu\u017c za podium uplasowa\u0142 si\u0119 nasz zawodnik Franciszek Matuszewski trac\u0105c jedynie niespe\u0142na 30 sekund.&nbsp;<\/span><\/p>\t\t\t\t\t\t<\/div>\n\t\t\t\t<\/div>\n\t\t\t\t\t<\/div>\n\t\t<\/div>\n\t\t\t\t\t\t\t<\/div>\n\t\t<\/section>\n\t\t\t\t\t\t\t<\/div>\n\t\t","protected":false},"excerpt":{"rendered":"<p>Wy\u015bcig Dobczyce Wy\u015bcig Dobczyce &#8222;Z\u0142ote Ko\u0142o&#8221; to wyj\u0105tkowa mi\u0119dzynarodowa impreza w sercu Ma\u0142opolski, kt\u00f3ra co roku przyci\u0105ga najlepszych junior\u00f3w z ca\u0142ej Polski. Uznawana jest za jedn\u0105 z najbardziej wymagaj\u0105cych polskich etap\u00f3wek. Jej historia si\u0119ga wiele lat wstecz. Za nami ju\u017c przesz\u0142o dziewi\u0119\u0107 edycji kolarskich zmaga\u0144\u2026 Wy\u015bcig liczy cztery etapy po pag\u00f3rkowatym terenie ze znaczn\u0105 liczb\u0105 &hellip;<\/p>\n<p class=\"read-more\"> <a class=\"\" href=\"https:\/\/wlkskrakus.pl\/kolarstwo\/wyscig-dobczyce\/\"> <span class=\"screen-reader-text\">Wy\u015bcig Dobczyce<\/span> Read More \u00bb<\/a><\/p>\n","protected":false},"author":3,"featured_media":0,"parent":0,"menu_order":0,"comment_status":"closed","ping_status":"closed","template":"","meta":{"site-sidebar-layout":"no-sidebar","site-content-layout":"page-builder","ast-global-header-display":"","ast-main-header-display":"","ast-hfb-above-header-display":"","ast-hfb-below-header-display":"","ast-hfb-mobile-header-display":"","site-post-title":"disabled","ast-breadcrumbs-content":"","ast-featured-img":"disabled","footer-sml-layout":"","theme-transparent-header-meta":"default","adv-header-id-meta":"","stick-header-meta":"","header-above-stick-meta":"","header-main-stick-meta":"","header-below-stick-meta":"","footnotes":""},"class_list":["post-2474","page","type-page","status-publish","hentry"],"yoast_head":"<!-- This site is optimized with the Yoast SEO plugin v21.1 - https:\/\/yoast.com\/wordpress\/plugins\/seo\/ -->\n<title>Wy\u015bcig Dobczyce - WLKS KRAKUS SWOSZOWICE<\/title>\n<meta name=\"robots\" content=\"index, follow, max-snippet:-1, max-image-preview:large, max-video-preview:-1\" \/>\n<link rel=\"canonical\" href=\"https:\/\/wlkskrakus.pl\/kolarstwo\/wyscig-dobczyce\/\" \/>\n<meta property=\"og:locale\" content=\"pl_PL\" \/>\n<meta property=\"og:type\" content=\"article\" \/>\n<meta property=\"og:title\" content=\"Wy\u015bcig Dobczyce - WLKS KRAKUS SWOSZOWICE\" \/>\n<meta property=\"og:description\" content=\"Wy\u015bcig Dobczyce Wy\u015bcig Dobczyce &#8222;Z\u0142ote Ko\u0142o&#8221; to wyj\u0105tkowa mi\u0119dzynarodowa impreza w sercu Ma\u0142opolski, kt\u00f3ra co roku przyci\u0105ga najlepszych junior\u00f3w z ca\u0142ej Polski. Uznawana jest za jedn\u0105 z najbardziej wymagaj\u0105cych polskich etap\u00f3wek. Jej historia si\u0119ga wiele lat wstecz. Za nami ju\u017c przesz\u0142o dziewi\u0119\u0107 edycji kolarskich zmaga\u0144\u2026 Wy\u015bcig liczy cztery etapy po pag\u00f3rkowatym terenie ze znaczn\u0105 liczb\u0105 &hellip; Wy\u015bcig Dobczyce Read More \u00bb\" \/>\n<meta property=\"og:url\" content=\"https:\/\/wlkskrakus.pl\/kolarstwo\/wyscig-dobczyce\/\" \/>\n<meta property=\"og:site_name\" content=\"WLKS KRAKUS SWOSZOWICE\" \/>\n<meta property=\"article:publisher\" content=\"https:\/\/www.facebook.com\/WLKSKRAKUS\/\" \/>\n<meta property=\"article:modified_time\" content=\"2024-10-03T17:54:36+00:00\" \/>\n<meta property=\"og:image\" content=\"https:\/\/wlkskrakus.pl\/kolarstwo\/wp-content\/uploads\/2024\/10\/Dobczyce-2024_IV-Etap_0728-1024x683.jpg\" \/>\n<meta name=\"twitter:card\" content=\"summary_large_image\" \/>\n<meta name=\"twitter:label1\" content=\"Szacowany czas czytania\" \/>\n\t<meta name=\"twitter:data1\" content=\"2 minuty\" \/>\n<script type=\"application\/ld+json\" class=\"yoast-schema-graph\">{\"@context\":\"https:\/\/schema.org\",\"@graph\":[{\"@type\":\"WebPage\",\"@id\":\"https:\/\/wlkskrakus.pl\/kolarstwo\/wyscig-dobczyce\/\",\"url\":\"https:\/\/wlkskrakus.pl\/kolarstwo\/wyscig-dobczyce\/\",\"name\":\"Wy\u015bcig Dobczyce - WLKS KRAKUS SWOSZOWICE\",\"isPartOf\":{\"@id\":\"https:\/\/wlkskrakus.pl\/kolarstwo\/#website\"},\"datePublished\":\"2024-07-17T14:25:51+00:00\",\"dateModified\":\"2024-10-03T17:54:36+00:00\",\"breadcrumb\":{\"@id\":\"https:\/\/wlkskrakus.pl\/kolarstwo\/wyscig-dobczyce\/#breadcrumb\"},\"inLanguage\":\"pl-PL\",\"potentialAction\":[{\"@type\":\"ReadAction\",\"target\":[\"https:\/\/wlkskrakus.pl\/kolarstwo\/wyscig-dobczyce\/\"]}]},{\"@type\":\"BreadcrumbList\",\"@id\":\"https:\/\/wlkskrakus.pl\/kolarstwo\/wyscig-dobczyce\/#breadcrumb\",\"itemListElement\":[{\"@type\":\"ListItem\",\"position\":1,\"name\":\"Strona g\u0142\u00f3wna\",\"item\":\"https:\/\/wlkskrakus.pl\/kolarstwo\/\"},{\"@type\":\"ListItem\",\"position\":2,\"name\":\"Wy\u015bcig Dobczyce\"}]},{\"@type\":\"WebSite\",\"@id\":\"https:\/\/wlkskrakus.pl\/kolarstwo\/#website\",\"url\":\"https:\/\/wlkskrakus.pl\/kolarstwo\/\",\"name\":\"WLKS KRAKUS SWOSZOWICE\",\"description\":\"SEKCJA KOLARSKA\",\"publisher\":{\"@id\":\"https:\/\/wlkskrakus.pl\/kolarstwo\/#organization\"},\"potentialAction\":[{\"@type\":\"SearchAction\",\"target\":{\"@type\":\"EntryPoint\",\"urlTemplate\":\"https:\/\/wlkskrakus.pl\/kolarstwo\/?s={search_term_string}\"},\"query-input\":\"required name=search_term_string\"}],\"inLanguage\":\"pl-PL\"},{\"@type\":\"Organization\",\"@id\":\"https:\/\/wlkskrakus.pl\/kolarstwo\/#organization\",\"name\":\"WLKS KRAKUS SWOSZOWICE\",\"url\":\"https:\/\/wlkskrakus.pl\/kolarstwo\/\",\"logo\":{\"@type\":\"ImageObject\",\"inLanguage\":\"pl-PL\",\"@id\":\"https:\/\/wlkskrakus.pl\/kolarstwo\/#\/schema\/logo\/image\/\",\"url\":\"https:\/\/wlkskrakus.pl\/kolarstwo\/wp-content\/uploads\/2023\/03\/cropped-logo.png\",\"contentUrl\":\"https:\/\/wlkskrakus.pl\/kolarstwo\/wp-content\/uploads\/2023\/03\/cropped-logo.png\",\"width\":512,\"height\":512,\"caption\":\"WLKS KRAKUS SWOSZOWICE\"},\"image\":{\"@id\":\"https:\/\/wlkskrakus.pl\/kolarstwo\/#\/schema\/logo\/image\/\"},\"sameAs\":[\"https:\/\/www.facebook.com\/WLKSKRAKUS\/\"]}]}<\/script>\n<!-- \/ Yoast SEO plugin. -->","yoast_head_json":{"title":"Wy\u015bcig Dobczyce - WLKS KRAKUS SWOSZOWICE","robots":{"index":"index","follow":"follow","max-snippet":"max-snippet:-1","max-image-preview":"max-image-preview:large","max-video-preview":"max-video-preview:-1"},"canonical":"https:\/\/wlkskrakus.pl\/kolarstwo\/wyscig-dobczyce\/","og_locale":"pl_PL","og_type":"article","og_title":"Wy\u015bcig Dobczyce - WLKS KRAKUS SWOSZOWICE","og_description":"Wy\u015bcig Dobczyce Wy\u015bcig Dobczyce &#8222;Z\u0142ote Ko\u0142o&#8221; to wyj\u0105tkowa mi\u0119dzynarodowa impreza w sercu Ma\u0142opolski, kt\u00f3ra co roku przyci\u0105ga najlepszych junior\u00f3w z ca\u0142ej Polski. Uznawana jest za jedn\u0105 z najbardziej wymagaj\u0105cych polskich etap\u00f3wek. Jej historia si\u0119ga wiele lat wstecz. Za nami ju\u017c przesz\u0142o dziewi\u0119\u0107 edycji kolarskich zmaga\u0144\u2026 Wy\u015bcig liczy cztery etapy po pag\u00f3rkowatym terenie ze znaczn\u0105 liczb\u0105 &hellip; Wy\u015bcig Dobczyce Read More \u00bb","og_url":"https:\/\/wlkskrakus.pl\/kolarstwo\/wyscig-dobczyce\/","og_site_name":"WLKS KRAKUS SWOSZOWICE","article_publisher":"https:\/\/www.facebook.com\/WLKSKRAKUS\/","article_modified_time":"2024-10-03T17:54:36+00:00","og_image":[{"url":"https:\/\/wlkskrakus.pl\/kolarstwo\/wp-content\/uploads\/2024\/10\/Dobczyce-2024_IV-Etap_0728-1024x683.jpg"}],"twitter_card":"summary_large_image","twitter_misc":{"Szacowany czas czytania":"2 minuty"},"schema":{"@context":"https:\/\/schema.org","@graph":[{"@type":"WebPage","@id":"https:\/\/wlkskrakus.pl\/kolarstwo\/wyscig-dobczyce\/","url":"https:\/\/wlkskrakus.pl\/kolarstwo\/wyscig-dobczyce\/","name":"Wy\u015bcig Dobczyce - WLKS KRAKUS SWOSZOWICE","isPartOf":{"@id":"https:\/\/wlkskrakus.pl\/kolarstwo\/#website"},"datePublished":"2024-07-17T14:25:51+00:00","dateModified":"2024-10-03T17:54:36+00:00","breadcrumb":{"@id":"https:\/\/wlkskrakus.pl\/kolarstwo\/wyscig-dobczyce\/#breadcrumb"},"inLanguage":"pl-PL","potentialAction":[{"@type":"ReadAction","target":["https:\/\/wlkskrakus.pl\/kolarstwo\/wyscig-dobczyce\/"]}]},{"@type":"BreadcrumbList","@id":"https:\/\/wlkskrakus.pl\/kolarstwo\/wyscig-dobczyce\/#breadcrumb","itemListElement":[{"@type":"ListItem","position":1,"name":"Strona g\u0142\u00f3wna","item":"https:\/\/wlkskrakus.pl\/kolarstwo\/"},{"@type":"ListItem","position":2,"name":"Wy\u015bcig Dobczyce"}]},{"@type":"WebSite","@id":"https:\/\/wlkskrakus.pl\/kolarstwo\/#website","url":"https:\/\/wlkskrakus.pl\/kolarstwo\/","name":"WLKS KRAKUS SWOSZOWICE","description":"SEKCJA KOLARSKA","publisher":{"@id":"https:\/\/wlkskrakus.pl\/kolarstwo\/#organization"},"potentialAction":[{"@type":"SearchAction","target":{"@type":"EntryPoint","urlTemplate":"https:\/\/wlkskrakus.pl\/kolarstwo\/?s={search_term_string}"},"query-input":"required name=search_term_string"}],"inLanguage":"pl-PL"},{"@type":"Organization","@id":"https:\/\/wlkskrakus.pl\/kolarstwo\/#organization","name":"WLKS KRAKUS SWOSZOWICE","url":"https:\/\/wlkskrakus.pl\/kolarstwo\/","logo":{"@type":"ImageObject","inLanguage":"pl-PL","@id":"https:\/\/wlkskrakus.pl\/kolarstwo\/#\/schema\/logo\/image\/","url":"https:\/\/wlkskrakus.pl\/kolarstwo\/wp-content\/uploads\/2023\/03\/cropped-logo.png","contentUrl":"https:\/\/wlkskrakus.pl\/kolarstwo\/wp-content\/uploads\/2023\/03\/cropped-logo.png","width":512,"height":512,"caption":"WLKS KRAKUS SWOSZOWICE"},"image":{"@id":"https:\/\/wlkskrakus.pl\/kolarstwo\/#\/schema\/logo\/image\/"},"sameAs":["https:\/\/www.facebook.com\/WLKSKRAKUS\/"]}]}},"_links":{"self":[{"href":"https:\/\/wlkskrakus.pl\/kolarstwo\/wp-json\/wp\/v2\/pages\/2474","targetHints":{"allow":["GET"]}}],"collection":[{"href":"https:\/\/wlkskrakus.pl\/kolarstwo\/wp-json\/wp\/v2\/pages"}],"about":[{"href":"https:\/\/wlkskrakus.pl\/kolarstwo\/wp-json\/wp\/v2\/types\/page"}],"author":[{"embeddable":true,"href":"https:\/\/wlkskrakus.pl\/kolarstwo\/wp-json\/wp\/v2\/users\/3"}],"replies":[{"embeddable":true,"href":"https:\/\/wlkskrakus.pl\/kolarstwo\/wp-json\/wp\/v2\/comments?post=2474"}],"version-history":[{"count":0,"href":"https:\/\/wlkskrakus.pl\/kolarstwo\/wp-json\/wp\/v2\/pages\/2474\/revisions"}],"wp:attachment":[{"href":"https:\/\/wlkskrakus.pl\/kolarstwo\/wp-json\/wp\/v2\/media?parent=2474"}],"curies":[{"name":"wp","href":"https:\/\/api.w.org\/{rel}","templated":true}]}}