{"id":2683,"date":"2024-09-10T12:05:06","date_gmt":"2024-09-10T10:05:06","guid":{"rendered":"https:\/\/wlkskrakus.pl\/kolarstwo\/?page_id=2683"},"modified":"2024-10-03T19:07:35","modified_gmt":"2024-10-03T17:07:35","slug":"tour-de-cracovia","status":"publish","type":"page","link":"https:\/\/wlkskrakus.pl\/kolarstwo\/tour-de-cracovia\/","title":{"rendered":"Tour de Cracovia"},"content":{"rendered":"\t\t<div data-elementor-type=\"wp-post\" data-elementor-id=\"2683\" class=\"elementor elementor-2683\">\n\t\t\t\t\t\t\t\t\t<section class=\"elementor-section elementor-top-section elementor-element elementor-element-74ba2fac elementor-section-boxed elementor-section-height-default elementor-section-height-default\" data-id=\"74ba2fac\" data-element_type=\"section\" data-settings=\"{&quot;background_background&quot;:&quot;classic&quot;,&quot;shape_divider_bottom&quot;:&quot;triangle&quot;,&quot;shape_divider_bottom_negative&quot;:&quot;yes&quot;}\">\n\t\t\t\t\t\t\t<div class=\"elementor-background-overlay\"><\/div>\n\t\t\t\t\t\t<div class=\"elementor-shape elementor-shape-bottom\" data-negative=\"true\">\n\t\t\t<svg xmlns=\"http:\/\/www.w3.org\/2000\/svg\" viewBox=\"0 0 1000 100\" preserveAspectRatio=\"none\">\n\t<path class=\"elementor-shape-fill\" d=\"M500.2,94.7L0,0v100h1000V0L500.2,94.7z\"\/>\n<\/svg>\t\t<\/div>\n\t\t\t\t\t<div class=\"elementor-container elementor-column-gap-default\">\n\t\t\t\t\t<div class=\"elementor-column elementor-col-100 elementor-top-column elementor-element elementor-element-23262dea\" data-id=\"23262dea\" data-element_type=\"column\">\n\t\t\t<div class=\"elementor-widget-wrap elementor-element-populated\">\n\t\t\t\t\t\t\t\t<div class=\"elementor-element elementor-element-27af6558 elementor-widget elementor-widget-heading\" data-id=\"27af6558\" data-element_type=\"widget\" data-settings=\"{&quot;_animation&quot;:&quot;none&quot;}\" data-widget_type=\"heading.default\">\n\t\t\t\t<div class=\"elementor-widget-container\">\n\t\t\t<style>\/*! elementor - v3.15.0 - 20-08-2023 *\/\n.elementor-heading-title{padding:0;margin:0;line-height:1}.elementor-widget-heading .elementor-heading-title[class*=elementor-size-]>a{color:inherit;font-size:inherit;line-height:inherit}.elementor-widget-heading .elementor-heading-title.elementor-size-small{font-size:15px}.elementor-widget-heading .elementor-heading-title.elementor-size-medium{font-size:19px}.elementor-widget-heading .elementor-heading-title.elementor-size-large{font-size:29px}.elementor-widget-heading .elementor-heading-title.elementor-size-xl{font-size:39px}.elementor-widget-heading .elementor-heading-title.elementor-size-xxl{font-size:59px}<\/style><h1 class=\"elementor-heading-title elementor-size-default\">Tour de Cracovia<\/h1>\t\t<\/div>\n\t\t\t\t<\/div>\n\t\t\t\t<div class=\"elementor-element elementor-element-8033c5e elementor-shape-square elementor-grid-0 e-grid-align-center elementor-widget elementor-widget-social-icons\" data-id=\"8033c5e\" data-element_type=\"widget\" data-widget_type=\"social-icons.default\">\n\t\t\t\t<div class=\"elementor-widget-container\">\n\t\t\t<style>\/*! elementor - v3.15.0 - 20-08-2023 *\/\n.elementor-widget-social-icons.elementor-grid-0 .elementor-widget-container,.elementor-widget-social-icons.elementor-grid-mobile-0 .elementor-widget-container,.elementor-widget-social-icons.elementor-grid-tablet-0 .elementor-widget-container{line-height:1;font-size:0}.elementor-widget-social-icons:not(.elementor-grid-0):not(.elementor-grid-tablet-0):not(.elementor-grid-mobile-0) .elementor-grid{display:inline-grid}.elementor-widget-social-icons .elementor-grid{grid-column-gap:var(--grid-column-gap,5px);grid-row-gap:var(--grid-row-gap,5px);grid-template-columns:var(--grid-template-columns);justify-content:var(--justify-content,center);justify-items:var(--justify-content,center)}.elementor-icon.elementor-social-icon{font-size:var(--icon-size,25px);line-height:var(--icon-size,25px);width:calc(var(--icon-size, 25px) + (2 * var(--icon-padding, .5em)));height:calc(var(--icon-size, 25px) + (2 * var(--icon-padding, .5em)))}.elementor-social-icon{--e-social-icon-icon-color:#fff;display:inline-flex;background-color:#69727d;align-items:center;justify-content:center;text-align:center;cursor:pointer}.elementor-social-icon i{color:var(--e-social-icon-icon-color)}.elementor-social-icon svg{fill:var(--e-social-icon-icon-color)}.elementor-social-icon:last-child{margin:0}.elementor-social-icon:hover{opacity:.9;color:#fff}.elementor-social-icon-android{background-color:#a4c639}.elementor-social-icon-apple{background-color:#999}.elementor-social-icon-behance{background-color:#1769ff}.elementor-social-icon-bitbucket{background-color:#205081}.elementor-social-icon-codepen{background-color:#000}.elementor-social-icon-delicious{background-color:#39f}.elementor-social-icon-deviantart{background-color:#05cc47}.elementor-social-icon-digg{background-color:#005be2}.elementor-social-icon-dribbble{background-color:#ea4c89}.elementor-social-icon-elementor{background-color:#d30c5c}.elementor-social-icon-envelope{background-color:#ea4335}.elementor-social-icon-facebook,.elementor-social-icon-facebook-f{background-color:#3b5998}.elementor-social-icon-flickr{background-color:#0063dc}.elementor-social-icon-foursquare{background-color:#2d5be3}.elementor-social-icon-free-code-camp,.elementor-social-icon-freecodecamp{background-color:#006400}.elementor-social-icon-github{background-color:#333}.elementor-social-icon-gitlab{background-color:#e24329}.elementor-social-icon-globe{background-color:#69727d}.elementor-social-icon-google-plus,.elementor-social-icon-google-plus-g{background-color:#dd4b39}.elementor-social-icon-houzz{background-color:#7ac142}.elementor-social-icon-instagram{background-color:#262626}.elementor-social-icon-jsfiddle{background-color:#487aa2}.elementor-social-icon-link{background-color:#818a91}.elementor-social-icon-linkedin,.elementor-social-icon-linkedin-in{background-color:#0077b5}.elementor-social-icon-medium{background-color:#00ab6b}.elementor-social-icon-meetup{background-color:#ec1c40}.elementor-social-icon-mixcloud{background-color:#273a4b}.elementor-social-icon-odnoklassniki{background-color:#f4731c}.elementor-social-icon-pinterest{background-color:#bd081c}.elementor-social-icon-product-hunt{background-color:#da552f}.elementor-social-icon-reddit{background-color:#ff4500}.elementor-social-icon-rss{background-color:#f26522}.elementor-social-icon-shopping-cart{background-color:#4caf50}.elementor-social-icon-skype{background-color:#00aff0}.elementor-social-icon-slideshare{background-color:#0077b5}.elementor-social-icon-snapchat{background-color:#fffc00}.elementor-social-icon-soundcloud{background-color:#f80}.elementor-social-icon-spotify{background-color:#2ebd59}.elementor-social-icon-stack-overflow{background-color:#fe7a15}.elementor-social-icon-steam{background-color:#00adee}.elementor-social-icon-stumbleupon{background-color:#eb4924}.elementor-social-icon-telegram{background-color:#2ca5e0}.elementor-social-icon-thumb-tack{background-color:#1aa1d8}.elementor-social-icon-tripadvisor{background-color:#589442}.elementor-social-icon-tumblr{background-color:#35465c}.elementor-social-icon-twitch{background-color:#6441a5}.elementor-social-icon-twitter{background-color:#1da1f2}.elementor-social-icon-viber{background-color:#665cac}.elementor-social-icon-vimeo{background-color:#1ab7ea}.elementor-social-icon-vk{background-color:#45668e}.elementor-social-icon-weibo{background-color:#dd2430}.elementor-social-icon-weixin{background-color:#31a918}.elementor-social-icon-whatsapp{background-color:#25d366}.elementor-social-icon-wordpress{background-color:#21759b}.elementor-social-icon-xing{background-color:#026466}.elementor-social-icon-yelp{background-color:#af0606}.elementor-social-icon-youtube{background-color:#cd201f}.elementor-social-icon-500px{background-color:#0099e5}.elementor-shape-rounded .elementor-icon.elementor-social-icon{border-radius:10%}.elementor-shape-circle .elementor-icon.elementor-social-icon{border-radius:50%}<\/style>\t\t<div class=\"elementor-social-icons-wrapper elementor-grid\">\n\t\t\t\t\t\t\t<span class=\"elementor-grid-item\">\n\t\t\t\t\t<a class=\"elementor-icon elementor-social-icon elementor-social-icon-facebook elementor-repeater-item-3a5d12a\" href=\"https:\/\/www.facebook.com\/tourdecracovia\/\" target=\"_blank\">\n\t\t\t\t\t\t<span class=\"elementor-screen-only\">Facebook<\/span>\n\t\t\t\t\t\t<i class=\"fab fa-facebook\"><\/i>\t\t\t\t\t<\/a>\n\t\t\t\t<\/span>\n\t\t\t\t\t<\/div>\n\t\t\t\t<\/div>\n\t\t\t\t<\/div>\n\t\t\t\t\t<\/div>\n\t\t<\/div>\n\t\t\t\t\t\t\t<\/div>\n\t\t<\/section>\n\t\t\t\t<section class=\"elementor-section elementor-top-section elementor-element elementor-element-456a145 elementor-section-boxed elementor-section-height-default elementor-section-height-default\" data-id=\"456a145\" data-element_type=\"section\">\n\t\t\t\t\t\t<div class=\"elementor-container elementor-column-gap-default\">\n\t\t\t\t\t<div class=\"elementor-column elementor-col-50 elementor-top-column elementor-element elementor-element-ee953f4\" data-id=\"ee953f4\" data-element_type=\"column\">\n\t\t\t<div class=\"elementor-widget-wrap elementor-element-populated\">\n\t\t\t\t\t\t\t\t<div class=\"elementor-element elementor-element-f3056f9 elementor-widget elementor-widget-image\" data-id=\"f3056f9\" data-element_type=\"widget\" data-widget_type=\"image.default\">\n\t\t\t\t<div class=\"elementor-widget-container\">\n\t\t\t<style>\/*! elementor - v3.15.0 - 20-08-2023 *\/\n.elementor-widget-image{text-align:center}.elementor-widget-image a{display:inline-block}.elementor-widget-image a img[src$=\".svg\"]{width:48px}.elementor-widget-image img{vertical-align:middle;display:inline-block}<\/style>\t\t\t\t\t\t\t\t\t\t\t\t<img decoding=\"async\" width=\"683\" height=\"1024\" src=\"https:\/\/wlkskrakus.pl\/kolarstwo\/wp-content\/uploads\/2024\/09\/IMG-20240730-WA0007-683x1024.jpg\" class=\"attachment-large size-large wp-image-2782\" alt=\"IMG 20240730 WA0007\" srcset=\"https:\/\/wlkskrakus.pl\/kolarstwo\/wp-content\/uploads\/2024\/09\/IMG-20240730-WA0007-683x1024.jpg 683w, https:\/\/wlkskrakus.pl\/kolarstwo\/wp-content\/uploads\/2024\/09\/IMG-20240730-WA0007-200x300.jpg 200w, https:\/\/wlkskrakus.pl\/kolarstwo\/wp-content\/uploads\/2024\/09\/IMG-20240730-WA0007-768x1152.jpg 768w, https:\/\/wlkskrakus.pl\/kolarstwo\/wp-content\/uploads\/2024\/09\/IMG-20240730-WA0007-1024x1536.jpg 1024w, https:\/\/wlkskrakus.pl\/kolarstwo\/wp-content\/uploads\/2024\/09\/IMG-20240730-WA0007.jpg 1365w\" sizes=\"(max-width: 683px) 100vw, 683px\" \/>\t\t\t\t\t\t\t\t\t\t\t\t\t\t\t<\/div>\n\t\t\t\t<\/div>\n\t\t\t\t\t<\/div>\n\t\t<\/div>\n\t\t\t\t<div class=\"elementor-column elementor-col-50 elementor-top-column elementor-element elementor-element-4739001\" data-id=\"4739001\" data-element_type=\"column\">\n\t\t\t<div class=\"elementor-widget-wrap elementor-element-populated\">\n\t\t\t\t\t\t\t\t<div class=\"elementor-element elementor-element-a137c46 elementor-widget elementor-widget-text-editor\" data-id=\"a137c46\" data-element_type=\"widget\" data-widget_type=\"text-editor.default\">\n\t\t\t\t<div class=\"elementor-widget-container\">\n\t\t\t<style>\/*! elementor - v3.15.0 - 20-08-2023 *\/\n.elementor-widget-text-editor.elementor-drop-cap-view-stacked .elementor-drop-cap{background-color:#69727d;color:#fff}.elementor-widget-text-editor.elementor-drop-cap-view-framed .elementor-drop-cap{color:#69727d;border:3px solid;background-color:transparent}.elementor-widget-text-editor:not(.elementor-drop-cap-view-default) .elementor-drop-cap{margin-top:8px}.elementor-widget-text-editor:not(.elementor-drop-cap-view-default) .elementor-drop-cap-letter{width:1em;height:1em}.elementor-widget-text-editor .elementor-drop-cap{float:left;text-align:center;line-height:1;font-size:50px}.elementor-widget-text-editor .elementor-drop-cap-letter{display:inline-block}<\/style>\t\t\t\t<p>Tour De Cracovia to wyj\u0105tkowa impreza kolarska, kt\u00f3ra co roku przyci\u0105ga rzesze fan\u00f3w dw\u00f3ch k\u00f3\u0142! Za nami ju\u017c przesz\u0142o dziewi\u0119\u0107 edycji kolarskich zmaga\u0144&#8230;<\/p>\n<p>Od wielu lat jako wsp\u00f3\u0142organizatorzy tworzymy to wielkie wydarzenie kolarskie, aby m\u00f3c obserwowa\u0107 zmagania kolarzy na naszych podkrakowskich terenach. To ju\u017c tradycja, \u017ce na prze\u0142omie wrze\u015bnia i pa\u017adziernika spotykamy si\u0119 w Wi\u0119c\u0142awicach Starych, aby walczy\u0107 o czo\u0142owe lokaty i wygra\u0107 atrakcyjne nagrody!<\/p>\n<p>Wszystkie op\u0142aty za wy\u015bcig przekazujemy dla Fundacji Pomocy Wdowom i Sierotom po Poleg\u0142ych Policjantach. \u0141\u0105cznie przez wszystkie lata zebrali\u015bmy ju\u017c prawie 100 tysi\u0119cy z\u0142oty!<\/p>\n<p>Chcesz wystartowa\u0107? Odwied\u017a naszego Facebooka i dowiedz si\u0119 wi\u0119cej! Obecnie trwaj\u0105 zapisy na dziewi\u0105t\u0105 edycji, kt\u00f3ra odb\u0119dzie si\u0119 ju\u017c 5 pa\u017adziernika. Zapisz si\u0119 ju\u017c dzi\u015b!<\/p>\n<p><\/p>\t\t\t\t\t\t<\/div>\n\t\t\t\t<\/div>\n\t\t\t\t\t<\/div>\n\t\t<\/div>\n\t\t\t\t\t\t\t<\/div>\n\t\t<\/section>\n\t\t\t\t\t\t\t<\/div>\n\t\t","protected":false},"excerpt":{"rendered":"<p>Tour de Cracovia Facebook Tour De Cracovia to wyj\u0105tkowa impreza kolarska, kt\u00f3ra co roku przyci\u0105ga rzesze fan\u00f3w dw\u00f3ch k\u00f3\u0142! Za nami ju\u017c przesz\u0142o dziewi\u0119\u0107 edycji kolarskich zmaga\u0144&#8230; Od wielu lat jako wsp\u00f3\u0142organizatorzy tworzymy to wielkie wydarzenie kolarskie, aby m\u00f3c obserwowa\u0107 zmagania kolarzy na naszych podkrakowskich terenach. To ju\u017c tradycja, \u017ce na prze\u0142omie wrze\u015bnia i pa\u017adziernika &hellip;<\/p>\n<p class=\"read-more\"> <a class=\"\" href=\"https:\/\/wlkskrakus.pl\/kolarstwo\/tour-de-cracovia\/\"> <span class=\"screen-reader-text\">Tour de Cracovia<\/span> Read More \u00bb<\/a><\/p>\n","protected":false},"author":3,"featured_media":0,"parent":0,"menu_order":0,"comment_status":"closed","ping_status":"closed","template":"","meta":{"site-sidebar-layout":"no-sidebar","site-content-layout":"page-builder","ast-global-header-display":"","ast-main-header-display":"","ast-hfb-above-header-display":"","ast-hfb-below-header-display":"","ast-hfb-mobile-header-display":"","site-post-title":"disabled","ast-breadcrumbs-content":"","ast-featured-img":"disabled","footer-sml-layout":"","theme-transparent-header-meta":"default","adv-header-id-meta":"","stick-header-meta":"","header-above-stick-meta":"","header-main-stick-meta":"","header-below-stick-meta":"","footnotes":""},"class_list":["post-2683","page","type-page","status-publish","hentry"],"yoast_head":"<!-- This site is optimized with the Yoast SEO plugin v21.1 - https:\/\/yoast.com\/wordpress\/plugins\/seo\/ -->\n<title>Tour de Cracovia - WLKS KRAKUS SWOSZOWICE<\/title>\n<meta name=\"robots\" content=\"index, follow, max-snippet:-1, max-image-preview:large, max-video-preview:-1\" \/>\n<link rel=\"canonical\" href=\"https:\/\/wlkskrakus.pl\/kolarstwo\/tour-de-cracovia\/\" \/>\n<meta property=\"og:locale\" content=\"pl_PL\" \/>\n<meta property=\"og:type\" content=\"article\" \/>\n<meta property=\"og:title\" content=\"Tour de Cracovia - WLKS KRAKUS SWOSZOWICE\" \/>\n<meta property=\"og:description\" content=\"Tour de Cracovia Facebook Tour De Cracovia to wyj\u0105tkowa impreza kolarska, kt\u00f3ra co roku przyci\u0105ga rzesze fan\u00f3w dw\u00f3ch k\u00f3\u0142! Za nami ju\u017c przesz\u0142o dziewi\u0119\u0107 edycji kolarskich zmaga\u0144&#8230; Od wielu lat jako wsp\u00f3\u0142organizatorzy tworzymy to wielkie wydarzenie kolarskie, aby m\u00f3c obserwowa\u0107 zmagania kolarzy na naszych podkrakowskich terenach. To ju\u017c tradycja, \u017ce na prze\u0142omie wrze\u015bnia i pa\u017adziernika &hellip; Tour de Cracovia Read More \u00bb\" \/>\n<meta property=\"og:url\" content=\"https:\/\/wlkskrakus.pl\/kolarstwo\/tour-de-cracovia\/\" \/>\n<meta property=\"og:site_name\" content=\"WLKS KRAKUS SWOSZOWICE\" \/>\n<meta property=\"article:publisher\" content=\"https:\/\/www.facebook.com\/WLKSKRAKUS\/\" \/>\n<meta property=\"article:modified_time\" content=\"2024-10-03T17:07:35+00:00\" \/>\n<meta property=\"og:image\" content=\"https:\/\/wlkskrakus.pl\/kolarstwo\/wp-content\/uploads\/2024\/09\/IMG-20240730-WA0007-683x1024.jpg\" \/>\n<meta name=\"twitter:card\" content=\"summary_large_image\" \/>\n<meta name=\"twitter:label1\" content=\"Szacowany czas czytania\" \/>\n\t<meta name=\"twitter:data1\" content=\"1 minuta\" \/>\n<script type=\"application\/ld+json\" class=\"yoast-schema-graph\">{\"@context\":\"https:\/\/schema.org\",\"@graph\":[{\"@type\":\"WebPage\",\"@id\":\"https:\/\/wlkskrakus.pl\/kolarstwo\/tour-de-cracovia\/\",\"url\":\"https:\/\/wlkskrakus.pl\/kolarstwo\/tour-de-cracovia\/\",\"name\":\"Tour de Cracovia - WLKS KRAKUS SWOSZOWICE\",\"isPartOf\":{\"@id\":\"https:\/\/wlkskrakus.pl\/kolarstwo\/#website\"},\"datePublished\":\"2024-09-10T10:05:06+00:00\",\"dateModified\":\"2024-10-03T17:07:35+00:00\",\"breadcrumb\":{\"@id\":\"https:\/\/wlkskrakus.pl\/kolarstwo\/tour-de-cracovia\/#breadcrumb\"},\"inLanguage\":\"pl-PL\",\"potentialAction\":[{\"@type\":\"ReadAction\",\"target\":[\"https:\/\/wlkskrakus.pl\/kolarstwo\/tour-de-cracovia\/\"]}]},{\"@type\":\"BreadcrumbList\",\"@id\":\"https:\/\/wlkskrakus.pl\/kolarstwo\/tour-de-cracovia\/#breadcrumb\",\"itemListElement\":[{\"@type\":\"ListItem\",\"position\":1,\"name\":\"Strona g\u0142\u00f3wna\",\"item\":\"https:\/\/wlkskrakus.pl\/kolarstwo\/\"},{\"@type\":\"ListItem\",\"position\":2,\"name\":\"Tour de Cracovia\"}]},{\"@type\":\"WebSite\",\"@id\":\"https:\/\/wlkskrakus.pl\/kolarstwo\/#website\",\"url\":\"https:\/\/wlkskrakus.pl\/kolarstwo\/\",\"name\":\"WLKS KRAKUS SWOSZOWICE\",\"description\":\"SEKCJA KOLARSKA\",\"publisher\":{\"@id\":\"https:\/\/wlkskrakus.pl\/kolarstwo\/#organization\"},\"potentialAction\":[{\"@type\":\"SearchAction\",\"target\":{\"@type\":\"EntryPoint\",\"urlTemplate\":\"https:\/\/wlkskrakus.pl\/kolarstwo\/?s={search_term_string}\"},\"query-input\":\"required name=search_term_string\"}],\"inLanguage\":\"pl-PL\"},{\"@type\":\"Organization\",\"@id\":\"https:\/\/wlkskrakus.pl\/kolarstwo\/#organization\",\"name\":\"WLKS KRAKUS SWOSZOWICE\",\"url\":\"https:\/\/wlkskrakus.pl\/kolarstwo\/\",\"logo\":{\"@type\":\"ImageObject\",\"inLanguage\":\"pl-PL\",\"@id\":\"https:\/\/wlkskrakus.pl\/kolarstwo\/#\/schema\/logo\/image\/\",\"url\":\"https:\/\/wlkskrakus.pl\/kolarstwo\/wp-content\/uploads\/2023\/03\/cropped-logo.png\",\"contentUrl\":\"https:\/\/wlkskrakus.pl\/kolarstwo\/wp-content\/uploads\/2023\/03\/cropped-logo.png\",\"width\":512,\"height\":512,\"caption\":\"WLKS KRAKUS SWOSZOWICE\"},\"image\":{\"@id\":\"https:\/\/wlkskrakus.pl\/kolarstwo\/#\/schema\/logo\/image\/\"},\"sameAs\":[\"https:\/\/www.facebook.com\/WLKSKRAKUS\/\"]}]}<\/script>\n<!-- \/ Yoast SEO plugin. -->","yoast_head_json":{"title":"Tour de Cracovia - WLKS KRAKUS SWOSZOWICE","robots":{"index":"index","follow":"follow","max-snippet":"max-snippet:-1","max-image-preview":"max-image-preview:large","max-video-preview":"max-video-preview:-1"},"canonical":"https:\/\/wlkskrakus.pl\/kolarstwo\/tour-de-cracovia\/","og_locale":"pl_PL","og_type":"article","og_title":"Tour de Cracovia - WLKS KRAKUS SWOSZOWICE","og_description":"Tour de Cracovia Facebook Tour De Cracovia to wyj\u0105tkowa impreza kolarska, kt\u00f3ra co roku przyci\u0105ga rzesze fan\u00f3w dw\u00f3ch k\u00f3\u0142! Za nami ju\u017c przesz\u0142o dziewi\u0119\u0107 edycji kolarskich zmaga\u0144&#8230; Od wielu lat jako wsp\u00f3\u0142organizatorzy tworzymy to wielkie wydarzenie kolarskie, aby m\u00f3c obserwowa\u0107 zmagania kolarzy na naszych podkrakowskich terenach. To ju\u017c tradycja, \u017ce na prze\u0142omie wrze\u015bnia i pa\u017adziernika &hellip; Tour de Cracovia Read More \u00bb","og_url":"https:\/\/wlkskrakus.pl\/kolarstwo\/tour-de-cracovia\/","og_site_name":"WLKS KRAKUS SWOSZOWICE","article_publisher":"https:\/\/www.facebook.com\/WLKSKRAKUS\/","article_modified_time":"2024-10-03T17:07:35+00:00","og_image":[{"url":"https:\/\/wlkskrakus.pl\/kolarstwo\/wp-content\/uploads\/2024\/09\/IMG-20240730-WA0007-683x1024.jpg"}],"twitter_card":"summary_large_image","twitter_misc":{"Szacowany czas czytania":"1 minuta"},"schema":{"@context":"https:\/\/schema.org","@graph":[{"@type":"WebPage","@id":"https:\/\/wlkskrakus.pl\/kolarstwo\/tour-de-cracovia\/","url":"https:\/\/wlkskrakus.pl\/kolarstwo\/tour-de-cracovia\/","name":"Tour de Cracovia - WLKS KRAKUS SWOSZOWICE","isPartOf":{"@id":"https:\/\/wlkskrakus.pl\/kolarstwo\/#website"},"datePublished":"2024-09-10T10:05:06+00:00","dateModified":"2024-10-03T17:07:35+00:00","breadcrumb":{"@id":"https:\/\/wlkskrakus.pl\/kolarstwo\/tour-de-cracovia\/#breadcrumb"},"inLanguage":"pl-PL","potentialAction":[{"@type":"ReadAction","target":["https:\/\/wlkskrakus.pl\/kolarstwo\/tour-de-cracovia\/"]}]},{"@type":"BreadcrumbList","@id":"https:\/\/wlkskrakus.pl\/kolarstwo\/tour-de-cracovia\/#breadcrumb","itemListElement":[{"@type":"ListItem","position":1,"name":"Strona g\u0142\u00f3wna","item":"https:\/\/wlkskrakus.pl\/kolarstwo\/"},{"@type":"ListItem","position":2,"name":"Tour de Cracovia"}]},{"@type":"WebSite","@id":"https:\/\/wlkskrakus.pl\/kolarstwo\/#website","url":"https:\/\/wlkskrakus.pl\/kolarstwo\/","name":"WLKS KRAKUS SWOSZOWICE","description":"SEKCJA KOLARSKA","publisher":{"@id":"https:\/\/wlkskrakus.pl\/kolarstwo\/#organization"},"potentialAction":[{"@type":"SearchAction","target":{"@type":"EntryPoint","urlTemplate":"https:\/\/wlkskrakus.pl\/kolarstwo\/?s={search_term_string}"},"query-input":"required name=search_term_string"}],"inLanguage":"pl-PL"},{"@type":"Organization","@id":"https:\/\/wlkskrakus.pl\/kolarstwo\/#organization","name":"WLKS KRAKUS SWOSZOWICE","url":"https:\/\/wlkskrakus.pl\/kolarstwo\/","logo":{"@type":"ImageObject","inLanguage":"pl-PL","@id":"https:\/\/wlkskrakus.pl\/kolarstwo\/#\/schema\/logo\/image\/","url":"https:\/\/wlkskrakus.pl\/kolarstwo\/wp-content\/uploads\/2023\/03\/cropped-logo.png","contentUrl":"https:\/\/wlkskrakus.pl\/kolarstwo\/wp-content\/uploads\/2023\/03\/cropped-logo.png","width":512,"height":512,"caption":"WLKS KRAKUS SWOSZOWICE"},"image":{"@id":"https:\/\/wlkskrakus.pl\/kolarstwo\/#\/schema\/logo\/image\/"},"sameAs":["https:\/\/www.facebook.com\/WLKSKRAKUS\/"]}]}},"_links":{"self":[{"href":"https:\/\/wlkskrakus.pl\/kolarstwo\/wp-json\/wp\/v2\/pages\/2683","targetHints":{"allow":["GET"]}}],"collection":[{"href":"https:\/\/wlkskrakus.pl\/kolarstwo\/wp-json\/wp\/v2\/pages"}],"about":[{"href":"https:\/\/wlkskrakus.pl\/kolarstwo\/wp-json\/wp\/v2\/types\/page"}],"author":[{"embeddable":true,"href":"https:\/\/wlkskrakus.pl\/kolarstwo\/wp-json\/wp\/v2\/users\/3"}],"replies":[{"embeddable":true,"href":"https:\/\/wlkskrakus.pl\/kolarstwo\/wp-json\/wp\/v2\/comments?post=2683"}],"version-history":[{"count":0,"href":"https:\/\/wlkskrakus.pl\/kolarstwo\/wp-json\/wp\/v2\/pages\/2683\/revisions"}],"wp:attachment":[{"href":"https:\/\/wlkskrakus.pl\/kolarstwo\/wp-json\/wp\/v2\/media?parent=2683"}],"curies":[{"name":"wp","href":"https:\/\/api.w.org\/{rel}","templated":true}]}}