{"id":11961,"date":"2023-07-25T12:29:46","date_gmt":"2023-07-25T10:29:46","guid":{"rendered":"https:\/\/wlks.krenet.pl\/pilka\/?page_id=11961"},"modified":"2026-01-06T21:03:15","modified_gmt":"2026-01-06T20:03:15","slug":"orlik-czerwony-e1","status":"publish","type":"page","link":"https:\/\/wlkskrakus.pl\/pilka\/druzyny\/orlik-czerwony-e1\/","title":{"rendered":"M\u0141ODZIKI ZIELONE"},"content":{"rendered":"\t\t<div data-elementor-type=\"wp-post\" data-elementor-id=\"11961\" class=\"elementor elementor-11961\">\n\t\t\t\t\t\t\t\t\t<section class=\"elementor-section elementor-top-section elementor-element elementor-element-ce0a9e6 elementor-section-boxed elementor-section-height-default elementor-section-height-default\" data-id=\"ce0a9e6\" data-element_type=\"section\" data-settings=\"{&quot;background_background&quot;:&quot;classic&quot;,&quot;shape_divider_bottom&quot;:&quot;triangle&quot;,&quot;shape_divider_bottom_negative&quot;:&quot;yes&quot;}\">\n\t\t\t\t\t\t\t<div class=\"elementor-background-overlay\"><\/div>\n\t\t\t\t\t\t<div class=\"elementor-shape elementor-shape-bottom\" data-negative=\"true\">\n\t\t\t<svg xmlns=\"http:\/\/www.w3.org\/2000\/svg\" viewBox=\"0 0 1000 100\" preserveAspectRatio=\"none\">\n\t<path class=\"elementor-shape-fill\" d=\"M500.2,94.7L0,0v100h1000V0L500.2,94.7z\"\/>\n<\/svg>\t\t<\/div>\n\t\t\t\t\t<div class=\"elementor-container elementor-column-gap-default\">\n\t\t\t\t\t<div class=\"elementor-column elementor-col-100 elementor-top-column elementor-element elementor-element-83fb231\" data-id=\"83fb231\" data-element_type=\"column\">\n\t\t\t<div class=\"elementor-widget-wrap elementor-element-populated\">\n\t\t\t\t\t\t\t\t<div class=\"elementor-element elementor-element-8d6670d elementor-widget elementor-widget-heading\" data-id=\"8d6670d\" data-element_type=\"widget\" data-settings=\"{&quot;_animation&quot;:&quot;none&quot;}\" data-widget_type=\"heading.default\">\n\t\t\t\t<div class=\"elementor-widget-container\">\n\t\t\t<style>\/*! elementor - v3.15.0 - 20-08-2023 *\/\n.elementor-heading-title{padding:0;margin:0;line-height:1}.elementor-widget-heading .elementor-heading-title[class*=elementor-size-]>a{color:inherit;font-size:inherit;line-height:inherit}.elementor-widget-heading .elementor-heading-title.elementor-size-small{font-size:15px}.elementor-widget-heading .elementor-heading-title.elementor-size-medium{font-size:19px}.elementor-widget-heading .elementor-heading-title.elementor-size-large{font-size:29px}.elementor-widget-heading .elementor-heading-title.elementor-size-xl{font-size:39px}.elementor-widget-heading .elementor-heading-title.elementor-size-xxl{font-size:59px}<\/style><h2 class=\"elementor-heading-title elementor-size-default\">DRU\u017bYNY<\/h2>\t\t<\/div>\n\t\t\t\t<\/div>\n\t\t\t\t\t<\/div>\n\t\t<\/div>\n\t\t\t\t\t\t\t<\/div>\n\t\t<\/section>\n\t\t\t\t<section class=\"elementor-section elementor-top-section elementor-element elementor-element-650bb6b elementor-reverse-mobile elementor-section-boxed elementor-section-height-default elementor-section-height-default\" data-id=\"650bb6b\" data-element_type=\"section\" data-settings=\"{&quot;background_background&quot;:&quot;classic&quot;}\">\n\t\t\t\t\t\t\t<div class=\"elementor-background-overlay\"><\/div>\n\t\t\t\t\t\t\t<div class=\"elementor-container elementor-column-gap-no\">\n\t\t\t\t\t<div class=\"elementor-column elementor-col-100 elementor-top-column elementor-element elementor-element-3940e87\" data-id=\"3940e87\" data-element_type=\"column\">\n\t\t\t<div class=\"elementor-widget-wrap elementor-element-populated\">\n\t\t\t\t\t\t\t\t<section class=\"elementor-section elementor-inner-section elementor-element elementor-element-71d7905 elementor-reverse-tablet elementor-section-boxed elementor-section-height-default elementor-section-height-default\" data-id=\"71d7905\" data-element_type=\"section\">\n\t\t\t\t\t\t<div class=\"elementor-container elementor-column-gap-default\">\n\t\t\t\t\t<div class=\"elementor-column elementor-col-50 elementor-inner-column elementor-element elementor-element-c4219b1\" data-id=\"c4219b1\" data-element_type=\"column\">\n\t\t\t<div class=\"elementor-widget-wrap elementor-element-populated\">\n\t\t\t\t\t\t\t\t<div class=\"elementor-element elementor-element-2572a72 elementor-widget elementor-widget-image\" data-id=\"2572a72\" data-element_type=\"widget\" data-widget_type=\"image.default\">\n\t\t\t\t<div class=\"elementor-widget-container\">\n\t\t\t<style>\/*! elementor - v3.15.0 - 20-08-2023 *\/\n.elementor-widget-image{text-align:center}.elementor-widget-image a{display:inline-block}.elementor-widget-image a img[src$=\".svg\"]{width:48px}.elementor-widget-image img{vertical-align:middle;display:inline-block}<\/style>\t\t\t\t\t\t\t\t\t\t\t\t<img decoding=\"async\" width=\"1024\" height=\"1024\" src=\"https:\/\/wlkskrakus.pl\/pilka\/wp-content\/uploads\/2026\/01\/MLODZIK-2014-1024x1024.jpg\" class=\"attachment-large size-large wp-image-19938\" alt=\"M\u0141ODZIK 2014\" srcset=\"https:\/\/wlkskrakus.pl\/pilka\/wp-content\/uploads\/2026\/01\/MLODZIK-2014-1024x1024.jpg 1024w, https:\/\/wlkskrakus.pl\/pilka\/wp-content\/uploads\/2026\/01\/MLODZIK-2014-300x300.jpg 300w, https:\/\/wlkskrakus.pl\/pilka\/wp-content\/uploads\/2026\/01\/MLODZIK-2014-150x150.jpg 150w, https:\/\/wlkskrakus.pl\/pilka\/wp-content\/uploads\/2026\/01\/MLODZIK-2014-768x768.jpg 768w, https:\/\/wlkskrakus.pl\/pilka\/wp-content\/uploads\/2026\/01\/MLODZIK-2014.jpg 1080w\" sizes=\"(max-width: 1024px) 100vw, 1024px\" \/>\t\t\t\t\t\t\t\t\t\t\t\t\t\t\t<\/div>\n\t\t\t\t<\/div>\n\t\t\t\t\t<\/div>\n\t\t<\/div>\n\t\t\t\t<div class=\"elementor-column elementor-col-50 elementor-inner-column elementor-element elementor-element-2cf1cf9\" data-id=\"2cf1cf9\" data-element_type=\"column\">\n\t\t\t<div class=\"elementor-widget-wrap elementor-element-populated\">\n\t\t\t\t\t\t\t\t<div class=\"elementor-element elementor-element-05d33c1 elementor-widget elementor-widget-heading\" data-id=\"05d33c1\" data-element_type=\"widget\" data-widget_type=\"heading.default\">\n\t\t\t\t<div class=\"elementor-widget-container\">\n\t\t\t<h3 class=\"elementor-heading-title elementor-size-default\">M\u0141ODZIKI ZIELONE<\/h3>\t\t<\/div>\n\t\t\t\t<\/div>\n\t\t\t\t<div class=\"elementor-element elementor-element-a8db570 elementor-widget elementor-widget-text-editor\" data-id=\"a8db570\" data-element_type=\"widget\" data-widget_type=\"text-editor.default\">\n\t\t\t\t<div class=\"elementor-widget-container\">\n\t\t\t<style>\/*! elementor - v3.15.0 - 20-08-2023 *\/\n.elementor-widget-text-editor.elementor-drop-cap-view-stacked .elementor-drop-cap{background-color:#69727d;color:#fff}.elementor-widget-text-editor.elementor-drop-cap-view-framed .elementor-drop-cap{color:#69727d;border:3px solid;background-color:transparent}.elementor-widget-text-editor:not(.elementor-drop-cap-view-default) .elementor-drop-cap{margin-top:8px}.elementor-widget-text-editor:not(.elementor-drop-cap-view-default) .elementor-drop-cap-letter{width:1em;height:1em}.elementor-widget-text-editor .elementor-drop-cap{float:left;text-align:center;line-height:1;font-size:50px}.elementor-widget-text-editor .elementor-drop-cap-letter{display:inline-block}<\/style>\t\t\t\t<p>ROCZNIK 2014<\/p>\n<h5><strong>TRENINGI &#8211; ZIMA 2026:<\/strong><\/h5>\n<p><strong>PONIEDZIA\u0141EK, G. 19.00 &#8211; 20.30<\/strong><br>WLKS Krakus (ul. Moszy\u0144skiego 9)<\/p>\n<p><strong>WTOREK, G.&nbsp;<\/strong><strong>18.45 &#8211; 20.15<\/strong><br>WLKS Krakus (ul. Moszy\u0144skiego 9)<\/p>\n<p><strong>\u015aRODA, G.&nbsp;<\/strong><strong>18.30 &#8211; 20.00 MOTORYKA<\/strong><br>WLKS Krakus (ul. Moszy\u0144skiego 9)<\/p>\n<p><strong>CZWARTEK, G.&nbsp;<\/strong><strong>18.45 &#8211; 20.15<\/strong><br>WLKS Krakus (ul. Moszy\u0144skiego 9)<\/p>\n<h4><strong>TRENER:<\/strong><\/h4>\n<p><strong>DARIUSZ D\u0118BSKI<\/strong><br>tel. 792 323 054<\/p>\t\t\t\t\t\t<\/div>\n\t\t\t\t<\/div>\n\t\t\t\t\t<\/div>\n\t\t<\/div>\n\t\t\t\t\t\t\t<\/div>\n\t\t<\/section>\n\t\t\t\t\t<\/div>\n\t\t<\/div>\n\t\t\t\t\t\t\t<\/div>\n\t\t<\/section>\n\t\t\t\t\t\t\t<\/div>\n\t\t","protected":false},"excerpt":{"rendered":"<p>DRU\u017bYNY M\u0141ODZIKI ZIELONE ROCZNIK 2014 TRENINGI &#8211; ZIMA 2026: PONIEDZIA\u0141EK, G. 19.00 &#8211; 20.30WLKS Krakus (ul. Moszy\u0144skiego 9) WTOREK, G.&nbsp;18.45 &#8211; 20.15WLKS Krakus (ul. Moszy\u0144skiego 9) \u015aRODA, G.&nbsp;18.30 &#8211; 20.00 MOTORYKAWLKS Krakus (ul. Moszy\u0144skiego 9) CZWARTEK, G.&nbsp;18.45 &#8211; 20.15WLKS Krakus (ul. Moszy\u0144skiego 9) TRENER: DARIUSZ D\u0118BSKItel. 792 323 054<\/p>\n","protected":false},"author":3,"featured_media":0,"parent":2191,"menu_order":0,"comment_status":"closed","ping_status":"closed","template":"","meta":{"site-sidebar-layout":"no-sidebar","site-content-layout":"page-builder","ast-global-header-display":"","ast-main-header-display":"","ast-hfb-above-header-display":"","ast-hfb-below-header-display":"","ast-hfb-mobile-header-display":"","site-post-title":"disabled","ast-breadcrumbs-content":"","ast-featured-img":"disabled","footer-sml-layout":"","theme-transparent-header-meta":"default","adv-header-id-meta":"","stick-header-meta":"","header-above-stick-meta":"","header-main-stick-meta":"","header-below-stick-meta":"","footnotes":""},"class_list":["post-11961","page","type-page","status-publish","hentry"],"yoast_head":"<!-- This site is optimized with the Yoast SEO plugin v21.1 - https:\/\/yoast.com\/wordpress\/plugins\/seo\/ -->\n<title>M\u0141ODZIKI ZIELONE - WLKS KRAKUS SWOSZOWICE<\/title>\n<meta name=\"robots\" content=\"index, follow, max-snippet:-1, max-image-preview:large, max-video-preview:-1\" \/>\n<link rel=\"canonical\" href=\"https:\/\/wlkskrakus.pl\/pilka\/druzyny\/orlik-czerwony-e1\/\" \/>\n<meta property=\"og:locale\" content=\"pl_PL\" \/>\n<meta property=\"og:type\" content=\"article\" \/>\n<meta property=\"og:title\" content=\"M\u0141ODZIKI ZIELONE - WLKS KRAKUS SWOSZOWICE\" \/>\n<meta property=\"og:description\" content=\"DRU\u017bYNY M\u0141ODZIKI ZIELONE ROCZNIK 2014 TRENINGI &#8211; ZIMA 2026: PONIEDZIA\u0141EK, G. 19.00 &#8211; 20.30WLKS Krakus (ul. Moszy\u0144skiego 9) WTOREK, G.&nbsp;18.45 &#8211; 20.15WLKS Krakus (ul. Moszy\u0144skiego 9) \u015aRODA, G.&nbsp;18.30 &#8211; 20.00 MOTORYKAWLKS Krakus (ul. Moszy\u0144skiego 9) CZWARTEK, G.&nbsp;18.45 &#8211; 20.15WLKS Krakus (ul. Moszy\u0144skiego 9) TRENER: DARIUSZ D\u0118BSKItel. 792 323 054\" \/>\n<meta property=\"og:url\" content=\"https:\/\/wlkskrakus.pl\/pilka\/druzyny\/orlik-czerwony-e1\/\" \/>\n<meta property=\"og:site_name\" content=\"WLKS KRAKUS SWOSZOWICE\" \/>\n<meta property=\"article:modified_time\" content=\"2026-01-06T20:03:15+00:00\" \/>\n<meta property=\"og:image\" content=\"https:\/\/wlkskrakus.pl\/pilka\/wp-content\/uploads\/2026\/01\/MLODZIK-2014-1024x1024.jpg\" \/>\n<meta name=\"twitter:card\" content=\"summary_large_image\" \/>\n<meta name=\"twitter:label1\" content=\"Szacowany czas czytania\" \/>\n\t<meta name=\"twitter:data1\" content=\"1 minuta\" \/>\n<script type=\"application\/ld+json\" class=\"yoast-schema-graph\">{\"@context\":\"https:\/\/schema.org\",\"@graph\":[{\"@type\":\"WebPage\",\"@id\":\"https:\/\/wlkskrakus.pl\/pilka\/druzyny\/orlik-czerwony-e1\/\",\"url\":\"https:\/\/wlkskrakus.pl\/pilka\/druzyny\/orlik-czerwony-e1\/\",\"name\":\"M\u0141ODZIKI ZIELONE - WLKS KRAKUS SWOSZOWICE\",\"isPartOf\":{\"@id\":\"https:\/\/wlkskrakus.pl\/pilka\/#website\"},\"datePublished\":\"2023-07-25T10:29:46+00:00\",\"dateModified\":\"2026-01-06T20:03:15+00:00\",\"breadcrumb\":{\"@id\":\"https:\/\/wlkskrakus.pl\/pilka\/druzyny\/orlik-czerwony-e1\/#breadcrumb\"},\"inLanguage\":\"pl-PL\",\"potentialAction\":[{\"@type\":\"ReadAction\",\"target\":[\"https:\/\/wlkskrakus.pl\/pilka\/druzyny\/orlik-czerwony-e1\/\"]}]},{\"@type\":\"BreadcrumbList\",\"@id\":\"https:\/\/wlkskrakus.pl\/pilka\/druzyny\/orlik-czerwony-e1\/#breadcrumb\",\"itemListElement\":[{\"@type\":\"ListItem\",\"position\":1,\"name\":\"Strona g\u0142\u00f3wna\",\"item\":\"https:\/\/wlkskrakus.pl\/pilka\/\"},{\"@type\":\"ListItem\",\"position\":2,\"name\":\"DRU\u017bYNY\",\"item\":\"https:\/\/wlkskrakus.pl\/pilka\/druzyny\/\"},{\"@type\":\"ListItem\",\"position\":3,\"name\":\"M\u0141ODZIKI ZIELONE\"}]},{\"@type\":\"WebSite\",\"@id\":\"https:\/\/wlkskrakus.pl\/pilka\/#website\",\"url\":\"https:\/\/wlkskrakus.pl\/pilka\/\",\"name\":\"WLKS KRAKUS SWOSZOWICE\",\"description\":\"SEKCJA PI\u0141KI NO\u017bNEJ\",\"publisher\":{\"@id\":\"https:\/\/wlkskrakus.pl\/pilka\/#organization\"},\"potentialAction\":[{\"@type\":\"SearchAction\",\"target\":{\"@type\":\"EntryPoint\",\"urlTemplate\":\"https:\/\/wlkskrakus.pl\/pilka\/?s={search_term_string}\"},\"query-input\":\"required name=search_term_string\"}],\"inLanguage\":\"pl-PL\"},{\"@type\":\"Organization\",\"@id\":\"https:\/\/wlkskrakus.pl\/pilka\/#organization\",\"name\":\"WLKS KRAKUS SWOSZOWICE\",\"url\":\"https:\/\/wlkskrakus.pl\/pilka\/\",\"logo\":{\"@type\":\"ImageObject\",\"inLanguage\":\"pl-PL\",\"@id\":\"https:\/\/wlkskrakus.pl\/pilka\/#\/schema\/logo\/image\/\",\"url\":\"https:\/\/wlkskrakus.pl\/pilka\/wp-content\/uploads\/2023\/03\/cropped-logo.png\",\"contentUrl\":\"https:\/\/wlkskrakus.pl\/pilka\/wp-content\/uploads\/2023\/03\/cropped-logo.png\",\"width\":512,\"height\":512,\"caption\":\"WLKS KRAKUS SWOSZOWICE\"},\"image\":{\"@id\":\"https:\/\/wlkskrakus.pl\/pilka\/#\/schema\/logo\/image\/\"}}]}<\/script>\n<!-- \/ Yoast SEO plugin. -->","yoast_head_json":{"title":"M\u0141ODZIKI ZIELONE - WLKS KRAKUS SWOSZOWICE","robots":{"index":"index","follow":"follow","max-snippet":"max-snippet:-1","max-image-preview":"max-image-preview:large","max-video-preview":"max-video-preview:-1"},"canonical":"https:\/\/wlkskrakus.pl\/pilka\/druzyny\/orlik-czerwony-e1\/","og_locale":"pl_PL","og_type":"article","og_title":"M\u0141ODZIKI ZIELONE - WLKS KRAKUS SWOSZOWICE","og_description":"DRU\u017bYNY M\u0141ODZIKI ZIELONE ROCZNIK 2014 TRENINGI &#8211; ZIMA 2026: PONIEDZIA\u0141EK, G. 19.00 &#8211; 20.30WLKS Krakus (ul. Moszy\u0144skiego 9) WTOREK, G.&nbsp;18.45 &#8211; 20.15WLKS Krakus (ul. Moszy\u0144skiego 9) \u015aRODA, G.&nbsp;18.30 &#8211; 20.00 MOTORYKAWLKS Krakus (ul. Moszy\u0144skiego 9) CZWARTEK, G.&nbsp;18.45 &#8211; 20.15WLKS Krakus (ul. Moszy\u0144skiego 9) TRENER: DARIUSZ D\u0118BSKItel. 792 323 054","og_url":"https:\/\/wlkskrakus.pl\/pilka\/druzyny\/orlik-czerwony-e1\/","og_site_name":"WLKS KRAKUS SWOSZOWICE","article_modified_time":"2026-01-06T20:03:15+00:00","og_image":[{"url":"https:\/\/wlkskrakus.pl\/pilka\/wp-content\/uploads\/2026\/01\/MLODZIK-2014-1024x1024.jpg"}],"twitter_card":"summary_large_image","twitter_misc":{"Szacowany czas czytania":"1 minuta"},"schema":{"@context":"https:\/\/schema.org","@graph":[{"@type":"WebPage","@id":"https:\/\/wlkskrakus.pl\/pilka\/druzyny\/orlik-czerwony-e1\/","url":"https:\/\/wlkskrakus.pl\/pilka\/druzyny\/orlik-czerwony-e1\/","name":"M\u0141ODZIKI ZIELONE - WLKS KRAKUS SWOSZOWICE","isPartOf":{"@id":"https:\/\/wlkskrakus.pl\/pilka\/#website"},"datePublished":"2023-07-25T10:29:46+00:00","dateModified":"2026-01-06T20:03:15+00:00","breadcrumb":{"@id":"https:\/\/wlkskrakus.pl\/pilka\/druzyny\/orlik-czerwony-e1\/#breadcrumb"},"inLanguage":"pl-PL","potentialAction":[{"@type":"ReadAction","target":["https:\/\/wlkskrakus.pl\/pilka\/druzyny\/orlik-czerwony-e1\/"]}]},{"@type":"BreadcrumbList","@id":"https:\/\/wlkskrakus.pl\/pilka\/druzyny\/orlik-czerwony-e1\/#breadcrumb","itemListElement":[{"@type":"ListItem","position":1,"name":"Strona g\u0142\u00f3wna","item":"https:\/\/wlkskrakus.pl\/pilka\/"},{"@type":"ListItem","position":2,"name":"DRU\u017bYNY","item":"https:\/\/wlkskrakus.pl\/pilka\/druzyny\/"},{"@type":"ListItem","position":3,"name":"M\u0141ODZIKI ZIELONE"}]},{"@type":"WebSite","@id":"https:\/\/wlkskrakus.pl\/pilka\/#website","url":"https:\/\/wlkskrakus.pl\/pilka\/","name":"WLKS KRAKUS SWOSZOWICE","description":"SEKCJA PI\u0141KI NO\u017bNEJ","publisher":{"@id":"https:\/\/wlkskrakus.pl\/pilka\/#organization"},"potentialAction":[{"@type":"SearchAction","target":{"@type":"EntryPoint","urlTemplate":"https:\/\/wlkskrakus.pl\/pilka\/?s={search_term_string}"},"query-input":"required name=search_term_string"}],"inLanguage":"pl-PL"},{"@type":"Organization","@id":"https:\/\/wlkskrakus.pl\/pilka\/#organization","name":"WLKS KRAKUS SWOSZOWICE","url":"https:\/\/wlkskrakus.pl\/pilka\/","logo":{"@type":"ImageObject","inLanguage":"pl-PL","@id":"https:\/\/wlkskrakus.pl\/pilka\/#\/schema\/logo\/image\/","url":"https:\/\/wlkskrakus.pl\/pilka\/wp-content\/uploads\/2023\/03\/cropped-logo.png","contentUrl":"https:\/\/wlkskrakus.pl\/pilka\/wp-content\/uploads\/2023\/03\/cropped-logo.png","width":512,"height":512,"caption":"WLKS KRAKUS SWOSZOWICE"},"image":{"@id":"https:\/\/wlkskrakus.pl\/pilka\/#\/schema\/logo\/image\/"}}]}},"_links":{"self":[{"href":"https:\/\/wlkskrakus.pl\/pilka\/wp-json\/wp\/v2\/pages\/11961","targetHints":{"allow":["GET"]}}],"collection":[{"href":"https:\/\/wlkskrakus.pl\/pilka\/wp-json\/wp\/v2\/pages"}],"about":[{"href":"https:\/\/wlkskrakus.pl\/pilka\/wp-json\/wp\/v2\/types\/page"}],"author":[{"embeddable":true,"href":"https:\/\/wlkskrakus.pl\/pilka\/wp-json\/wp\/v2\/users\/3"}],"replies":[{"embeddable":true,"href":"https:\/\/wlkskrakus.pl\/pilka\/wp-json\/wp\/v2\/comments?post=11961"}],"version-history":[{"count":35,"href":"https:\/\/wlkskrakus.pl\/pilka\/wp-json\/wp\/v2\/pages\/11961\/revisions"}],"predecessor-version":[{"id":19947,"href":"https:\/\/wlkskrakus.pl\/pilka\/wp-json\/wp\/v2\/pages\/11961\/revisions\/19947"}],"up":[{"embeddable":true,"href":"https:\/\/wlkskrakus.pl\/pilka\/wp-json\/wp\/v2\/pages\/2191"}],"wp:attachment":[{"href":"https:\/\/wlkskrakus.pl\/pilka\/wp-json\/wp\/v2\/media?parent=11961"}],"curies":[{"name":"wp","href":"https:\/\/api.w.org\/{rel}","templated":true}]}}