{"id":12019,"date":"2023-07-25T12:51:27","date_gmt":"2023-07-25T10:51:27","guid":{"rendered":"https:\/\/wlks.krenet.pl\/pilka\/?page_id=12019"},"modified":"2026-05-06T12:08:59","modified_gmt":"2026-05-06T10:08:59","slug":"lato2026","status":"publish","type":"page","link":"https:\/\/wlkskrakus.pl\/pilka\/lato2026\/","title":{"rendered":"LATO 2026"},"content":{"rendered":"\t\t<div data-elementor-type=\"wp-post\" data-elementor-id=\"12019\" class=\"elementor elementor-12019\">\n\t\t\t\t\t\t\t\t\t<section class=\"elementor-section elementor-top-section elementor-element elementor-element-74ba2fac elementor-section-boxed elementor-section-height-default elementor-section-height-default\" data-id=\"74ba2fac\" data-element_type=\"section\" data-settings=\"{&quot;background_background&quot;:&quot;classic&quot;,&quot;shape_divider_bottom&quot;:&quot;triangle&quot;,&quot;shape_divider_bottom_negative&quot;:&quot;yes&quot;}\">\n\t\t\t\t\t\t\t<div class=\"elementor-background-overlay\"><\/div>\n\t\t\t\t\t\t<div class=\"elementor-shape elementor-shape-bottom\" data-negative=\"true\">\n\t\t\t<svg xmlns=\"http:\/\/www.w3.org\/2000\/svg\" viewBox=\"0 0 1000 100\" preserveAspectRatio=\"none\">\n\t<path class=\"elementor-shape-fill\" d=\"M500.2,94.7L0,0v100h1000V0L500.2,94.7z\"\/>\n<\/svg>\t\t<\/div>\n\t\t\t\t\t<div class=\"elementor-container elementor-column-gap-default\">\n\t\t\t\t\t<div class=\"elementor-column elementor-col-100 elementor-top-column elementor-element elementor-element-23262dea\" data-id=\"23262dea\" data-element_type=\"column\">\n\t\t\t<div class=\"elementor-widget-wrap elementor-element-populated\">\n\t\t\t\t\t\t\t\t<div class=\"elementor-element elementor-element-27af6558 elementor-widget elementor-widget-heading\" data-id=\"27af6558\" data-element_type=\"widget\" data-settings=\"{&quot;_animation&quot;:&quot;none&quot;}\" data-widget_type=\"heading.default\">\n\t\t\t\t<div class=\"elementor-widget-container\">\n\t\t\t<style>\/*! elementor - v3.15.0 - 20-08-2023 *\/\n.elementor-heading-title{padding:0;margin:0;line-height:1}.elementor-widget-heading .elementor-heading-title[class*=elementor-size-]>a{color:inherit;font-size:inherit;line-height:inherit}.elementor-widget-heading .elementor-heading-title.elementor-size-small{font-size:15px}.elementor-widget-heading .elementor-heading-title.elementor-size-medium{font-size:19px}.elementor-widget-heading .elementor-heading-title.elementor-size-large{font-size:29px}.elementor-widget-heading .elementor-heading-title.elementor-size-xl{font-size:39px}.elementor-widget-heading .elementor-heading-title.elementor-size-xxl{font-size:59px}<\/style><h2 class=\"elementor-heading-title elementor-size-default\">OBOZY I P\u00d3\u0141KOLONIE 2026<\/h2>\t\t<\/div>\n\t\t\t\t<\/div>\n\t\t\t\t\t<\/div>\n\t\t<\/div>\n\t\t\t\t\t\t\t<\/div>\n\t\t<\/section>\n\t\t\t\t<section class=\"elementor-section elementor-top-section elementor-element elementor-element-8dc6205 elementor-reverse-mobile elementor-section-boxed elementor-section-height-default elementor-section-height-default\" data-id=\"8dc6205\" data-element_type=\"section\" data-settings=\"{&quot;background_background&quot;:&quot;classic&quot;}\">\n\t\t\t\t\t\t\t<div class=\"elementor-background-overlay\"><\/div>\n\t\t\t\t\t\t\t<div class=\"elementor-container elementor-column-gap-no\">\n\t\t\t\t\t<div class=\"elementor-column elementor-col-100 elementor-top-column elementor-element elementor-element-0b0aedc\" data-id=\"0b0aedc\" data-element_type=\"column\">\n\t\t\t<div class=\"elementor-widget-wrap elementor-element-populated\">\n\t\t\t\t\t\t\t\t<section class=\"elementor-section elementor-inner-section elementor-element elementor-element-6a93429 elementor-section-boxed elementor-section-height-default elementor-section-height-default\" data-id=\"6a93429\" data-element_type=\"section\" data-settings=\"{&quot;background_background&quot;:&quot;classic&quot;}\">\n\t\t\t\t\t\t<div class=\"elementor-container elementor-column-gap-default\">\n\t\t\t\t\t<div class=\"elementor-column elementor-col-50 elementor-inner-column elementor-element elementor-element-423846c\" data-id=\"423846c\" data-element_type=\"column\" data-settings=\"{&quot;background_background&quot;:&quot;classic&quot;}\">\n\t\t\t<div class=\"elementor-widget-wrap elementor-element-populated\">\n\t\t\t\t\t\t\t\t<div class=\"elementor-element elementor-element-bbe93cc elementor-widget elementor-widget-image\" data-id=\"bbe93cc\" data-element_type=\"widget\" data-widget_type=\"image.default\">\n\t\t\t\t<div class=\"elementor-widget-container\">\n\t\t\t<style>\/*! elementor - v3.15.0 - 20-08-2023 *\/\n.elementor-widget-image{text-align:center}.elementor-widget-image a{display:inline-block}.elementor-widget-image a img[src$=\".svg\"]{width:48px}.elementor-widget-image img{vertical-align:middle;display:inline-block}<\/style>\t\t\t\t\t\t\t\t\t\t\t\t<img decoding=\"async\" width=\"768\" height=\"768\" src=\"https:\/\/wlkskrakus.pl\/pilka\/wp-content\/uploads\/2026\/05\/WLKS-KRAKUS-POSTY-FBINSTA81-768x768.png\" class=\"attachment-medium_large size-medium_large wp-image-20028\" alt=\"WLKS KRAKUS   POSTY FBINSTA(81)\" srcset=\"https:\/\/wlkskrakus.pl\/pilka\/wp-content\/uploads\/2026\/05\/WLKS-KRAKUS-POSTY-FBINSTA81-768x768.png 768w, https:\/\/wlkskrakus.pl\/pilka\/wp-content\/uploads\/2026\/05\/WLKS-KRAKUS-POSTY-FBINSTA81-300x300.png 300w, https:\/\/wlkskrakus.pl\/pilka\/wp-content\/uploads\/2026\/05\/WLKS-KRAKUS-POSTY-FBINSTA81-1024x1024.png 1024w, https:\/\/wlkskrakus.pl\/pilka\/wp-content\/uploads\/2026\/05\/WLKS-KRAKUS-POSTY-FBINSTA81-150x150.png 150w, https:\/\/wlkskrakus.pl\/pilka\/wp-content\/uploads\/2026\/05\/WLKS-KRAKUS-POSTY-FBINSTA81.png 1080w\" sizes=\"(max-width: 768px) 100vw, 768px\" \/>\t\t\t\t\t\t\t\t\t\t\t\t\t\t\t<\/div>\n\t\t\t\t<\/div>\n\t\t\t\t<div class=\"elementor-element elementor-element-ab2905a elementor-widget elementor-widget-text-editor\" data-id=\"ab2905a\" data-element_type=\"widget\" data-widget_type=\"text-editor.default\">\n\t\t\t\t<div class=\"elementor-widget-container\">\n\t\t\t<style>\/*! elementor - v3.15.0 - 20-08-2023 *\/\n.elementor-widget-text-editor.elementor-drop-cap-view-stacked .elementor-drop-cap{background-color:#69727d;color:#fff}.elementor-widget-text-editor.elementor-drop-cap-view-framed .elementor-drop-cap{color:#69727d;border:3px solid;background-color:transparent}.elementor-widget-text-editor:not(.elementor-drop-cap-view-default) .elementor-drop-cap{margin-top:8px}.elementor-widget-text-editor:not(.elementor-drop-cap-view-default) .elementor-drop-cap-letter{width:1em;height:1em}.elementor-widget-text-editor .elementor-drop-cap{float:left;text-align:center;line-height:1;font-size:50px}.elementor-widget-text-editor .elementor-drop-cap-letter{display:inline-block}<\/style>\t\t\t\t<h3><em>PI\u0141KARSKIE P\u00d3\u0141KOLONIE<\/em><\/h3>\n<h4 style=\"text-align: left;\">ROCZNIKI 2014 &#8211; 2019<\/h4>\n<hr \/>\n<p style=\"text-align: left;\"><strong>Miejsce:<\/strong><br \/>O\u015brodek Sportowo &#8211; Rekreacyjny WLKS Krakus<br \/>ul. Moszy\u0144skiego 9, 30-698 Krak\u00f3w<\/p>\n<p style=\"text-align: left;\"><strong>Terminy:<br \/><\/strong>29.06 &#8211; 03.07.2025\u00a0 <br \/>06.07 &#8211; 10.07.2025\u00a0 <br \/>13.07 &#8211; 17.07.2025\u00a0 <br \/>20.07 &#8211; 24.07.2025<\/p>\n<p><strong>Zapewniamy:<br \/><\/strong>&#8211; opiek\u0119 wykwalifikowanej i do\u015bwiadczonej kadry trenerskiej od poniedzia\u0142ku do pi\u0105tku w godz. 7.45 &#8211; 16.30,<br \/>&#8211; wy\u017cywienie w postaci drugiego \u015bniadania, dwudaniowego obiadu oraz napoj\u00f3w,<br \/>&#8211; 1 lub 2 treningi pi\u0142ki no\u017cnej dziennie,<br \/>&#8211; atrakcje dodatkowe &#8211; m. in. kino, basen, \u015bcianka wspinaczkowa,<br \/>&#8211; ubezpieczenie NNW, zg\u0142oszenie do Kuratorium.<\/p>\n<p><strong>Koszt turnusu:<\/strong> <br \/>739 z\u0142 &#8211; przy zapisie na dwa lub wi\u0119cej turnus\u00f3w,<br \/>779 z\u0142 &#8211; przy zapisie na jeden turnus,<br \/>5% zni\u017cki przy zapisie Rodze\u0144stwa.<\/p>\n<p>Potwierdzeniem zg\u0142oszenia dziecka na P\u00f3\u0142kolonie jest uzupe\u0142nienie Formularza Zg\u0142oszeniowego oraz wp\u0142ata zaliczki w wysoko\u015bci 150 z\u0142 za turnus na konto Sekcji Pi\u0142ki No\u017cnej WLKS Krakus:<\/p>\n<p><strong>16 1240 4533 1111 0010 3866 1694<\/strong><\/p>\n<p style=\"text-align: left;\">W tytule przelewu: imi\u0119, nazwisko i rok urodzenia dziecka oraz &#8222;zaliczka na Pi\u0142karskie P\u00f3\u0142kolonie 2026&#8221;.<strong><br \/><\/strong><\/p>\n<p><strong>Ilo\u015b\u0107 miejsc ograniczona &#8211; decyduje kolejno\u015b\u0107 zg\u0142osze\u0144<\/strong>:<br \/>29.06 &#8211; 03.07.2025\u00a0 &#8211;\u00a0 1\/26 Uczestnik\u00f3w<br \/>06.07 &#8211; 10.07.2025\u00a0 &#8211;\u00a0 6\/26 Uczestnik\u00f3w\u00a0 <br \/>13.07 &#8211; 17.07.2025\u00a0 &#8211;\u00a0 5\/26 Uczestnik\u00f3w<br \/>20.07 &#8211; 24.07.2025\u00a0 &#8211;\u00a0 6\/26 Uczestnik\u00f3w<\/p>\n<p>Stan na 06.05.2026<\/p>\n<p>Warunkiem organizacji turnusu jest udzia\u0142 minimum 15. Uczestnik\u00f3w!<\/p>\n<p><strong>Informacje:<br \/><\/strong> &#8211;\u00a0 tel. 512 614 752<br \/>&#8211;\u00a0 e-mail: pilka@wlkskrakus.pl<\/p>\n<p><strong>Dokumenty:<br \/><span style=\"text-decoration: underline;\"><a href=\"https:\/\/wlkskrakus.pl\/pilka\/wp-content\/uploads\/2026\/05\/Warunki-Uczestnictwa-Pilkarskie-Polkolonie-2026.pdf\">WARUNKI UCZESTNICTWA<\/a><br \/><a href=\"https:\/\/wlkskrakus.pl\/pilka\/wp-content\/uploads\/2026\/05\/Regulamin-Pilkarskie-Polkolonie-2026.pdf\">REGULAMIN<\/a><br \/><a href=\"https:\/\/wlkskrakus.pl\/pilka\/wp-content\/uploads\/2026\/05\/Karta-Kwalifikacyjna-Pilkarskie-Polkolonie-2026.pdf\">KARTA KWALIFIKACYJNA<\/a><br \/><\/span><\/strong><\/p>\t\t\t\t\t\t<\/div>\n\t\t\t\t<\/div>\n\t\t\t\t<div class=\"elementor-element elementor-element-00253ee elementor-align-center elementor-widget elementor-widget-button\" data-id=\"00253ee\" data-element_type=\"widget\" data-widget_type=\"button.default\">\n\t\t\t\t<div class=\"elementor-widget-container\">\n\t\t\t\t\t<div class=\"elementor-button-wrapper\">\n\t\t\t<a class=\"elementor-button elementor-button-link elementor-size-lg\" href=\"https:\/\/krakus.protrainup.com\/pl\/forms\/3728?signature=e3e0f3d566c873343e8bd79d0d251263990f90e3cd83a8bb920d1552d2ca0c45\" target=\"_blank\">\n\t\t\t\t\t\t<span class=\"elementor-button-content-wrapper\">\n\t\t\t\t\t\t<span class=\"elementor-button-text\">Formularz Zg\u0142oszeniowy<\/span>\n\t\t<\/span>\n\t\t\t\t\t<\/a>\n\t\t<\/div>\n\t\t\t\t<\/div>\n\t\t\t\t<\/div>\n\t\t\t\t\t<\/div>\n\t\t<\/div>\n\t\t\t\t<div class=\"elementor-column elementor-col-50 elementor-inner-column elementor-element elementor-element-8b541e8\" data-id=\"8b541e8\" data-element_type=\"column\" data-settings=\"{&quot;background_background&quot;:&quot;classic&quot;}\">\n\t\t\t<div class=\"elementor-widget-wrap elementor-element-populated\">\n\t\t\t\t\t\t\t\t<div class=\"elementor-element elementor-element-362ce77 elementor-widget elementor-widget-image\" data-id=\"362ce77\" data-element_type=\"widget\" data-widget_type=\"image.default\">\n\t\t\t\t<div class=\"elementor-widget-container\">\n\t\t\t\t\t\t\t\t\t\t\t\t\t\t\t<img decoding=\"async\" width=\"768\" height=\"768\" src=\"https:\/\/wlkskrakus.pl\/pilka\/wp-content\/uploads\/2026\/05\/WLKS-KRAKUS-POSTY-FBINSTA82-768x768.png\" class=\"attachment-medium_large size-medium_large wp-image-20030\" alt=\"WLKS KRAKUS   POSTY FBINSTA(82)\" srcset=\"https:\/\/wlkskrakus.pl\/pilka\/wp-content\/uploads\/2026\/05\/WLKS-KRAKUS-POSTY-FBINSTA82-768x768.png 768w, https:\/\/wlkskrakus.pl\/pilka\/wp-content\/uploads\/2026\/05\/WLKS-KRAKUS-POSTY-FBINSTA82-300x300.png 300w, https:\/\/wlkskrakus.pl\/pilka\/wp-content\/uploads\/2026\/05\/WLKS-KRAKUS-POSTY-FBINSTA82-1024x1024.png 1024w, https:\/\/wlkskrakus.pl\/pilka\/wp-content\/uploads\/2026\/05\/WLKS-KRAKUS-POSTY-FBINSTA82-150x150.png 150w, https:\/\/wlkskrakus.pl\/pilka\/wp-content\/uploads\/2026\/05\/WLKS-KRAKUS-POSTY-FBINSTA82.png 1080w\" sizes=\"(max-width: 768px) 100vw, 768px\" \/>\t\t\t\t\t\t\t\t\t\t\t\t\t\t\t<\/div>\n\t\t\t\t<\/div>\n\t\t\t\t<div class=\"elementor-element elementor-element-52db3c4 elementor-widget elementor-widget-text-editor\" data-id=\"52db3c4\" data-element_type=\"widget\" data-widget_type=\"text-editor.default\">\n\t\t\t\t<div class=\"elementor-widget-container\">\n\t\t\t\t\t\t\t<h3 style=\"text-align: left;\"><em>OB\u00d3Z LETNI GRO\u0143<\/em><\/h3>\n<h4 style=\"text-align: left;\">ROCZNIKI 2010 &#8211; 2017<\/h4>\n<hr \/>\n<p><strong>Miejsce:<\/strong><br \/>O\u015brodek Wczasowy Gro\u0144-Plac\u00f3wka<br \/>Kobylarz\u00f3wka 76, 34-406 Gro\u0144<\/p>\n<p><strong>Terminy:<\/strong><br \/>01.08 &#8211; 08.07.2026 (8 dni) &#8211; roczniki 2010\/2011\/2012\/2013<br \/>08.08 &#8211; 15.08.2026 (8 dni) &#8211; roczniki 2014\/2015\/2016\/2017<\/p>\n<p><strong>Zapewniamy:<br \/><\/strong>&#8211; zakwaterowanie\u00a0w pokojach 3, 4, 5. osobowych z \u0142azienkami i TV,<strong><br \/><\/strong>&#8211; pe\u0142ne wy\u017cywienie (3 posi\u0142ki dziennie) oraz wod\u0119 do picia bez limitu,<strong><br \/><\/strong>&#8211; codzienne treningi na boiskach w \u0141opusznej oraz opiek\u0119 wykwalifikowanej, do\u015bwiadczonej i pe\u0142nej pasji kadry trenerskiej,<br \/>&#8211; transport nowoczesnymi i bezpiecznymi autokarami z i do Krakowa,<br \/>&#8211; ubezpieczenie NNW, zg\u0142oszenie obozu do Kuratorium.<\/p>\n<p><strong>Koszt Obozu:<br \/><\/strong>2 140 z\u0142<\/p>\n<p>Potwierdzeniem zg\u0142oszenia dziecka na Camp jest uzupe\u0142nienie Formularza Zg\u0142oszeniowego oraz wp\u0142ata zaliczki w wysoko\u015bci 400 z\u0142 na konto Sekcji Pi\u0142ki No\u017cnej WLKS Krakus:<\/p>\n<p><strong>16 1240 4533 1111 0010 3866 1694<\/strong><\/p>\n<p>W tytule przelewu wpisujemy: imi\u0119, nazwisko i rok urodzenia dziecka oraz &#8222;zaliczka na Ob\u00f3z Gro\u0144 2026&#8221;.<strong><br \/><\/strong><\/p>\n<p><strong>Ilo\u015b\u0107 miejsc ograniczona &#8211; decyduje kolejno\u015b\u0107 zg\u0142osze\u0144.<\/strong><\/p>\n<p><strong>Informacje:<br \/><\/strong> &#8211;\u00a0 tel. 512 614 752<br \/>&#8211;\u00a0 e-mail: pilka@wlkskrakus.pl<\/p>\n<p><strong>Dokumenty:<br \/><a href=\"https:\/\/wlkskrakus.pl\/pilka\/wp-content\/uploads\/2026\/03\/Regulamin-Obozu-Gron-01.08-08.08.2026.pdf\"><span style=\"text-decoration: underline;\">REGULAMIN OBOZU<\/span><\/a><\/strong><\/p>\n<p><strong><a href=\"https:\/\/wlkskrakus.pl\/pilka\/wp-content\/uploads\/2026\/03\/Warunki-Uczestnictwa-Gron-01.08-08.08.2026.pdf\"><span style=\"text-decoration: underline;\">WARUNKI UCZESTNICTWA 01.08-08.08.2026 (2010-2013)<\/span><\/a><br \/><span style=\"text-decoration: underline;\"><a href=\"https:\/\/wlkskrakus.pl\/pilka\/wp-content\/uploads\/2026\/03\/Karta-Kwalifikacyjna-Gron-01.08-08.08.2026.pdf\">KARTA KWALIFIKACYJNA 01.08-08.08.2026 (2010-2013)<\/a><\/span><br \/><\/strong><\/p>\n<p><span style=\"text-decoration: underline;\"><strong><a href=\"https:\/\/wlkskrakus.pl\/pilka\/wp-content\/uploads\/2026\/03\/Warunki-Uczestnictwa-Gron-08.08-15.08.2026.pdf\">WARUNKI UCZESTNICTWA 08.08-15.08.2026 (2014-2017)<\/a><br \/><a href=\"https:\/\/wlkskrakus.pl\/pilka\/wp-content\/uploads\/2026\/03\/Karta-Kwalifikacyjna-Gron-08.08-15.08.2026.pdf\">KARTA KWALIFIKACYJNA 08.08-15.08.2026 (2014-2017)<\/a><\/strong><\/span><\/p>\t\t\t\t\t\t<\/div>\n\t\t\t\t<\/div>\n\t\t\t\t<div class=\"elementor-element elementor-element-c95c9ed elementor-align-center elementor-widget elementor-widget-button\" data-id=\"c95c9ed\" data-element_type=\"widget\" data-widget_type=\"button.default\">\n\t\t\t\t<div class=\"elementor-widget-container\">\n\t\t\t\t\t<div class=\"elementor-button-wrapper\">\n\t\t\t<a class=\"elementor-button elementor-button-link elementor-size-lg\" href=\"https:\/\/krakus.protrainup.com\/pl\/forms\/3504?signature=2a0e5e8af7a2108fe3e5da3b987cd53ebccaa049de88d31d425e9038e00f35fa\" target=\"_blank\">\n\t\t\t\t\t\t<span class=\"elementor-button-content-wrapper\">\n\t\t\t\t\t\t<span class=\"elementor-button-text\">Formularz Zg\u0142oszeniowy 2010-2013<\/span>\n\t\t<\/span>\n\t\t\t\t\t<\/a>\n\t\t<\/div>\n\t\t\t\t<\/div>\n\t\t\t\t<\/div>\n\t\t\t\t<div class=\"elementor-element elementor-element-687768f elementor-align-center elementor-widget elementor-widget-button\" data-id=\"687768f\" data-element_type=\"widget\" data-widget_type=\"button.default\">\n\t\t\t\t<div class=\"elementor-widget-container\">\n\t\t\t\t\t<div class=\"elementor-button-wrapper\">\n\t\t\t<a class=\"elementor-button elementor-button-link elementor-size-sm\" href=\"https:\/\/krakus.protrainup.com\/pl\/forms\/3506?signature=7b39056e4d814fb3547d00f9e4498c2d9e23e46192af1b9bfe4329b36625b8f8\">\n\t\t\t\t\t\t<span class=\"elementor-button-content-wrapper\">\n\t\t\t\t\t\t<span class=\"elementor-button-text\">Formularz Zg\u0142oszeniowy 2014-2017<\/span>\n\t\t<\/span>\n\t\t\t\t\t<\/a>\n\t\t<\/div>\n\t\t\t\t<\/div>\n\t\t\t\t<\/div>\n\t\t\t\t\t<\/div>\n\t\t<\/div>\n\t\t\t\t\t\t\t<\/div>\n\t\t<\/section>\n\t\t\t\t\t<\/div>\n\t\t<\/div>\n\t\t\t\t\t\t\t<\/div>\n\t\t<\/section>\n\t\t\t\t<section class=\"elementor-section elementor-top-section elementor-element elementor-element-fa0fed3 elementor-section-boxed elementor-section-height-default elementor-section-height-default\" data-id=\"fa0fed3\" data-element_type=\"section\">\n\t\t\t\t\t\t<div class=\"elementor-container elementor-column-gap-default\">\n\t\t\t\t\t<div class=\"elementor-column elementor-col-100 elementor-top-column elementor-element elementor-element-7aafd3a\" data-id=\"7aafd3a\" data-element_type=\"column\">\n\t\t\t<div class=\"elementor-widget-wrap\">\n\t\t\t\t\t\t\t\t\t<\/div>\n\t\t<\/div>\n\t\t\t\t\t\t\t<\/div>\n\t\t<\/section>\n\t\t\t\t\t\t\t<\/div>\n\t\t","protected":false},"excerpt":{"rendered":"<p>OBOZY I P\u00d3\u0141KOLONIE 2026 PI\u0141KARSKIE P\u00d3\u0141KOLONIE ROCZNIKI 2014 &#8211; 2019 Miejsce:O\u015brodek Sportowo &#8211; Rekreacyjny WLKS Krakusul. Moszy\u0144skiego 9, 30-698 Krak\u00f3w Terminy:29.06 &#8211; 03.07.2025\u00a0 06.07 &#8211; 10.07.2025\u00a0 13.07 &#8211; 17.07.2025\u00a0 20.07 &#8211; 24.07.2025 Zapewniamy:&#8211; opiek\u0119 wykwalifikowanej i do\u015bwiadczonej kadry trenerskiej od poniedzia\u0142ku do pi\u0105tku w godz. 7.45 &#8211; 16.30,&#8211; wy\u017cywienie w postaci drugiego \u015bniadania, dwudaniowego obiadu &hellip;<\/p>\n<p class=\"read-more\"> <a class=\"\" href=\"https:\/\/wlkskrakus.pl\/pilka\/lato2026\/\"> <span class=\"screen-reader-text\">LATO 2026<\/span> Read More \u00bb<\/a><\/p>\n","protected":false},"author":3,"featured_media":0,"parent":0,"menu_order":0,"comment_status":"closed","ping_status":"closed","template":"","meta":{"site-sidebar-layout":"no-sidebar","site-content-layout":"page-builder","ast-global-header-display":"","ast-main-header-display":"","ast-hfb-above-header-display":"","ast-hfb-below-header-display":"","ast-hfb-mobile-header-display":"","site-post-title":"disabled","ast-breadcrumbs-content":"","ast-featured-img":"disabled","footer-sml-layout":"","theme-transparent-header-meta":"default","adv-header-id-meta":"","stick-header-meta":"","header-above-stick-meta":"","header-main-stick-meta":"","header-below-stick-meta":"","footnotes":""},"class_list":["post-12019","page","type-page","status-publish","hentry"],"yoast_head":"<!-- This site is optimized with the Yoast SEO plugin v21.1 - https:\/\/yoast.com\/wordpress\/plugins\/seo\/ -->\n<title>LATO 2026 - WLKS KRAKUS SWOSZOWICE<\/title>\n<meta name=\"robots\" content=\"index, follow, max-snippet:-1, max-image-preview:large, max-video-preview:-1\" \/>\n<link rel=\"canonical\" href=\"https:\/\/wlkskrakus.pl\/pilka\/lato2026\/\" \/>\n<meta property=\"og:locale\" content=\"pl_PL\" \/>\n<meta property=\"og:type\" content=\"article\" \/>\n<meta property=\"og:title\" content=\"LATO 2026 - WLKS KRAKUS SWOSZOWICE\" \/>\n<meta property=\"og:description\" content=\"OBOZY I P\u00d3\u0141KOLONIE 2026 PI\u0141KARSKIE P\u00d3\u0141KOLONIE ROCZNIKI 2014 &#8211; 2019 Miejsce:O\u015brodek Sportowo &#8211; Rekreacyjny WLKS Krakusul. Moszy\u0144skiego 9, 30-698 Krak\u00f3w Terminy:29.06 &#8211; 03.07.2025\u00a0 06.07 &#8211; 10.07.2025\u00a0 13.07 &#8211; 17.07.2025\u00a0 20.07 &#8211; 24.07.2025 Zapewniamy:&#8211; opiek\u0119 wykwalifikowanej i do\u015bwiadczonej kadry trenerskiej od poniedzia\u0142ku do pi\u0105tku w godz. 7.45 &#8211; 16.30,&#8211; wy\u017cywienie w postaci drugiego \u015bniadania, dwudaniowego obiadu &hellip; LATO 2026 Read More \u00bb\" \/>\n<meta property=\"og:url\" content=\"https:\/\/wlkskrakus.pl\/pilka\/lato2026\/\" \/>\n<meta property=\"og:site_name\" content=\"WLKS KRAKUS SWOSZOWICE\" \/>\n<meta property=\"article:modified_time\" content=\"2026-05-06T10:08:59+00:00\" \/>\n<meta property=\"og:image\" content=\"https:\/\/wlkskrakus.pl\/pilka\/wp-content\/uploads\/2026\/05\/WLKS-KRAKUS-POSTY-FBINSTA81-768x768.png\" \/>\n<meta name=\"twitter:card\" content=\"summary_large_image\" \/>\n<meta name=\"twitter:label1\" content=\"Szacowany czas czytania\" \/>\n\t<meta name=\"twitter:data1\" content=\"3 minuty\" \/>\n<script type=\"application\/ld+json\" class=\"yoast-schema-graph\">{\"@context\":\"https:\/\/schema.org\",\"@graph\":[{\"@type\":\"WebPage\",\"@id\":\"https:\/\/wlkskrakus.pl\/pilka\/lato2026\/\",\"url\":\"https:\/\/wlkskrakus.pl\/pilka\/lato2026\/\",\"name\":\"LATO 2026 - WLKS KRAKUS SWOSZOWICE\",\"isPartOf\":{\"@id\":\"https:\/\/wlkskrakus.pl\/pilka\/#website\"},\"datePublished\":\"2023-07-25T10:51:27+00:00\",\"dateModified\":\"2026-05-06T10:08:59+00:00\",\"breadcrumb\":{\"@id\":\"https:\/\/wlkskrakus.pl\/pilka\/lato2026\/#breadcrumb\"},\"inLanguage\":\"pl-PL\",\"potentialAction\":[{\"@type\":\"ReadAction\",\"target\":[\"https:\/\/wlkskrakus.pl\/pilka\/lato2026\/\"]}]},{\"@type\":\"BreadcrumbList\",\"@id\":\"https:\/\/wlkskrakus.pl\/pilka\/lato2026\/#breadcrumb\",\"itemListElement\":[{\"@type\":\"ListItem\",\"position\":1,\"name\":\"Strona g\u0142\u00f3wna\",\"item\":\"https:\/\/wlkskrakus.pl\/pilka\/\"},{\"@type\":\"ListItem\",\"position\":2,\"name\":\"LATO 2026\"}]},{\"@type\":\"WebSite\",\"@id\":\"https:\/\/wlkskrakus.pl\/pilka\/#website\",\"url\":\"https:\/\/wlkskrakus.pl\/pilka\/\",\"name\":\"WLKS KRAKUS SWOSZOWICE\",\"description\":\"SEKCJA PI\u0141KI NO\u017bNEJ\",\"publisher\":{\"@id\":\"https:\/\/wlkskrakus.pl\/pilka\/#organization\"},\"potentialAction\":[{\"@type\":\"SearchAction\",\"target\":{\"@type\":\"EntryPoint\",\"urlTemplate\":\"https:\/\/wlkskrakus.pl\/pilka\/?s={search_term_string}\"},\"query-input\":\"required name=search_term_string\"}],\"inLanguage\":\"pl-PL\"},{\"@type\":\"Organization\",\"@id\":\"https:\/\/wlkskrakus.pl\/pilka\/#organization\",\"name\":\"WLKS KRAKUS SWOSZOWICE\",\"url\":\"https:\/\/wlkskrakus.pl\/pilka\/\",\"logo\":{\"@type\":\"ImageObject\",\"inLanguage\":\"pl-PL\",\"@id\":\"https:\/\/wlkskrakus.pl\/pilka\/#\/schema\/logo\/image\/\",\"url\":\"https:\/\/wlkskrakus.pl\/pilka\/wp-content\/uploads\/2023\/03\/cropped-logo.png\",\"contentUrl\":\"https:\/\/wlkskrakus.pl\/pilka\/wp-content\/uploads\/2023\/03\/cropped-logo.png\",\"width\":512,\"height\":512,\"caption\":\"WLKS KRAKUS SWOSZOWICE\"},\"image\":{\"@id\":\"https:\/\/wlkskrakus.pl\/pilka\/#\/schema\/logo\/image\/\"}}]}<\/script>\n<!-- \/ Yoast SEO plugin. -->","yoast_head_json":{"title":"LATO 2026 - WLKS KRAKUS SWOSZOWICE","robots":{"index":"index","follow":"follow","max-snippet":"max-snippet:-1","max-image-preview":"max-image-preview:large","max-video-preview":"max-video-preview:-1"},"canonical":"https:\/\/wlkskrakus.pl\/pilka\/lato2026\/","og_locale":"pl_PL","og_type":"article","og_title":"LATO 2026 - WLKS KRAKUS SWOSZOWICE","og_description":"OBOZY I P\u00d3\u0141KOLONIE 2026 PI\u0141KARSKIE P\u00d3\u0141KOLONIE ROCZNIKI 2014 &#8211; 2019 Miejsce:O\u015brodek Sportowo &#8211; Rekreacyjny WLKS Krakusul. Moszy\u0144skiego 9, 30-698 Krak\u00f3w Terminy:29.06 &#8211; 03.07.2025\u00a0 06.07 &#8211; 10.07.2025\u00a0 13.07 &#8211; 17.07.2025\u00a0 20.07 &#8211; 24.07.2025 Zapewniamy:&#8211; opiek\u0119 wykwalifikowanej i do\u015bwiadczonej kadry trenerskiej od poniedzia\u0142ku do pi\u0105tku w godz. 7.45 &#8211; 16.30,&#8211; wy\u017cywienie w postaci drugiego \u015bniadania, dwudaniowego obiadu &hellip; LATO 2026 Read More \u00bb","og_url":"https:\/\/wlkskrakus.pl\/pilka\/lato2026\/","og_site_name":"WLKS KRAKUS SWOSZOWICE","article_modified_time":"2026-05-06T10:08:59+00:00","og_image":[{"url":"https:\/\/wlkskrakus.pl\/pilka\/wp-content\/uploads\/2026\/05\/WLKS-KRAKUS-POSTY-FBINSTA81-768x768.png"}],"twitter_card":"summary_large_image","twitter_misc":{"Szacowany czas czytania":"3 minuty"},"schema":{"@context":"https:\/\/schema.org","@graph":[{"@type":"WebPage","@id":"https:\/\/wlkskrakus.pl\/pilka\/lato2026\/","url":"https:\/\/wlkskrakus.pl\/pilka\/lato2026\/","name":"LATO 2026 - WLKS KRAKUS SWOSZOWICE","isPartOf":{"@id":"https:\/\/wlkskrakus.pl\/pilka\/#website"},"datePublished":"2023-07-25T10:51:27+00:00","dateModified":"2026-05-06T10:08:59+00:00","breadcrumb":{"@id":"https:\/\/wlkskrakus.pl\/pilka\/lato2026\/#breadcrumb"},"inLanguage":"pl-PL","potentialAction":[{"@type":"ReadAction","target":["https:\/\/wlkskrakus.pl\/pilka\/lato2026\/"]}]},{"@type":"BreadcrumbList","@id":"https:\/\/wlkskrakus.pl\/pilka\/lato2026\/#breadcrumb","itemListElement":[{"@type":"ListItem","position":1,"name":"Strona g\u0142\u00f3wna","item":"https:\/\/wlkskrakus.pl\/pilka\/"},{"@type":"ListItem","position":2,"name":"LATO 2026"}]},{"@type":"WebSite","@id":"https:\/\/wlkskrakus.pl\/pilka\/#website","url":"https:\/\/wlkskrakus.pl\/pilka\/","name":"WLKS KRAKUS SWOSZOWICE","description":"SEKCJA PI\u0141KI NO\u017bNEJ","publisher":{"@id":"https:\/\/wlkskrakus.pl\/pilka\/#organization"},"potentialAction":[{"@type":"SearchAction","target":{"@type":"EntryPoint","urlTemplate":"https:\/\/wlkskrakus.pl\/pilka\/?s={search_term_string}"},"query-input":"required name=search_term_string"}],"inLanguage":"pl-PL"},{"@type":"Organization","@id":"https:\/\/wlkskrakus.pl\/pilka\/#organization","name":"WLKS KRAKUS SWOSZOWICE","url":"https:\/\/wlkskrakus.pl\/pilka\/","logo":{"@type":"ImageObject","inLanguage":"pl-PL","@id":"https:\/\/wlkskrakus.pl\/pilka\/#\/schema\/logo\/image\/","url":"https:\/\/wlkskrakus.pl\/pilka\/wp-content\/uploads\/2023\/03\/cropped-logo.png","contentUrl":"https:\/\/wlkskrakus.pl\/pilka\/wp-content\/uploads\/2023\/03\/cropped-logo.png","width":512,"height":512,"caption":"WLKS KRAKUS SWOSZOWICE"},"image":{"@id":"https:\/\/wlkskrakus.pl\/pilka\/#\/schema\/logo\/image\/"}}]}},"_links":{"self":[{"href":"https:\/\/wlkskrakus.pl\/pilka\/wp-json\/wp\/v2\/pages\/12019","targetHints":{"allow":["GET"]}}],"collection":[{"href":"https:\/\/wlkskrakus.pl\/pilka\/wp-json\/wp\/v2\/pages"}],"about":[{"href":"https:\/\/wlkskrakus.pl\/pilka\/wp-json\/wp\/v2\/types\/page"}],"author":[{"embeddable":true,"href":"https:\/\/wlkskrakus.pl\/pilka\/wp-json\/wp\/v2\/users\/3"}],"replies":[{"embeddable":true,"href":"https:\/\/wlkskrakus.pl\/pilka\/wp-json\/wp\/v2\/comments?post=12019"}],"version-history":[{"count":118,"href":"https:\/\/wlkskrakus.pl\/pilka\/wp-json\/wp\/v2\/pages\/12019\/revisions"}],"predecessor-version":[{"id":20061,"href":"https:\/\/wlkskrakus.pl\/pilka\/wp-json\/wp\/v2\/pages\/12019\/revisions\/20061"}],"wp:attachment":[{"href":"https:\/\/wlkskrakus.pl\/pilka\/wp-json\/wp\/v2\/media?parent=12019"}],"curies":[{"name":"wp","href":"https:\/\/api.w.org\/{rel}","templated":true}]}}