{"id":2223,"date":"2023-05-22T15:34:41","date_gmt":"2023-05-22T13:34:41","guid":{"rendered":"https:\/\/wlks.krenet.pl\/pilka\/?page_id=2223"},"modified":"2026-04-01T13:19:03","modified_gmt":"2026-04-01T11:19:03","slug":"dolacz-do-nas","status":"publish","type":"page","link":"https:\/\/wlkskrakus.pl\/pilka\/dolacz-do-nas\/","title":{"rendered":"DO\u0141\u0104CZ DO NAS"},"content":{"rendered":"\t\t<div data-elementor-type=\"wp-post\" data-elementor-id=\"2223\" class=\"elementor elementor-2223\">\n\t\t\t\t\t\t\t\t\t<section class=\"elementor-section elementor-top-section elementor-element elementor-element-d763fdf elementor-section-boxed elementor-section-height-default elementor-section-height-default\" data-id=\"d763fdf\" data-element_type=\"section\" data-settings=\"{&quot;background_background&quot;:&quot;classic&quot;,&quot;shape_divider_bottom&quot;:&quot;triangle&quot;,&quot;shape_divider_bottom_negative&quot;:&quot;yes&quot;}\">\n\t\t\t\t\t\t\t<div class=\"elementor-background-overlay\"><\/div>\n\t\t\t\t\t\t<div class=\"elementor-shape elementor-shape-bottom\" data-negative=\"true\">\n\t\t\t<svg xmlns=\"http:\/\/www.w3.org\/2000\/svg\" viewBox=\"0 0 1000 100\" preserveAspectRatio=\"none\">\n\t<path class=\"elementor-shape-fill\" d=\"M500.2,94.7L0,0v100h1000V0L500.2,94.7z\"\/>\n<\/svg>\t\t<\/div>\n\t\t\t\t\t<div class=\"elementor-container elementor-column-gap-default\">\n\t\t\t\t\t<div class=\"elementor-column elementor-col-100 elementor-top-column elementor-element elementor-element-3018d0d\" data-id=\"3018d0d\" data-element_type=\"column\">\n\t\t\t<div class=\"elementor-widget-wrap elementor-element-populated\">\n\t\t\t\t\t\t\t\t<div class=\"elementor-element elementor-element-5cc20a3 elementor-widget elementor-widget-heading\" data-id=\"5cc20a3\" data-element_type=\"widget\" data-settings=\"{&quot;_animation&quot;:&quot;none&quot;}\" data-widget_type=\"heading.default\">\n\t\t\t\t<div class=\"elementor-widget-container\">\n\t\t\t<style>\/*! elementor - v3.15.0 - 20-08-2023 *\/\n.elementor-heading-title{padding:0;margin:0;line-height:1}.elementor-widget-heading .elementor-heading-title[class*=elementor-size-]>a{color:inherit;font-size:inherit;line-height:inherit}.elementor-widget-heading .elementor-heading-title.elementor-size-small{font-size:15px}.elementor-widget-heading .elementor-heading-title.elementor-size-medium{font-size:19px}.elementor-widget-heading .elementor-heading-title.elementor-size-large{font-size:29px}.elementor-widget-heading .elementor-heading-title.elementor-size-xl{font-size:39px}.elementor-widget-heading .elementor-heading-title.elementor-size-xxl{font-size:59px}<\/style><h2 class=\"elementor-heading-title elementor-size-default\">DO\u0141\u0104CZ DO NAS<\/h2>\t\t<\/div>\n\t\t\t\t<\/div>\n\t\t\t\t\t<\/div>\n\t\t<\/div>\n\t\t\t\t\t\t\t<\/div>\n\t\t<\/section>\n\t\t\t\t<section class=\"elementor-section elementor-top-section elementor-element elementor-element-8dc6205 elementor-reverse-mobile elementor-section-boxed elementor-section-height-default elementor-section-height-default\" data-id=\"8dc6205\" data-element_type=\"section\" data-settings=\"{&quot;background_background&quot;:&quot;classic&quot;}\">\n\t\t\t\t\t\t\t<div class=\"elementor-background-overlay\"><\/div>\n\t\t\t\t\t\t\t<div class=\"elementor-container elementor-column-gap-no\">\n\t\t\t\t\t<div class=\"elementor-column elementor-col-100 elementor-top-column elementor-element elementor-element-0b0aedc\" data-id=\"0b0aedc\" data-element_type=\"column\">\n\t\t\t<div class=\"elementor-widget-wrap elementor-element-populated\">\n\t\t\t\t\t\t\t\t<div class=\"elementor-element elementor-element-ea53ce0 elementor-widget elementor-widget-text-editor\" data-id=\"ea53ce0\" data-element_type=\"widget\" data-widget_type=\"text-editor.default\">\n\t\t\t\t<div class=\"elementor-widget-container\">\n\t\t\t<style>\/*! elementor - v3.15.0 - 20-08-2023 *\/\n.elementor-widget-text-editor.elementor-drop-cap-view-stacked .elementor-drop-cap{background-color:#69727d;color:#fff}.elementor-widget-text-editor.elementor-drop-cap-view-framed .elementor-drop-cap{color:#69727d;border:3px solid;background-color:transparent}.elementor-widget-text-editor:not(.elementor-drop-cap-view-default) .elementor-drop-cap{margin-top:8px}.elementor-widget-text-editor:not(.elementor-drop-cap-view-default) .elementor-drop-cap-letter{width:1em;height:1em}.elementor-widget-text-editor .elementor-drop-cap{float:left;text-align:center;line-height:1;font-size:50px}.elementor-widget-text-editor .elementor-drop-cap-letter{display:inline-block}<\/style>\t\t\t\t<h5>Sekcja Pi\u0142ki No\u017cnej WLKS Krakus prowadzi ca\u0142oroczny nab\u00f3r do dru\u017cyn dzieci\u0119cych i m\u0142odzie\u017cowych. \u015awiadectwem profesjonalnego podej\u015bcia do wychowania i szkolenia oraz troski o bezpiecze\u0144stwo m\u0142odych sportowc\u00f3w jest posiadanie Zielonego Certyfikatu Polskiego Zwi\u0105zku Pi\u0142ki No\u017cnej nieprzerwanie od 2024 roku.<\/h5><h5>Od kwietnia 2025 roku WLKS Krakus jest jedynym w Krakowie, oficjalnym Klubem Filialnym ekstraklasowego Rakowa Cz\u0119stochowa. Wyr\u00f3\u017cniaj\u0105cy si\u0119 zawodnicy s\u0105 obj\u0119ci monitoringiem i bior\u0105 udzia\u0142 w testach w jednej z najlepszych Akademii Pi\u0142karskich w Polsce!<\/h5><h5>W sezonie 2025\/26 prowadzimy zaj\u0119cia dla dzieci i m\u0142odzie\u017cy urodzonych w latach 2011-2021. Jeste\u015bmy otwarci dla ka\u017cdego, niezale\u017cnie od do\u015bwiadczenia oraz umiej\u0119tno\u015bci!<\/h5>\t\t\t\t\t\t<\/div>\n\t\t\t\t<\/div>\n\t\t\t\t<section class=\"elementor-section elementor-inner-section elementor-element elementor-element-6cad3d1 elementor-reverse-tablet elementor-section-boxed elementor-section-height-default elementor-section-height-default\" data-id=\"6cad3d1\" data-element_type=\"section\">\n\t\t\t\t\t\t<div class=\"elementor-container elementor-column-gap-default\">\n\t\t\t\t\t<div class=\"elementor-column elementor-col-100 elementor-inner-column elementor-element elementor-element-6708cd3\" data-id=\"6708cd3\" data-element_type=\"column\">\n\t\t\t<div class=\"elementor-widget-wrap\">\n\t\t\t\t\t\t\t\t\t<\/div>\n\t\t<\/div>\n\t\t\t\t\t\t\t<\/div>\n\t\t<\/section>\n\t\t\t\t<section class=\"elementor-section elementor-inner-section elementor-element elementor-element-d61b517 elementor-reverse-tablet elementor-section-boxed elementor-section-height-default elementor-section-height-default\" data-id=\"d61b517\" data-element_type=\"section\">\n\t\t\t\t\t\t<div class=\"elementor-container elementor-column-gap-default\">\n\t\t\t\t\t<div class=\"elementor-column elementor-col-50 elementor-inner-column elementor-element elementor-element-e8dbabd\" data-id=\"e8dbabd\" data-element_type=\"column\">\n\t\t\t<div class=\"elementor-widget-wrap elementor-element-populated\">\n\t\t\t\t\t\t\t\t<div class=\"elementor-element elementor-element-ff066d8 elementor-widget elementor-widget-text-editor\" data-id=\"ff066d8\" data-element_type=\"widget\" data-widget_type=\"text-editor.default\">\n\t\t\t\t<div class=\"elementor-widget-container\">\n\t\t\t\t\t\t\t<h5>ZAPEWNIAMY:<\/h5><ul><li>treningi prowadzone zgodnie z systemem szkolenia PZPN,<\/li><li>wykwalifikowanych, do\u015bwiadczonych i pe\u0142nych pasji trener\u00f3w, posiadaj\u0105cych licencje UEFA poziomu A, B i C,<\/li><li>grupy treningowe uwzgl\u0119dniaj\u0105ce wiek i poziom zaawansowania uczestnik\u00f3w (wiod\u0105ce, rozwojowe oraz pocz\u0105tkuj\u0105ce),<\/li><li>dodatkowe zaj\u0119cia motoryczne oraz treningi bramkarskie,<\/li><li>udzia\u0142 wszystkich zespo\u0142\u00f3w w rozgrywkach oraz turniejach organizowanych przez Ma\u0142opolski Zwi\u0105zek Pi\u0142ki No\u017cnej,<\/li><li>weekendowe mecze i turnieje szkoleniowe organizowane przez trener\u00f3w klubowych,<\/li><li>letnie i zimowe obozy sportowe oraz p\u00f3\u0142kolonie,<\/li><li>ubezpieczenie NNW,<\/li><li>dedykowany sprz\u0119t sportowy marki Joma,<\/li><li>tydzie\u0144 bezp\u0142atnych trening\u00f3w pr\u00f3bnych\/test\u00f3w szkoleniowych.<\/li><\/ul><h5>JAK DO\u0141\u0104CZY\u0106?<\/h5><ul><li>wype\u0142nij <a href=\"https:\/\/krakus.protrainup.com\/pl\/forms\/1186?signature=fae549c2f96ef790caf396ca88b514f978742af2327fb1d15445af5c2b682cf7\" target=\"_blank\" rel=\"noopener\">FORMULARZ ZG\u0141OSZENIOWY<\/a>,<\/li><li>w razie pyta\u0144 mo\u017cesz skontaktowa\u0107 si\u0119 z kierownikiem Sekcji Pi\u0142ki No\u017cnej:<br \/>&#8211; poprzez <a href=\"https:\/\/wlkskrakus.pl\/pilka\/kontakt\/\" target=\"_blank\" rel=\"noopener\">FORMULARZ KONTAKTOWY,<\/a><br \/>&#8211; telefonicznie +48 512 614 752,<br \/>&#8211; mailowo na adres pilka@wlkskrakus.pl<\/li><li>w ci\u0105gu 24h skontaktuje si\u0119 z Tob\u0105 kierownik Sekcji Pi\u0142ki No\u017cnej, aby przekaza\u0107 informacje dotycz\u0105ce pr\u00f3bnych trening\u00f3w,<\/li><li>zapewnij dziecku odpowiedni ubi\u00f3r:<br \/>&#8211; obuwie pi\u0142karskie z gumow\u0105 podeszw\u0105 lub, w przypadku zaj\u0119\u0107 w hali, obuwie z p\u0142ask\u0105, gumow\u0105, niebrudz\u0105c\u0105 podeszw\u0105 (adidasy, hal\u00f3wki),<br \/>&#8211; odzie\u017c dostosowan\u0105 do warunk\u00f3w atmosferycznych,<br \/>&#8211; wod\u0119 do picia w plastikowej butelce lub bidonie,<\/li><li>na zaj\u0119cia przyjd\u017a wcze\u015bniej, aby unikn\u0105\u0107 sp\u00f3\u017anienia i poszukiwania trenera oraz w\u0142a\u015bciwej grupy.<\/li><\/ul><h5>SK\u0141ADKI CZ\u0141ONKOWSKIE<\/h5><div>W sezonie 2025\/26 wysoko\u015b\u0107 miesi\u0119cznej sk\u0142adki cz\u0142onkowskiej wynosi:<\/div><div>\u00a0<\/div><div><strong>180 z\u0142 <\/strong>&#8211; za Zawodnika,<\/div><div>\u00a0<\/div><div><strong>260 z\u0142<\/strong> &#8211; za Rodze\u0144stwo,<\/div><div>\u00a0<\/div><div>P\u0142atne wy\u0142\u0105cznie przelewem na konto Sekcji Pi\u0142ki No\u017cnej:<\/div><div><strong>16 1240 4533 1111 0010 3866 1694<\/strong><\/div><div>\u00a0<\/div><div><strong>tytu\u0142em:<\/strong> imi\u0119, nazwisko i rok urodzenia zawodnika oraz miesi\u0105c, kt\u00f3rego dotyczy sk\u0142adka cz\u0142onkowska<\/div><div>\u00a0<\/div><div>Sk\u0142adka cz\u0142onkowska obowi\u0105zuje w okresie sierpie\u0144 2025 &#8211; czerwiec 2026\u00a0 i ma charakter zrycza\u0142towany, niezale\u017cnie od ilo\u015bci zaj\u0119\u0107 i frekwencji Zawodnika w danym miesi\u0105cu. W przypadku zg\u0142oszonej, ci\u0105g\u0142ej nieobecno\u015bci wynosz\u0105cej powy\u017cej 5. tygodni, wysoko\u015b\u0107 miesi\u0119cznej sk\u0142adki cz\u0142onkowskiej, na wniosek rodzica lub opiekuna mo\u017ce zosta\u0107 obni\u017cona o 75%.<\/div>\t\t\t\t\t\t<\/div>\n\t\t\t\t<\/div>\n\t\t\t\t\t<\/div>\n\t\t<\/div>\n\t\t\t\t<div class=\"elementor-column elementor-col-50 elementor-inner-column elementor-element elementor-element-165657e\" data-id=\"165657e\" data-element_type=\"column\">\n\t\t\t<div class=\"elementor-widget-wrap elementor-element-populated\">\n\t\t\t\t\t\t\t\t<div class=\"elementor-element elementor-element-57a172b elementor-widget elementor-widget-text-editor\" data-id=\"57a172b\" data-element_type=\"widget\" data-widget_type=\"text-editor.default\">\n\t\t\t\t<div class=\"elementor-widget-container\">\n\t\t\t\t\t\t\t<h5>KONTAKT DO TRENER\u00d3W:<br \/>Sezon 2025\/26<\/h5><div><strong>Rocznik 2011\/2012 <\/strong>&#8211; Marcin Wojtunik<br \/>tel. 600 882 189<\/div><div>\u00a0<\/div><div><strong>Rocznik 2013<\/strong>\u00a0&#8211; Rafa\u0142 Baran<br \/>tel. 503 633 322<\/div><div>\u00a0<\/div><div><strong>Rocznik 2014 <\/strong>&#8211; Dariusz D\u0119bski<br \/>tel. 792 323 054<\/div><div>\u00a0<\/div><div><strong>Rocznik 2015 <\/strong>&#8211; Kamil Moska\u0142a<br \/>tel. 726 155 080<\/div><div>\u00a0<\/div><div><strong>Rocznik 2016<\/strong>\u00a0&#8211; \u0141ukasz Janosik<br \/>tel. 519 555 765<\/div><div>\u00a0<\/div><div><strong>Rocznik 2017<\/strong> &#8211; Kacper Satora<br \/>tel. 506 738 584<\/div><div>\u00a0<\/div><div><strong>Rocznik 2018<\/strong> &#8211;\u00a0\u0141ukasz Janosik<br \/>tel. 519 555 765<\/div><div>\u00a0<\/div><div><strong>Rocznik 2019\/20\/21<\/strong> -Bartosz Sp\u00f3lnik<br \/>tel. 667 699 566<\/div>\t\t\t\t\t\t<\/div>\n\t\t\t\t<\/div>\n\t\t\t\t\t<\/div>\n\t\t<\/div>\n\t\t\t\t\t\t\t<\/div>\n\t\t<\/section>\n\t\t\t\t\t<\/div>\n\t\t<\/div>\n\t\t\t\t\t\t\t<\/div>\n\t\t<\/section>\n\t\t\t\t<section class=\"elementor-section elementor-top-section elementor-element elementor-element-bafd213 elementor-section-boxed elementor-section-height-default elementor-section-height-default\" data-id=\"bafd213\" data-element_type=\"section\">\n\t\t\t\t\t\t<div class=\"elementor-container elementor-column-gap-default\">\n\t\t\t\t\t<div class=\"elementor-column elementor-col-100 elementor-top-column elementor-element elementor-element-829c569\" data-id=\"829c569\" data-element_type=\"column\">\n\t\t\t<div class=\"elementor-widget-wrap\">\n\t\t\t\t\t\t\t\t\t<\/div>\n\t\t<\/div>\n\t\t\t\t\t\t\t<\/div>\n\t\t<\/section>\n\t\t\t\t\t\t\t<\/div>\n\t\t","protected":false},"excerpt":{"rendered":"<p>DO\u0141\u0104CZ DO NAS Sekcja Pi\u0142ki No\u017cnej WLKS Krakus prowadzi ca\u0142oroczny nab\u00f3r do dru\u017cyn dzieci\u0119cych i m\u0142odzie\u017cowych. \u015awiadectwem profesjonalnego podej\u015bcia do wychowania i szkolenia oraz troski o bezpiecze\u0144stwo m\u0142odych sportowc\u00f3w jest posiadanie Zielonego Certyfikatu Polskiego Zwi\u0105zku Pi\u0142ki No\u017cnej nieprzerwanie od 2024 roku. Od kwietnia 2025 roku WLKS Krakus jest jedynym w Krakowie, oficjalnym Klubem Filialnym ekstraklasowego &hellip;<\/p>\n<p class=\"read-more\"> <a class=\"\" href=\"https:\/\/wlkskrakus.pl\/pilka\/dolacz-do-nas\/\"> <span class=\"screen-reader-text\">DO\u0141\u0104CZ DO NAS<\/span> Read More \u00bb<\/a><\/p>\n","protected":false},"author":2,"featured_media":0,"parent":0,"menu_order":0,"comment_status":"closed","ping_status":"closed","template":"","meta":{"site-sidebar-layout":"no-sidebar","site-content-layout":"page-builder","ast-global-header-display":"","ast-main-header-display":"","ast-hfb-above-header-display":"","ast-hfb-below-header-display":"","ast-hfb-mobile-header-display":"","site-post-title":"disabled","ast-breadcrumbs-content":"","ast-featured-img":"disabled","footer-sml-layout":"","theme-transparent-header-meta":"default","adv-header-id-meta":"","stick-header-meta":"","header-above-stick-meta":"","header-main-stick-meta":"","header-below-stick-meta":"","footnotes":""},"class_list":["post-2223","page","type-page","status-publish","hentry"],"yoast_head":"<!-- This site is optimized with the Yoast SEO plugin v21.1 - https:\/\/yoast.com\/wordpress\/plugins\/seo\/ -->\n<title>DO\u0141\u0104CZ DO NAS - WLKS KRAKUS SWOSZOWICE<\/title>\n<meta name=\"robots\" content=\"index, follow, max-snippet:-1, max-image-preview:large, max-video-preview:-1\" \/>\n<link rel=\"canonical\" href=\"https:\/\/wlkskrakus.pl\/pilka\/dolacz-do-nas\/\" \/>\n<meta property=\"og:locale\" content=\"pl_PL\" \/>\n<meta property=\"og:type\" content=\"article\" \/>\n<meta property=\"og:title\" content=\"DO\u0141\u0104CZ DO NAS - WLKS KRAKUS SWOSZOWICE\" \/>\n<meta property=\"og:description\" content=\"DO\u0141\u0104CZ DO NAS Sekcja Pi\u0142ki No\u017cnej WLKS Krakus prowadzi ca\u0142oroczny nab\u00f3r do dru\u017cyn dzieci\u0119cych i m\u0142odzie\u017cowych. \u015awiadectwem profesjonalnego podej\u015bcia do wychowania i szkolenia oraz troski o bezpiecze\u0144stwo m\u0142odych sportowc\u00f3w jest posiadanie Zielonego Certyfikatu Polskiego Zwi\u0105zku Pi\u0142ki No\u017cnej nieprzerwanie od 2024 roku. Od kwietnia 2025 roku WLKS Krakus jest jedynym w Krakowie, oficjalnym Klubem Filialnym ekstraklasowego &hellip; DO\u0141\u0104CZ DO NAS Read More \u00bb\" \/>\n<meta property=\"og:url\" content=\"https:\/\/wlkskrakus.pl\/pilka\/dolacz-do-nas\/\" \/>\n<meta property=\"og:site_name\" content=\"WLKS KRAKUS SWOSZOWICE\" \/>\n<meta property=\"article:modified_time\" content=\"2026-04-01T11:19:03+00:00\" \/>\n<meta name=\"twitter:card\" content=\"summary_large_image\" \/>\n<meta name=\"twitter:label1\" content=\"Szacowany czas czytania\" \/>\n\t<meta name=\"twitter:data1\" content=\"3 minuty\" \/>\n<script type=\"application\/ld+json\" class=\"yoast-schema-graph\">{\"@context\":\"https:\/\/schema.org\",\"@graph\":[{\"@type\":\"WebPage\",\"@id\":\"https:\/\/wlkskrakus.pl\/pilka\/dolacz-do-nas\/\",\"url\":\"https:\/\/wlkskrakus.pl\/pilka\/dolacz-do-nas\/\",\"name\":\"DO\u0141\u0104CZ DO NAS - WLKS KRAKUS SWOSZOWICE\",\"isPartOf\":{\"@id\":\"https:\/\/wlkskrakus.pl\/pilka\/#website\"},\"datePublished\":\"2023-05-22T13:34:41+00:00\",\"dateModified\":\"2026-04-01T11:19:03+00:00\",\"breadcrumb\":{\"@id\":\"https:\/\/wlkskrakus.pl\/pilka\/dolacz-do-nas\/#breadcrumb\"},\"inLanguage\":\"pl-PL\",\"potentialAction\":[{\"@type\":\"ReadAction\",\"target\":[\"https:\/\/wlkskrakus.pl\/pilka\/dolacz-do-nas\/\"]}]},{\"@type\":\"BreadcrumbList\",\"@id\":\"https:\/\/wlkskrakus.pl\/pilka\/dolacz-do-nas\/#breadcrumb\",\"itemListElement\":[{\"@type\":\"ListItem\",\"position\":1,\"name\":\"Strona g\u0142\u00f3wna\",\"item\":\"https:\/\/wlkskrakus.pl\/pilka\/\"},{\"@type\":\"ListItem\",\"position\":2,\"name\":\"DO\u0141\u0104CZ DO NAS\"}]},{\"@type\":\"WebSite\",\"@id\":\"https:\/\/wlkskrakus.pl\/pilka\/#website\",\"url\":\"https:\/\/wlkskrakus.pl\/pilka\/\",\"name\":\"WLKS KRAKUS SWOSZOWICE\",\"description\":\"SEKCJA PI\u0141KI NO\u017bNEJ\",\"publisher\":{\"@id\":\"https:\/\/wlkskrakus.pl\/pilka\/#organization\"},\"potentialAction\":[{\"@type\":\"SearchAction\",\"target\":{\"@type\":\"EntryPoint\",\"urlTemplate\":\"https:\/\/wlkskrakus.pl\/pilka\/?s={search_term_string}\"},\"query-input\":\"required name=search_term_string\"}],\"inLanguage\":\"pl-PL\"},{\"@type\":\"Organization\",\"@id\":\"https:\/\/wlkskrakus.pl\/pilka\/#organization\",\"name\":\"WLKS KRAKUS SWOSZOWICE\",\"url\":\"https:\/\/wlkskrakus.pl\/pilka\/\",\"logo\":{\"@type\":\"ImageObject\",\"inLanguage\":\"pl-PL\",\"@id\":\"https:\/\/wlkskrakus.pl\/pilka\/#\/schema\/logo\/image\/\",\"url\":\"https:\/\/wlkskrakus.pl\/pilka\/wp-content\/uploads\/2023\/03\/cropped-logo.png\",\"contentUrl\":\"https:\/\/wlkskrakus.pl\/pilka\/wp-content\/uploads\/2023\/03\/cropped-logo.png\",\"width\":512,\"height\":512,\"caption\":\"WLKS KRAKUS SWOSZOWICE\"},\"image\":{\"@id\":\"https:\/\/wlkskrakus.pl\/pilka\/#\/schema\/logo\/image\/\"}}]}<\/script>\n<!-- \/ Yoast SEO plugin. -->","yoast_head_json":{"title":"DO\u0141\u0104CZ DO NAS - WLKS KRAKUS SWOSZOWICE","robots":{"index":"index","follow":"follow","max-snippet":"max-snippet:-1","max-image-preview":"max-image-preview:large","max-video-preview":"max-video-preview:-1"},"canonical":"https:\/\/wlkskrakus.pl\/pilka\/dolacz-do-nas\/","og_locale":"pl_PL","og_type":"article","og_title":"DO\u0141\u0104CZ DO NAS - WLKS KRAKUS SWOSZOWICE","og_description":"DO\u0141\u0104CZ DO NAS Sekcja Pi\u0142ki No\u017cnej WLKS Krakus prowadzi ca\u0142oroczny nab\u00f3r do dru\u017cyn dzieci\u0119cych i m\u0142odzie\u017cowych. \u015awiadectwem profesjonalnego podej\u015bcia do wychowania i szkolenia oraz troski o bezpiecze\u0144stwo m\u0142odych sportowc\u00f3w jest posiadanie Zielonego Certyfikatu Polskiego Zwi\u0105zku Pi\u0142ki No\u017cnej nieprzerwanie od 2024 roku. Od kwietnia 2025 roku WLKS Krakus jest jedynym w Krakowie, oficjalnym Klubem Filialnym ekstraklasowego &hellip; DO\u0141\u0104CZ DO NAS Read More \u00bb","og_url":"https:\/\/wlkskrakus.pl\/pilka\/dolacz-do-nas\/","og_site_name":"WLKS KRAKUS SWOSZOWICE","article_modified_time":"2026-04-01T11:19:03+00:00","twitter_card":"summary_large_image","twitter_misc":{"Szacowany czas czytania":"3 minuty"},"schema":{"@context":"https:\/\/schema.org","@graph":[{"@type":"WebPage","@id":"https:\/\/wlkskrakus.pl\/pilka\/dolacz-do-nas\/","url":"https:\/\/wlkskrakus.pl\/pilka\/dolacz-do-nas\/","name":"DO\u0141\u0104CZ DO NAS - WLKS KRAKUS SWOSZOWICE","isPartOf":{"@id":"https:\/\/wlkskrakus.pl\/pilka\/#website"},"datePublished":"2023-05-22T13:34:41+00:00","dateModified":"2026-04-01T11:19:03+00:00","breadcrumb":{"@id":"https:\/\/wlkskrakus.pl\/pilka\/dolacz-do-nas\/#breadcrumb"},"inLanguage":"pl-PL","potentialAction":[{"@type":"ReadAction","target":["https:\/\/wlkskrakus.pl\/pilka\/dolacz-do-nas\/"]}]},{"@type":"BreadcrumbList","@id":"https:\/\/wlkskrakus.pl\/pilka\/dolacz-do-nas\/#breadcrumb","itemListElement":[{"@type":"ListItem","position":1,"name":"Strona g\u0142\u00f3wna","item":"https:\/\/wlkskrakus.pl\/pilka\/"},{"@type":"ListItem","position":2,"name":"DO\u0141\u0104CZ DO NAS"}]},{"@type":"WebSite","@id":"https:\/\/wlkskrakus.pl\/pilka\/#website","url":"https:\/\/wlkskrakus.pl\/pilka\/","name":"WLKS KRAKUS SWOSZOWICE","description":"SEKCJA PI\u0141KI NO\u017bNEJ","publisher":{"@id":"https:\/\/wlkskrakus.pl\/pilka\/#organization"},"potentialAction":[{"@type":"SearchAction","target":{"@type":"EntryPoint","urlTemplate":"https:\/\/wlkskrakus.pl\/pilka\/?s={search_term_string}"},"query-input":"required name=search_term_string"}],"inLanguage":"pl-PL"},{"@type":"Organization","@id":"https:\/\/wlkskrakus.pl\/pilka\/#organization","name":"WLKS KRAKUS SWOSZOWICE","url":"https:\/\/wlkskrakus.pl\/pilka\/","logo":{"@type":"ImageObject","inLanguage":"pl-PL","@id":"https:\/\/wlkskrakus.pl\/pilka\/#\/schema\/logo\/image\/","url":"https:\/\/wlkskrakus.pl\/pilka\/wp-content\/uploads\/2023\/03\/cropped-logo.png","contentUrl":"https:\/\/wlkskrakus.pl\/pilka\/wp-content\/uploads\/2023\/03\/cropped-logo.png","width":512,"height":512,"caption":"WLKS KRAKUS SWOSZOWICE"},"image":{"@id":"https:\/\/wlkskrakus.pl\/pilka\/#\/schema\/logo\/image\/"}}]}},"_links":{"self":[{"href":"https:\/\/wlkskrakus.pl\/pilka\/wp-json\/wp\/v2\/pages\/2223","targetHints":{"allow":["GET"]}}],"collection":[{"href":"https:\/\/wlkskrakus.pl\/pilka\/wp-json\/wp\/v2\/pages"}],"about":[{"href":"https:\/\/wlkskrakus.pl\/pilka\/wp-json\/wp\/v2\/types\/page"}],"author":[{"embeddable":true,"href":"https:\/\/wlkskrakus.pl\/pilka\/wp-json\/wp\/v2\/users\/2"}],"replies":[{"embeddable":true,"href":"https:\/\/wlkskrakus.pl\/pilka\/wp-json\/wp\/v2\/comments?post=2223"}],"version-history":[{"count":83,"href":"https:\/\/wlkskrakus.pl\/pilka\/wp-json\/wp\/v2\/pages\/2223\/revisions"}],"predecessor-version":[{"id":20019,"href":"https:\/\/wlkskrakus.pl\/pilka\/wp-json\/wp\/v2\/pages\/2223\/revisions\/20019"}],"wp:attachment":[{"href":"https:\/\/wlkskrakus.pl\/pilka\/wp-json\/wp\/v2\/media?parent=2223"}],"curies":[{"name":"wp","href":"https:\/\/api.w.org\/{rel}","templated":true}]}}