{"id":2228,"date":"2023-05-22T15:35:58","date_gmt":"2023-05-22T13:35:58","guid":{"rendered":"https:\/\/wlks.krenet.pl\/pilka\/?page_id=2228"},"modified":"2025-08-15T17:47:04","modified_gmt":"2025-08-15T15:47:04","slug":"platnosci","status":"publish","type":"page","link":"https:\/\/wlkskrakus.pl\/pilka\/platnosci\/","title":{"rendered":"P\u0142atno\u015bci"},"content":{"rendered":"\t\t<div data-elementor-type=\"wp-post\" data-elementor-id=\"2228\" class=\"elementor elementor-2228\">\n\t\t\t\t\t\t\t\t\t<section class=\"elementor-section elementor-top-section elementor-element elementor-element-a6d2a81 elementor-section-boxed elementor-section-height-default elementor-section-height-default\" data-id=\"a6d2a81\" data-element_type=\"section\" data-settings=\"{&quot;background_background&quot;:&quot;classic&quot;,&quot;shape_divider_bottom&quot;:&quot;triangle&quot;,&quot;shape_divider_bottom_negative&quot;:&quot;yes&quot;}\">\n\t\t\t\t\t\t\t<div class=\"elementor-background-overlay\"><\/div>\n\t\t\t\t\t\t<div class=\"elementor-shape elementor-shape-bottom\" data-negative=\"true\">\n\t\t\t<svg xmlns=\"http:\/\/www.w3.org\/2000\/svg\" viewBox=\"0 0 1000 100\" preserveAspectRatio=\"none\">\n\t<path class=\"elementor-shape-fill\" d=\"M500.2,94.7L0,0v100h1000V0L500.2,94.7z\"\/>\n<\/svg>\t\t<\/div>\n\t\t\t\t\t<div class=\"elementor-container elementor-column-gap-default\">\n\t\t\t\t\t<div class=\"elementor-column elementor-col-100 elementor-top-column elementor-element elementor-element-899a0dd\" data-id=\"899a0dd\" data-element_type=\"column\">\n\t\t\t<div class=\"elementor-widget-wrap elementor-element-populated\">\n\t\t\t\t\t\t\t\t<div class=\"elementor-element elementor-element-ca8b9c3 elementor-widget elementor-widget-heading\" data-id=\"ca8b9c3\" data-element_type=\"widget\" data-settings=\"{&quot;_animation&quot;:&quot;none&quot;}\" data-widget_type=\"heading.default\">\n\t\t\t\t<div class=\"elementor-widget-container\">\n\t\t\t<style>\/*! elementor - v3.15.0 - 20-08-2023 *\/\n.elementor-heading-title{padding:0;margin:0;line-height:1}.elementor-widget-heading .elementor-heading-title[class*=elementor-size-]>a{color:inherit;font-size:inherit;line-height:inherit}.elementor-widget-heading .elementor-heading-title.elementor-size-small{font-size:15px}.elementor-widget-heading .elementor-heading-title.elementor-size-medium{font-size:19px}.elementor-widget-heading .elementor-heading-title.elementor-size-large{font-size:29px}.elementor-widget-heading .elementor-heading-title.elementor-size-xl{font-size:39px}.elementor-widget-heading .elementor-heading-title.elementor-size-xxl{font-size:59px}<\/style><h2 class=\"elementor-heading-title elementor-size-default\">P\u0141ATNO\u015aCI<\/h2>\t\t<\/div>\n\t\t\t\t<\/div>\n\t\t\t\t\t<\/div>\n\t\t<\/div>\n\t\t\t\t\t\t\t<\/div>\n\t\t<\/section>\n\t\t\t\t<section class=\"elementor-section elementor-top-section elementor-element elementor-element-8dc6205 elementor-reverse-mobile elementor-section-boxed elementor-section-height-default elementor-section-height-default\" data-id=\"8dc6205\" data-element_type=\"section\" data-settings=\"{&quot;background_background&quot;:&quot;classic&quot;}\">\n\t\t\t\t\t\t\t<div class=\"elementor-background-overlay\"><\/div>\n\t\t\t\t\t\t\t<div class=\"elementor-container elementor-column-gap-no\">\n\t\t\t\t\t<div class=\"elementor-column elementor-col-100 elementor-top-column elementor-element elementor-element-0b0aedc\" data-id=\"0b0aedc\" data-element_type=\"column\">\n\t\t\t<div class=\"elementor-widget-wrap elementor-element-populated\">\n\t\t\t\t\t\t\t\t<section class=\"elementor-section elementor-inner-section elementor-element elementor-element-6cad3d1 elementor-reverse-tablet elementor-section-boxed elementor-section-height-default elementor-section-height-default\" data-id=\"6cad3d1\" data-element_type=\"section\">\n\t\t\t\t\t\t<div class=\"elementor-container elementor-column-gap-default\">\n\t\t\t\t\t<div class=\"elementor-column elementor-col-100 elementor-inner-column elementor-element elementor-element-f5d6f1b\" data-id=\"f5d6f1b\" data-element_type=\"column\">\n\t\t\t<div class=\"elementor-widget-wrap elementor-element-populated\">\n\t\t\t\t\t\t\t\t<div class=\"elementor-element elementor-element-db2f4bf elementor-widget elementor-widget-heading\" data-id=\"db2f4bf\" data-element_type=\"widget\" data-widget_type=\"heading.default\">\n\t\t\t\t<div class=\"elementor-widget-container\">\n\t\t\t<h2 class=\"elementor-heading-title elementor-size-default\">SK\u0141ADKA CZ\u0141ONKOWSKA W SEZONIE 2025\/26:\n\n<\/h2>\t\t<\/div>\n\t\t\t\t<\/div>\n\t\t\t\t<div class=\"elementor-element elementor-element-90971f3 elementor-widget elementor-widget-text-editor\" data-id=\"90971f3\" data-element_type=\"widget\" data-widget_type=\"text-editor.default\">\n\t\t\t\t<div class=\"elementor-widget-container\">\n\t\t\t<style>\/*! elementor - v3.15.0 - 20-08-2023 *\/\n.elementor-widget-text-editor.elementor-drop-cap-view-stacked .elementor-drop-cap{background-color:#69727d;color:#fff}.elementor-widget-text-editor.elementor-drop-cap-view-framed .elementor-drop-cap{color:#69727d;border:3px solid;background-color:transparent}.elementor-widget-text-editor:not(.elementor-drop-cap-view-default) .elementor-drop-cap{margin-top:8px}.elementor-widget-text-editor:not(.elementor-drop-cap-view-default) .elementor-drop-cap-letter{width:1em;height:1em}.elementor-widget-text-editor .elementor-drop-cap{float:left;text-align:center;line-height:1;font-size:50px}.elementor-widget-text-editor .elementor-drop-cap-letter{display:inline-block}<\/style>\t\t\t\t<ul>\n<li><strong>180 z\u0142<\/strong> miesi\u0119cznie za Zawodnika ucz\u0119szczaj\u0105cego na zaj\u0119cia Sekcji Pi\u0142ki No\u017cnej<\/li>\n<li><strong>260 z\u0142<\/strong> miesi\u0119cznie dla Rodze\u0144stwa ucz\u0119szczaj\u0105cego na zaj\u0119cia Sekcji Pi\u0142ki No\u017cnej<\/li>\n<\/ul>\n<p>Sk\u0142adka obowi\u0105zuje od sierpnia 2025 do czerwca 2026 i ma form\u0119 zrycza\u0142towan\u0105, tj. nie zale\u017cy od ilo\u015bci zaj\u0119\u0107 w danym miesi\u0105cu oraz obecno\u015bci dziecka.<\/p>\n<p>W przypadku rezygnacji z zaj\u0119\u0107 lub nieobecno\u015bci d\u0142u\u017cszej ni\u017c cztery tygodnie (np. w skutek kontuzji lub choroby) prosz\u0119 o informacj\u0119 mailow\u0105 na adres: pilka@wlkskrakus.pl.<\/p>\n<p>Sk\u0142adk\u0119 prosimy wnosi\u0107 do 15. dnia danego miesi\u0105ca (przyk\u0142adowo, za wrzesie\u0144 do dnia 15.09) przelewem na konto Sekcji Pi\u0142ki No\u017cnej:<\/p>\n<p><strong>WLKS KRAKUS \u2013 SEKCJA PI\u0141KI NO\u017bNEJ<\/strong><\/p>\n<p><strong>30-698 Krak\u00f3w, ul. K\u0105pielowa 51<\/strong><\/p>\n<p><strong>nr konta:&nbsp;<\/strong><strong>16 1240 4533 1111 0010 3866 1694<\/strong><\/p>\n<p><strong>tytu\u0142em: imi\u0119, nazwisko, rok urodzenia Zawodnika oraz miesi\u0105c, kt\u00f3rego dotyczy sk\u0142adka:<br><\/strong><\/p>\n<p>przyk\u0142adowo: <span style=\"text-decoration: underline;\">Jan Kowalski, 2011, sk\u0142adka cz\u0142onkowska wrzesie\u0144<\/span><\/p>\n<p>W ramach sk\u0142adki cz\u0142onkowskiej Sekcja Pi\u0142ki No\u017cnej zapewnia:<\/p>\n<ul>\n<li>2-3 treningi zespo\u0142owe prowadzone przez wykwalifikowanych trener\u00f3w, posiadaj\u0105cych licencje UEFA,<\/li>\n<li>specjalistyczne treningi bramkarskie oraz motoryczne,<\/li>\n<li>doskonale przygotowan\u0105 baz\u0119 szkoleniow\u0105 (o\u015bwietlone boiska z naturaln\u0105 oraz sztuczn\u0105 nawierzchni\u0105),<\/li>\n<li>najwy\u017cszej jako\u015bci sprz\u0119t sportowy,<\/li>\n<li>dost\u0119p do dedykowanej aplikacji ProTrainUp,<\/li>\n<li>udzia\u0142 w rozgrywkach organizowanych przez Polski Zwi\u0105zek Pi\u0142ki No\u017cnej, Ma\u0142opolski Zwi\u0105zek Pi\u0142ki No\u017cnej oraz Ma\u0142opolskie Zrzeszenie LZS<\/li>\n<li>udzia\u0142 w turniejach oraz sparingach organizowanych przez trener\u00f3w WLKS Krakus,<\/li>\n<li>ubezpieczenie NNW.<\/li>\n<\/ul>\t\t\t\t\t\t<\/div>\n\t\t\t\t<\/div>\n\t\t\t\t\t<\/div>\n\t\t<\/div>\n\t\t\t\t\t\t\t<\/div>\n\t\t<\/section>\n\t\t\t\t\t<\/div>\n\t\t<\/div>\n\t\t\t\t\t\t\t<\/div>\n\t\t<\/section>\n\t\t\t\t<section class=\"elementor-section elementor-top-section elementor-element elementor-element-322167c elementor-section-boxed elementor-section-height-default elementor-section-height-default\" data-id=\"322167c\" data-element_type=\"section\">\n\t\t\t\t\t\t<div class=\"elementor-container elementor-column-gap-default\">\n\t\t\t\t\t<div class=\"elementor-column elementor-col-100 elementor-top-column elementor-element elementor-element-9fdb611\" data-id=\"9fdb611\" data-element_type=\"column\">\n\t\t\t<div class=\"elementor-widget-wrap\">\n\t\t\t\t\t\t\t\t\t<\/div>\n\t\t<\/div>\n\t\t\t\t\t\t\t<\/div>\n\t\t<\/section>\n\t\t\t\t\t\t\t<\/div>\n\t\t","protected":false},"excerpt":{"rendered":"<p>P\u0141ATNO\u015aCI SK\u0141ADKA CZ\u0141ONKOWSKA W SEZONIE 2025\/26: 180 z\u0142 miesi\u0119cznie za Zawodnika ucz\u0119szczaj\u0105cego na zaj\u0119cia Sekcji Pi\u0142ki No\u017cnej 260 z\u0142 miesi\u0119cznie dla Rodze\u0144stwa ucz\u0119szczaj\u0105cego na zaj\u0119cia Sekcji Pi\u0142ki No\u017cnej Sk\u0142adka obowi\u0105zuje od sierpnia 2025 do czerwca 2026 i ma form\u0119 zrycza\u0142towan\u0105, tj. nie zale\u017cy od ilo\u015bci zaj\u0119\u0107 w danym miesi\u0105cu oraz obecno\u015bci dziecka. W przypadku rezygnacji &hellip;<\/p>\n<p class=\"read-more\"> <a class=\"\" href=\"https:\/\/wlkskrakus.pl\/pilka\/platnosci\/\"> <span class=\"screen-reader-text\">P\u0142atno\u015bci<\/span> Read More \u00bb<\/a><\/p>\n","protected":false},"author":2,"featured_media":0,"parent":0,"menu_order":0,"comment_status":"closed","ping_status":"closed","template":"","meta":{"site-sidebar-layout":"no-sidebar","site-content-layout":"page-builder","ast-global-header-display":"","ast-main-header-display":"","ast-hfb-above-header-display":"","ast-hfb-below-header-display":"","ast-hfb-mobile-header-display":"","site-post-title":"disabled","ast-breadcrumbs-content":"","ast-featured-img":"disabled","footer-sml-layout":"","theme-transparent-header-meta":"default","adv-header-id-meta":"","stick-header-meta":"","header-above-stick-meta":"","header-main-stick-meta":"","header-below-stick-meta":"","footnotes":""},"class_list":["post-2228","page","type-page","status-publish","hentry"],"yoast_head":"<!-- This site is optimized with the Yoast SEO plugin v21.1 - https:\/\/yoast.com\/wordpress\/plugins\/seo\/ -->\n<title>P\u0142atno\u015bci - WLKS KRAKUS SWOSZOWICE<\/title>\n<meta name=\"robots\" content=\"index, follow, max-snippet:-1, max-image-preview:large, max-video-preview:-1\" \/>\n<link rel=\"canonical\" href=\"https:\/\/wlkskrakus.pl\/pilka\/platnosci\/\" \/>\n<meta property=\"og:locale\" content=\"pl_PL\" \/>\n<meta property=\"og:type\" content=\"article\" \/>\n<meta property=\"og:title\" content=\"P\u0142atno\u015bci - WLKS KRAKUS SWOSZOWICE\" \/>\n<meta property=\"og:description\" content=\"P\u0141ATNO\u015aCI SK\u0141ADKA CZ\u0141ONKOWSKA W SEZONIE 2025\/26: 180 z\u0142 miesi\u0119cznie za Zawodnika ucz\u0119szczaj\u0105cego na zaj\u0119cia Sekcji Pi\u0142ki No\u017cnej 260 z\u0142 miesi\u0119cznie dla Rodze\u0144stwa ucz\u0119szczaj\u0105cego na zaj\u0119cia Sekcji Pi\u0142ki No\u017cnej Sk\u0142adka obowi\u0105zuje od sierpnia 2025 do czerwca 2026 i ma form\u0119 zrycza\u0142towan\u0105, tj. nie zale\u017cy od ilo\u015bci zaj\u0119\u0107 w danym miesi\u0105cu oraz obecno\u015bci dziecka. W przypadku rezygnacji &hellip; P\u0142atno\u015bci Read More \u00bb\" \/>\n<meta property=\"og:url\" content=\"https:\/\/wlkskrakus.pl\/pilka\/platnosci\/\" \/>\n<meta property=\"og:site_name\" content=\"WLKS KRAKUS SWOSZOWICE\" \/>\n<meta property=\"article:modified_time\" content=\"2025-08-15T15:47:04+00:00\" \/>\n<meta name=\"twitter:card\" content=\"summary_large_image\" \/>\n<meta name=\"twitter:label1\" content=\"Szacowany czas czytania\" \/>\n\t<meta name=\"twitter:data1\" content=\"2 minuty\" \/>\n<script type=\"application\/ld+json\" class=\"yoast-schema-graph\">{\"@context\":\"https:\/\/schema.org\",\"@graph\":[{\"@type\":\"WebPage\",\"@id\":\"https:\/\/wlkskrakus.pl\/pilka\/platnosci\/\",\"url\":\"https:\/\/wlkskrakus.pl\/pilka\/platnosci\/\",\"name\":\"P\u0142atno\u015bci - WLKS KRAKUS SWOSZOWICE\",\"isPartOf\":{\"@id\":\"https:\/\/wlkskrakus.pl\/pilka\/#website\"},\"datePublished\":\"2023-05-22T13:35:58+00:00\",\"dateModified\":\"2025-08-15T15:47:04+00:00\",\"breadcrumb\":{\"@id\":\"https:\/\/wlkskrakus.pl\/pilka\/platnosci\/#breadcrumb\"},\"inLanguage\":\"pl-PL\",\"potentialAction\":[{\"@type\":\"ReadAction\",\"target\":[\"https:\/\/wlkskrakus.pl\/pilka\/platnosci\/\"]}]},{\"@type\":\"BreadcrumbList\",\"@id\":\"https:\/\/wlkskrakus.pl\/pilka\/platnosci\/#breadcrumb\",\"itemListElement\":[{\"@type\":\"ListItem\",\"position\":1,\"name\":\"Strona g\u0142\u00f3wna\",\"item\":\"https:\/\/wlkskrakus.pl\/pilka\/\"},{\"@type\":\"ListItem\",\"position\":2,\"name\":\"P\u0142atno\u015bci\"}]},{\"@type\":\"WebSite\",\"@id\":\"https:\/\/wlkskrakus.pl\/pilka\/#website\",\"url\":\"https:\/\/wlkskrakus.pl\/pilka\/\",\"name\":\"WLKS KRAKUS SWOSZOWICE\",\"description\":\"SEKCJA PI\u0141KI NO\u017bNEJ\",\"publisher\":{\"@id\":\"https:\/\/wlkskrakus.pl\/pilka\/#organization\"},\"potentialAction\":[{\"@type\":\"SearchAction\",\"target\":{\"@type\":\"EntryPoint\",\"urlTemplate\":\"https:\/\/wlkskrakus.pl\/pilka\/?s={search_term_string}\"},\"query-input\":\"required name=search_term_string\"}],\"inLanguage\":\"pl-PL\"},{\"@type\":\"Organization\",\"@id\":\"https:\/\/wlkskrakus.pl\/pilka\/#organization\",\"name\":\"WLKS KRAKUS SWOSZOWICE\",\"url\":\"https:\/\/wlkskrakus.pl\/pilka\/\",\"logo\":{\"@type\":\"ImageObject\",\"inLanguage\":\"pl-PL\",\"@id\":\"https:\/\/wlkskrakus.pl\/pilka\/#\/schema\/logo\/image\/\",\"url\":\"https:\/\/wlkskrakus.pl\/pilka\/wp-content\/uploads\/2023\/03\/cropped-logo.png\",\"contentUrl\":\"https:\/\/wlkskrakus.pl\/pilka\/wp-content\/uploads\/2023\/03\/cropped-logo.png\",\"width\":512,\"height\":512,\"caption\":\"WLKS KRAKUS SWOSZOWICE\"},\"image\":{\"@id\":\"https:\/\/wlkskrakus.pl\/pilka\/#\/schema\/logo\/image\/\"}}]}<\/script>\n<!-- \/ Yoast SEO plugin. -->","yoast_head_json":{"title":"P\u0142atno\u015bci - WLKS KRAKUS SWOSZOWICE","robots":{"index":"index","follow":"follow","max-snippet":"max-snippet:-1","max-image-preview":"max-image-preview:large","max-video-preview":"max-video-preview:-1"},"canonical":"https:\/\/wlkskrakus.pl\/pilka\/platnosci\/","og_locale":"pl_PL","og_type":"article","og_title":"P\u0142atno\u015bci - WLKS KRAKUS SWOSZOWICE","og_description":"P\u0141ATNO\u015aCI SK\u0141ADKA CZ\u0141ONKOWSKA W SEZONIE 2025\/26: 180 z\u0142 miesi\u0119cznie za Zawodnika ucz\u0119szczaj\u0105cego na zaj\u0119cia Sekcji Pi\u0142ki No\u017cnej 260 z\u0142 miesi\u0119cznie dla Rodze\u0144stwa ucz\u0119szczaj\u0105cego na zaj\u0119cia Sekcji Pi\u0142ki No\u017cnej Sk\u0142adka obowi\u0105zuje od sierpnia 2025 do czerwca 2026 i ma form\u0119 zrycza\u0142towan\u0105, tj. nie zale\u017cy od ilo\u015bci zaj\u0119\u0107 w danym miesi\u0105cu oraz obecno\u015bci dziecka. W przypadku rezygnacji &hellip; P\u0142atno\u015bci Read More \u00bb","og_url":"https:\/\/wlkskrakus.pl\/pilka\/platnosci\/","og_site_name":"WLKS KRAKUS SWOSZOWICE","article_modified_time":"2025-08-15T15:47:04+00:00","twitter_card":"summary_large_image","twitter_misc":{"Szacowany czas czytania":"2 minuty"},"schema":{"@context":"https:\/\/schema.org","@graph":[{"@type":"WebPage","@id":"https:\/\/wlkskrakus.pl\/pilka\/platnosci\/","url":"https:\/\/wlkskrakus.pl\/pilka\/platnosci\/","name":"P\u0142atno\u015bci - WLKS KRAKUS SWOSZOWICE","isPartOf":{"@id":"https:\/\/wlkskrakus.pl\/pilka\/#website"},"datePublished":"2023-05-22T13:35:58+00:00","dateModified":"2025-08-15T15:47:04+00:00","breadcrumb":{"@id":"https:\/\/wlkskrakus.pl\/pilka\/platnosci\/#breadcrumb"},"inLanguage":"pl-PL","potentialAction":[{"@type":"ReadAction","target":["https:\/\/wlkskrakus.pl\/pilka\/platnosci\/"]}]},{"@type":"BreadcrumbList","@id":"https:\/\/wlkskrakus.pl\/pilka\/platnosci\/#breadcrumb","itemListElement":[{"@type":"ListItem","position":1,"name":"Strona g\u0142\u00f3wna","item":"https:\/\/wlkskrakus.pl\/pilka\/"},{"@type":"ListItem","position":2,"name":"P\u0142atno\u015bci"}]},{"@type":"WebSite","@id":"https:\/\/wlkskrakus.pl\/pilka\/#website","url":"https:\/\/wlkskrakus.pl\/pilka\/","name":"WLKS KRAKUS SWOSZOWICE","description":"SEKCJA PI\u0141KI NO\u017bNEJ","publisher":{"@id":"https:\/\/wlkskrakus.pl\/pilka\/#organization"},"potentialAction":[{"@type":"SearchAction","target":{"@type":"EntryPoint","urlTemplate":"https:\/\/wlkskrakus.pl\/pilka\/?s={search_term_string}"},"query-input":"required name=search_term_string"}],"inLanguage":"pl-PL"},{"@type":"Organization","@id":"https:\/\/wlkskrakus.pl\/pilka\/#organization","name":"WLKS KRAKUS SWOSZOWICE","url":"https:\/\/wlkskrakus.pl\/pilka\/","logo":{"@type":"ImageObject","inLanguage":"pl-PL","@id":"https:\/\/wlkskrakus.pl\/pilka\/#\/schema\/logo\/image\/","url":"https:\/\/wlkskrakus.pl\/pilka\/wp-content\/uploads\/2023\/03\/cropped-logo.png","contentUrl":"https:\/\/wlkskrakus.pl\/pilka\/wp-content\/uploads\/2023\/03\/cropped-logo.png","width":512,"height":512,"caption":"WLKS KRAKUS SWOSZOWICE"},"image":{"@id":"https:\/\/wlkskrakus.pl\/pilka\/#\/schema\/logo\/image\/"}}]}},"_links":{"self":[{"href":"https:\/\/wlkskrakus.pl\/pilka\/wp-json\/wp\/v2\/pages\/2228","targetHints":{"allow":["GET"]}}],"collection":[{"href":"https:\/\/wlkskrakus.pl\/pilka\/wp-json\/wp\/v2\/pages"}],"about":[{"href":"https:\/\/wlkskrakus.pl\/pilka\/wp-json\/wp\/v2\/types\/page"}],"author":[{"embeddable":true,"href":"https:\/\/wlkskrakus.pl\/pilka\/wp-json\/wp\/v2\/users\/2"}],"replies":[{"embeddable":true,"href":"https:\/\/wlkskrakus.pl\/pilka\/wp-json\/wp\/v2\/comments?post=2228"}],"version-history":[{"count":30,"href":"https:\/\/wlkskrakus.pl\/pilka\/wp-json\/wp\/v2\/pages\/2228\/revisions"}],"predecessor-version":[{"id":19860,"href":"https:\/\/wlkskrakus.pl\/pilka\/wp-json\/wp\/v2\/pages\/2228\/revisions\/19860"}],"wp:attachment":[{"href":"https:\/\/wlkskrakus.pl\/pilka\/wp-json\/wp\/v2\/media?parent=2228"}],"curies":[{"name":"wp","href":"https:\/\/api.w.org\/{rel}","templated":true}]}}