{"id":2236,"date":"2023-05-22T15:38:36","date_gmt":"2023-05-22T13:38:36","guid":{"rendered":"https:\/\/wlks.krenet.pl\/pilka\/?page_id=2236"},"modified":"2026-03-29T17:19:59","modified_gmt":"2026-03-29T15:19:59","slug":"dokumenty","status":"publish","type":"page","link":"https:\/\/wlkskrakus.pl\/pilka\/dokumenty\/","title":{"rendered":"DOKUMENTY"},"content":{"rendered":"\t\t<div data-elementor-type=\"wp-post\" data-elementor-id=\"2236\" class=\"elementor elementor-2236\">\n\t\t\t\t\t\t\t\t\t<section class=\"elementor-section elementor-top-section elementor-element elementor-element-74ba2fac elementor-section-boxed elementor-section-height-default elementor-section-height-default\" data-id=\"74ba2fac\" data-element_type=\"section\" data-settings=\"{&quot;background_background&quot;:&quot;classic&quot;,&quot;shape_divider_bottom&quot;:&quot;triangle&quot;,&quot;shape_divider_bottom_negative&quot;:&quot;yes&quot;}\">\n\t\t\t\t\t\t\t<div class=\"elementor-background-overlay\"><\/div>\n\t\t\t\t\t\t<div class=\"elementor-shape elementor-shape-bottom\" data-negative=\"true\">\n\t\t\t<svg xmlns=\"http:\/\/www.w3.org\/2000\/svg\" viewBox=\"0 0 1000 100\" preserveAspectRatio=\"none\">\n\t<path class=\"elementor-shape-fill\" d=\"M500.2,94.7L0,0v100h1000V0L500.2,94.7z\"\/>\n<\/svg>\t\t<\/div>\n\t\t\t\t\t<div class=\"elementor-container elementor-column-gap-default\">\n\t\t\t\t\t<div class=\"elementor-column elementor-col-100 elementor-top-column elementor-element elementor-element-23262dea\" data-id=\"23262dea\" data-element_type=\"column\">\n\t\t\t<div class=\"elementor-widget-wrap elementor-element-populated\">\n\t\t\t\t\t\t\t\t<div class=\"elementor-element elementor-element-27af6558 elementor-widget elementor-widget-heading\" data-id=\"27af6558\" data-element_type=\"widget\" data-settings=\"{&quot;_animation&quot;:&quot;none&quot;}\" data-widget_type=\"heading.default\">\n\t\t\t\t<div class=\"elementor-widget-container\">\n\t\t\t<style>\/*! elementor - v3.15.0 - 20-08-2023 *\/\n.elementor-heading-title{padding:0;margin:0;line-height:1}.elementor-widget-heading .elementor-heading-title[class*=elementor-size-]>a{color:inherit;font-size:inherit;line-height:inherit}.elementor-widget-heading .elementor-heading-title.elementor-size-small{font-size:15px}.elementor-widget-heading .elementor-heading-title.elementor-size-medium{font-size:19px}.elementor-widget-heading .elementor-heading-title.elementor-size-large{font-size:29px}.elementor-widget-heading .elementor-heading-title.elementor-size-xl{font-size:39px}.elementor-widget-heading .elementor-heading-title.elementor-size-xxl{font-size:59px}<\/style><h1 class=\"elementor-heading-title elementor-size-default\">DOKUMENTY<\/h1>\t\t<\/div>\n\t\t\t\t<\/div>\n\t\t\t\t\t<\/div>\n\t\t<\/div>\n\t\t\t\t\t\t\t<\/div>\n\t\t<\/section>\n\t\t\t\t<section class=\"elementor-section elementor-top-section elementor-element elementor-element-8dc6205 elementor-reverse-mobile elementor-section-boxed elementor-section-height-default elementor-section-height-default\" data-id=\"8dc6205\" data-element_type=\"section\" data-settings=\"{&quot;background_background&quot;:&quot;classic&quot;}\">\n\t\t\t\t\t\t\t<div class=\"elementor-background-overlay\"><\/div>\n\t\t\t\t\t\t\t<div class=\"elementor-container elementor-column-gap-no\">\n\t\t\t\t\t<div class=\"elementor-column elementor-col-100 elementor-top-column elementor-element elementor-element-0b0aedc\" data-id=\"0b0aedc\" data-element_type=\"column\">\n\t\t\t<div class=\"elementor-widget-wrap elementor-element-populated\">\n\t\t\t\t\t\t\t\t<section class=\"elementor-section elementor-inner-section elementor-element elementor-element-6cad3d1 elementor-reverse-tablet elementor-section-boxed elementor-section-height-default elementor-section-height-default\" data-id=\"6cad3d1\" data-element_type=\"section\">\n\t\t\t\t\t\t<div class=\"elementor-container elementor-column-gap-default\">\n\t\t\t\t\t<div class=\"elementor-column elementor-col-100 elementor-inner-column elementor-element elementor-element-f5d6f1b\" data-id=\"f5d6f1b\" data-element_type=\"column\">\n\t\t\t<div class=\"elementor-widget-wrap elementor-element-populated\">\n\t\t\t\t\t\t\t\t<div class=\"elementor-element elementor-element-db2f4bf elementor-widget elementor-widget-heading\" data-id=\"db2f4bf\" data-element_type=\"widget\" data-widget_type=\"heading.default\">\n\t\t\t\t<div class=\"elementor-widget-container\">\n\t\t\t<h2 class=\"elementor-heading-title elementor-size-default\">DOKUMENTY DO POBRANIA<\/h2>\t\t<\/div>\n\t\t\t\t<\/div>\n\t\t\t\t<div class=\"elementor-element elementor-element-90971f3 elementor-widget elementor-widget-text-editor\" data-id=\"90971f3\" data-element_type=\"widget\" data-widget_type=\"text-editor.default\">\n\t\t\t\t<div class=\"elementor-widget-container\">\n\t\t\t<style>\/*! elementor - v3.15.0 - 20-08-2023 *\/\n.elementor-widget-text-editor.elementor-drop-cap-view-stacked .elementor-drop-cap{background-color:#69727d;color:#fff}.elementor-widget-text-editor.elementor-drop-cap-view-framed .elementor-drop-cap{color:#69727d;border:3px solid;background-color:transparent}.elementor-widget-text-editor:not(.elementor-drop-cap-view-default) .elementor-drop-cap{margin-top:8px}.elementor-widget-text-editor:not(.elementor-drop-cap-view-default) .elementor-drop-cap-letter{width:1em;height:1em}.elementor-widget-text-editor .elementor-drop-cap{float:left;text-align:center;line-height:1;font-size:50px}.elementor-widget-text-editor .elementor-drop-cap-letter{display:inline-block}<\/style>\t\t\t\t<h4><strong>OB\u00d3Z SPORTOWY GRO\u0143 2026:<\/strong><\/h4><h5><a href=\"https:\/\/wlkskrakus.pl\/pilka\/wp-content\/uploads\/2026\/03\/Regulamin-Obozu-Gron-01.08-08.08.2026.pdf\" target=\"_blank\" rel=\"noopener\">Regulamin Obozu Gro\u0144<\/a><\/h5><h5><a href=\"https:\/\/wlkskrakus.pl\/pilka\/wp-content\/uploads\/2026\/03\/Warunki-Uczestnictwa-Gron-01.08-08.08.2026.pdf\" target=\"_blank\" rel=\"noopener\">Warunki Uczestnictwa &#8211; Junior &amp; Trampkarz 2010-2013 (01.08-08.08.2026)<\/a><\/h5><h5><a href=\"https:\/\/wlkskrakus.pl\/pilka\/wp-content\/uploads\/2026\/03\/Karta-Kwalifikacyjna-Gron-01.08-08.08.2026.pdf\" target=\"_blank\" rel=\"noopener\">Karta Kwalifikacyjna &#8211; Junior &amp; Trampkarz 2010-2013 (01.08-08.08.2026)<\/a><\/h5><h5><a href=\"https:\/\/wlkskrakus.pl\/pilka\/wp-content\/uploads\/2026\/03\/Warunki-Uczestnictwa-Gron-08.08-15.08.2026.pdf\" target=\"_blank\" rel=\"noopener\">Warunki Uczestnictwa &#8211; M\u0142odzik &amp; Orlik 2014-2017 <\/a><a href=\"https:\/\/wlkskrakus.pl\/pilka\/wp-content\/uploads\/2026\/03\/Warunki-Uczestnictwa-Gron-08.08-15.08.2026.pdf\">(08.08-15.08.2026)<\/a><\/h5><h5><a href=\"https:\/\/wlkskrakus.pl\/pilka\/wp-content\/uploads\/2026\/03\/Karta-Kwalifikacyjna-Gron-08.08-15.08.2026.pdf\" target=\"_blank\" rel=\"noopener\">Karta Kwalifikacyjna &#8211; M\u0142odzik &amp; Orlik 2014-2017 (08.08-15.08.2026)<\/a><\/h5>\t\t\t\t\t\t<\/div>\n\t\t\t\t<\/div>\n\t\t\t\t\t<\/div>\n\t\t<\/div>\n\t\t\t\t\t\t\t<\/div>\n\t\t<\/section>\n\t\t\t\t\t<\/div>\n\t\t<\/div>\n\t\t\t\t\t\t\t<\/div>\n\t\t<\/section>\n\t\t\t\t\t\t\t<\/div>\n\t\t","protected":false},"excerpt":{"rendered":"<p>DOKUMENTY DOKUMENTY DO POBRANIA OB\u00d3Z SPORTOWY GRO\u0143 2026: Regulamin Obozu Gro\u0144 Warunki Uczestnictwa &#8211; Junior &amp; Trampkarz 2010-2013 (01.08-08.08.2026) Karta Kwalifikacyjna &#8211; Junior &amp; Trampkarz 2010-2013 (01.08-08.08.2026) Warunki Uczestnictwa &#8211; M\u0142odzik &amp; Orlik 2014-2017 (08.08-15.08.2026) Karta Kwalifikacyjna &#8211; M\u0142odzik &amp; Orlik 2014-2017 (08.08-15.08.2026)<\/p>\n","protected":false},"author":2,"featured_media":0,"parent":0,"menu_order":0,"comment_status":"closed","ping_status":"closed","template":"","meta":{"site-sidebar-layout":"no-sidebar","site-content-layout":"page-builder","ast-global-header-display":"","ast-main-header-display":"","ast-hfb-above-header-display":"","ast-hfb-below-header-display":"","ast-hfb-mobile-header-display":"","site-post-title":"disabled","ast-breadcrumbs-content":"","ast-featured-img":"disabled","footer-sml-layout":"","theme-transparent-header-meta":"default","adv-header-id-meta":"","stick-header-meta":"","header-above-stick-meta":"","header-main-stick-meta":"","header-below-stick-meta":"","footnotes":""},"class_list":["post-2236","page","type-page","status-publish","hentry"],"yoast_head":"<!-- This site is optimized with the Yoast SEO plugin v21.1 - https:\/\/yoast.com\/wordpress\/plugins\/seo\/ -->\n<title>DOKUMENTY - WLKS KRAKUS SWOSZOWICE<\/title>\n<meta name=\"robots\" content=\"index, follow, max-snippet:-1, max-image-preview:large, max-video-preview:-1\" \/>\n<link rel=\"canonical\" href=\"https:\/\/wlkskrakus.pl\/pilka\/dokumenty\/\" \/>\n<meta property=\"og:locale\" content=\"pl_PL\" \/>\n<meta property=\"og:type\" content=\"article\" \/>\n<meta property=\"og:title\" content=\"DOKUMENTY - WLKS KRAKUS SWOSZOWICE\" \/>\n<meta property=\"og:description\" content=\"DOKUMENTY DOKUMENTY DO POBRANIA OB\u00d3Z SPORTOWY GRO\u0143 2026: Regulamin Obozu Gro\u0144 Warunki Uczestnictwa &#8211; Junior &amp; Trampkarz 2010-2013 (01.08-08.08.2026) Karta Kwalifikacyjna &#8211; Junior &amp; Trampkarz 2010-2013 (01.08-08.08.2026) Warunki Uczestnictwa &#8211; M\u0142odzik &amp; Orlik 2014-2017 (08.08-15.08.2026) Karta Kwalifikacyjna &#8211; M\u0142odzik &amp; Orlik 2014-2017 (08.08-15.08.2026)\" \/>\n<meta property=\"og:url\" content=\"https:\/\/wlkskrakus.pl\/pilka\/dokumenty\/\" \/>\n<meta property=\"og:site_name\" content=\"WLKS KRAKUS SWOSZOWICE\" \/>\n<meta property=\"article:modified_time\" content=\"2026-03-29T15:19:59+00:00\" \/>\n<meta name=\"twitter:card\" content=\"summary_large_image\" \/>\n<meta name=\"twitter:label1\" content=\"Szacowany czas czytania\" \/>\n\t<meta name=\"twitter:data1\" content=\"1 minuta\" \/>\n<script type=\"application\/ld+json\" class=\"yoast-schema-graph\">{\"@context\":\"https:\/\/schema.org\",\"@graph\":[{\"@type\":\"WebPage\",\"@id\":\"https:\/\/wlkskrakus.pl\/pilka\/dokumenty\/\",\"url\":\"https:\/\/wlkskrakus.pl\/pilka\/dokumenty\/\",\"name\":\"DOKUMENTY - WLKS KRAKUS SWOSZOWICE\",\"isPartOf\":{\"@id\":\"https:\/\/wlkskrakus.pl\/pilka\/#website\"},\"datePublished\":\"2023-05-22T13:38:36+00:00\",\"dateModified\":\"2026-03-29T15:19:59+00:00\",\"breadcrumb\":{\"@id\":\"https:\/\/wlkskrakus.pl\/pilka\/dokumenty\/#breadcrumb\"},\"inLanguage\":\"pl-PL\",\"potentialAction\":[{\"@type\":\"ReadAction\",\"target\":[\"https:\/\/wlkskrakus.pl\/pilka\/dokumenty\/\"]}]},{\"@type\":\"BreadcrumbList\",\"@id\":\"https:\/\/wlkskrakus.pl\/pilka\/dokumenty\/#breadcrumb\",\"itemListElement\":[{\"@type\":\"ListItem\",\"position\":1,\"name\":\"Strona g\u0142\u00f3wna\",\"item\":\"https:\/\/wlkskrakus.pl\/pilka\/\"},{\"@type\":\"ListItem\",\"position\":2,\"name\":\"DOKUMENTY\"}]},{\"@type\":\"WebSite\",\"@id\":\"https:\/\/wlkskrakus.pl\/pilka\/#website\",\"url\":\"https:\/\/wlkskrakus.pl\/pilka\/\",\"name\":\"WLKS KRAKUS SWOSZOWICE\",\"description\":\"SEKCJA PI\u0141KI NO\u017bNEJ\",\"publisher\":{\"@id\":\"https:\/\/wlkskrakus.pl\/pilka\/#organization\"},\"potentialAction\":[{\"@type\":\"SearchAction\",\"target\":{\"@type\":\"EntryPoint\",\"urlTemplate\":\"https:\/\/wlkskrakus.pl\/pilka\/?s={search_term_string}\"},\"query-input\":\"required name=search_term_string\"}],\"inLanguage\":\"pl-PL\"},{\"@type\":\"Organization\",\"@id\":\"https:\/\/wlkskrakus.pl\/pilka\/#organization\",\"name\":\"WLKS KRAKUS SWOSZOWICE\",\"url\":\"https:\/\/wlkskrakus.pl\/pilka\/\",\"logo\":{\"@type\":\"ImageObject\",\"inLanguage\":\"pl-PL\",\"@id\":\"https:\/\/wlkskrakus.pl\/pilka\/#\/schema\/logo\/image\/\",\"url\":\"https:\/\/wlkskrakus.pl\/pilka\/wp-content\/uploads\/2023\/03\/cropped-logo.png\",\"contentUrl\":\"https:\/\/wlkskrakus.pl\/pilka\/wp-content\/uploads\/2023\/03\/cropped-logo.png\",\"width\":512,\"height\":512,\"caption\":\"WLKS KRAKUS SWOSZOWICE\"},\"image\":{\"@id\":\"https:\/\/wlkskrakus.pl\/pilka\/#\/schema\/logo\/image\/\"}}]}<\/script>\n<!-- \/ Yoast SEO plugin. -->","yoast_head_json":{"title":"DOKUMENTY - WLKS KRAKUS SWOSZOWICE","robots":{"index":"index","follow":"follow","max-snippet":"max-snippet:-1","max-image-preview":"max-image-preview:large","max-video-preview":"max-video-preview:-1"},"canonical":"https:\/\/wlkskrakus.pl\/pilka\/dokumenty\/","og_locale":"pl_PL","og_type":"article","og_title":"DOKUMENTY - WLKS KRAKUS SWOSZOWICE","og_description":"DOKUMENTY DOKUMENTY DO POBRANIA OB\u00d3Z SPORTOWY GRO\u0143 2026: Regulamin Obozu Gro\u0144 Warunki Uczestnictwa &#8211; Junior &amp; Trampkarz 2010-2013 (01.08-08.08.2026) Karta Kwalifikacyjna &#8211; Junior &amp; Trampkarz 2010-2013 (01.08-08.08.2026) Warunki Uczestnictwa &#8211; M\u0142odzik &amp; Orlik 2014-2017 (08.08-15.08.2026) Karta Kwalifikacyjna &#8211; M\u0142odzik &amp; Orlik 2014-2017 (08.08-15.08.2026)","og_url":"https:\/\/wlkskrakus.pl\/pilka\/dokumenty\/","og_site_name":"WLKS KRAKUS SWOSZOWICE","article_modified_time":"2026-03-29T15:19:59+00:00","twitter_card":"summary_large_image","twitter_misc":{"Szacowany czas czytania":"1 minuta"},"schema":{"@context":"https:\/\/schema.org","@graph":[{"@type":"WebPage","@id":"https:\/\/wlkskrakus.pl\/pilka\/dokumenty\/","url":"https:\/\/wlkskrakus.pl\/pilka\/dokumenty\/","name":"DOKUMENTY - WLKS KRAKUS SWOSZOWICE","isPartOf":{"@id":"https:\/\/wlkskrakus.pl\/pilka\/#website"},"datePublished":"2023-05-22T13:38:36+00:00","dateModified":"2026-03-29T15:19:59+00:00","breadcrumb":{"@id":"https:\/\/wlkskrakus.pl\/pilka\/dokumenty\/#breadcrumb"},"inLanguage":"pl-PL","potentialAction":[{"@type":"ReadAction","target":["https:\/\/wlkskrakus.pl\/pilka\/dokumenty\/"]}]},{"@type":"BreadcrumbList","@id":"https:\/\/wlkskrakus.pl\/pilka\/dokumenty\/#breadcrumb","itemListElement":[{"@type":"ListItem","position":1,"name":"Strona g\u0142\u00f3wna","item":"https:\/\/wlkskrakus.pl\/pilka\/"},{"@type":"ListItem","position":2,"name":"DOKUMENTY"}]},{"@type":"WebSite","@id":"https:\/\/wlkskrakus.pl\/pilka\/#website","url":"https:\/\/wlkskrakus.pl\/pilka\/","name":"WLKS KRAKUS SWOSZOWICE","description":"SEKCJA PI\u0141KI NO\u017bNEJ","publisher":{"@id":"https:\/\/wlkskrakus.pl\/pilka\/#organization"},"potentialAction":[{"@type":"SearchAction","target":{"@type":"EntryPoint","urlTemplate":"https:\/\/wlkskrakus.pl\/pilka\/?s={search_term_string}"},"query-input":"required name=search_term_string"}],"inLanguage":"pl-PL"},{"@type":"Organization","@id":"https:\/\/wlkskrakus.pl\/pilka\/#organization","name":"WLKS KRAKUS SWOSZOWICE","url":"https:\/\/wlkskrakus.pl\/pilka\/","logo":{"@type":"ImageObject","inLanguage":"pl-PL","@id":"https:\/\/wlkskrakus.pl\/pilka\/#\/schema\/logo\/image\/","url":"https:\/\/wlkskrakus.pl\/pilka\/wp-content\/uploads\/2023\/03\/cropped-logo.png","contentUrl":"https:\/\/wlkskrakus.pl\/pilka\/wp-content\/uploads\/2023\/03\/cropped-logo.png","width":512,"height":512,"caption":"WLKS KRAKUS SWOSZOWICE"},"image":{"@id":"https:\/\/wlkskrakus.pl\/pilka\/#\/schema\/logo\/image\/"}}]}},"_links":{"self":[{"href":"https:\/\/wlkskrakus.pl\/pilka\/wp-json\/wp\/v2\/pages\/2236","targetHints":{"allow":["GET"]}}],"collection":[{"href":"https:\/\/wlkskrakus.pl\/pilka\/wp-json\/wp\/v2\/pages"}],"about":[{"href":"https:\/\/wlkskrakus.pl\/pilka\/wp-json\/wp\/v2\/types\/page"}],"author":[{"embeddable":true,"href":"https:\/\/wlkskrakus.pl\/pilka\/wp-json\/wp\/v2\/users\/2"}],"replies":[{"embeddable":true,"href":"https:\/\/wlkskrakus.pl\/pilka\/wp-json\/wp\/v2\/comments?post=2236"}],"version-history":[{"count":10,"href":"https:\/\/wlkskrakus.pl\/pilka\/wp-json\/wp\/v2\/pages\/2236\/revisions"}],"predecessor-version":[{"id":20012,"href":"https:\/\/wlkskrakus.pl\/pilka\/wp-json\/wp\/v2\/pages\/2236\/revisions\/20012"}],"wp:attachment":[{"href":"https:\/\/wlkskrakus.pl\/pilka\/wp-json\/wp\/v2\/media?parent=2236"}],"curies":[{"name":"wp","href":"https:\/\/api.w.org\/{rel}","templated":true}]}}